{"id":1021,"date":"2012-04-24T00:49:56","date_gmt":"2012-04-24T00:49:56","guid":{"rendered":"http:\/\/muralimport.unispheredesign.com\/?page_id=1021"},"modified":"2025-01-07T10:39:40","modified_gmt":"2025-01-07T10:39:40","slug":"home-example-2","status":"publish","type":"page","link":"https:\/\/impulzus-pszichologia.hu\/","title":{"rendered":"IMPULZUS \u2013 PSZICHOL\u00d3GIAI TANULM\u00c1NYOK"},"content":{"rendered":"<p><strong>(2014 \u00e9s 2024 k\u00f6z\u00f6tt: Impulzus Szegedi pszichol\u00f3giai Tanulm\u00e1nyok)<\/strong><\/p>\n<h1>DI\u00c1KSZERZ\u0150K PUBLIK\u00c1CI\u00d3S F\u00d3RUMA<\/h1>\n<p><b>Az IMPULZUS \u2013 Pszichol\u00f3giai Tanulm\u00e1nyok egyetemk\u00f6zi szabad hozz\u00e1f\u00e9r\u00e9s\u0171 elektronikus kiadv\u00e1ny<\/b>.\u00a0C\u00e9lja az, hogy f\u00f3rumot teremtsen a magyar fels\u0151oktat\u00e1sban r\u00e9sztvev\u0151 pszichol\u00f3gus\u00a0hallgat\u00f3k magas sz\u00ednvonal\u00fa tudom\u00e1nyos munk\u00e1inak bemutat\u00e1s\u00e1ra, a pszichol\u00f3gia\u00a0b\u00e1rmely ter\u00fclet\u00e9r\u0151l \u00e9s hat\u00e1rter\u00fclet\u00e9r\u0151l, \u00edgy seg\u00edtve a tudom\u00e1nyos publik\u00e1l\u00e1s\u00a0gyakorlat\u00e1nak elsaj\u00e1t\u00edt\u00e1s\u00e1t. Empirikus \u00e9s elm\u00e9leti \u2013 \u00e1ttekint\u0151 jelleg\u0171 munk\u00e1kat\u00a0egyar\u00e1nt v\u00e1runk. K\u00e9ziratokat elfogadunk BA, MA \u00e9s Ph.D. szint\u0171 tanulm\u00e1nyokat folytat\u00f3 szerz\u0151kt\u0151l. A kiadv\u00e1ny \u00e9vente egyszer jelenik meg. A k\u00e9ziratokat anonim b\u00edr\u00e1lati\u00a0elj\u00e1r\u00e1s al\u00e1 vetj\u00fck. Az IMPULZUS Pszichol\u00f3giai Tanulm\u00e1nyok a 2004-t\u0151l 2013-ig\u00a0nyomtat\u00e1sban megjelent\u00a0<i>Szegedi Pszichol\u00f3giai Tanulm\u00e1nyok<\/i>, illetve a 2014 \u00e9s 2024 k\u00f6z\u00f6tt\u00a0<i>IMPULZUS \u2013 Szegedi Pszichol\u00f3giai Tanulm\u00e1nyok<\/i>\u00a0ut\u00f3dkiadv\u00e1nyak\u00e9nt\u00a0jelenik meg.<\/p>\n<h3>A k\u00f6vetkez\u0151 sz\u00e1mhoz <strong>2024.<\/strong> <b>j\u00fanius 15-ig v\u00e1runk k\u00e9ziratokat<\/b>!<\/h3>\n<hr \/>\n<h2><strong>Arch\u00edvum<\/strong><\/h2>\n\n\n<div class=\"wp-block-columns is-layout-flex wp-container-core-columns-layout-1 wp-block-columns-is-layout-flex\">\n<div class=\"wp-block-column is-layout-flow wp-block-column-is-layout-flow\">\n<h3>11. \u00e9vfolyam, 1. sz\u00e1m, 2024 december<\/h3>\n<p><a href=\"https:\/\/www.impulzus-pszichologia.hu\/?page_id=2269\"><img decoding=\"async\" src=\"https:\/\/impulzus-pszichologia.hu\/wp-content\/uploads\/2025\/01\/2024-cimoldal.png\" width=\"300\" \/><\/a><\/p>\n<\/div>\n\n\n\n<div class=\"wp-block-column is-layout-flow wp-block-column-is-layout-flow\">\n<h3>Kor\u00e1bbi kiadv\u00e1nyaink<\/h3>\n<ul>\n<li><a href=\"https:\/\/impulzus-pszichologia.hu\/?page_id=2165\">10. \u00e9vf. 1. sz. 2023 december<\/a> (Teljes tartalom online.)<\/li>\n<li><a href=\"http:\/\/www.impulzus-pszichologia.hu\/?page_id=2095\">9. \u00e9vf. 1. sz. 2022 december<\/a> (Teljes tartalom online.)<\/li>\n<li><a href=\"http:\/\/www.impulzus-pszichologia.hu\/?page_id=2045\">8. \u00e9vf. 1. sz. 2021 december<\/a> (Teljes tartalom online.)<\/li>\n<li><a href=\"http:\/\/www.impulzus-pszichologia.hu\/?page_id=1999\">6-7. \u00e9vf. 1. sz. 2020 november<\/a> (Teljes tartalom online.)<\/li>\n<li><a href=\"http:\/\/www.impulzus-pszichologia.hu\/?page_id=1952\">5. \u00e9vf. 1. sz. 2018 november<\/a> (Teljes tartalom online.)<\/li>\n<li><a href=\"http:\/\/www.impulzus-pszichologia.hu\/?page_id=1894\">4. \u00e9vf. 1. sz. 2017 november<\/a> (Teljes tartalom online.)<\/li>\n<li><a href=\"http:\/\/www.impulzus-pszichologia.hu\/?page_id=1851\">3. \u00e9vf. 1. sz. 2016 szeptember<\/a> (Teljes tartalom online.)<\/li>\n<li><a href=\"http:\/\/www.impulzus-pszichologia.hu\/?page_id=1791\">2. \u00e9vf. 1. sz. 2015 szeptember<\/a> (Teljes tartalom online.)<\/li>\n<li><a href=\"http:\/\/www.impulzus-pszichologia.hu\/?page_id=1675\">1. \u00e9vf. 1. sz. 2014 szeptember<\/a> (Teljes tartalom online.)<\/li>\n<li><a href=\"http:\/\/www.impulzus-pszichologia.hu\/?portfolio_cpt=2013-2\">2013<\/a> (Tartalomjegyz\u00e9k) (Csak nyomtatott form\u00e1ban jelent meg.)<\/li>\n<li><a href=\"http:\/\/www.impulzus-pszichologia.hu\/?portfolio_cpt=2010\">2010<\/a> (Tartalomjegyz\u00e9k) (Csak nyomtatott form\u00e1ban jelent meg.)<\/li>\n<li><a href=\"http:\/\/www.impulzus-pszichologia.hu\/?portfolio_cpt=2006\">2006<\/a> (Tartalomjegyz\u00e9k) (Csak nyomtatott form\u00e1ban jelent meg.)<\/li>\n<\/ul>\n<\/div>\n<\/div>\n","protected":false},"excerpt":{"rendered":"<p>(2014 \u00e9s 2024 k\u00f6z\u00f6tt: Impulzus Szegedi pszichol\u00f3giai Tanulm\u00e1nyok) DI\u00c1KSZERZ\u0150K PUBLIK\u00c1CI\u00d3S F\u00d3RUMA Az IMPULZUS \u2013 Pszichol\u00f3giai Tanulm\u00e1nyok egyetemk\u00f6zi szabad hozz\u00e1f\u00e9r\u00e9s\u0171 elektronikus kiadv\u00e1ny.\u00a0C\u00e9lja az, hogy f\u00f3rumot teremtsen a magyar fels\u0151oktat\u00e1sban r\u00e9sztvev\u0151 pszichol\u00f3gus\u00a0hallgat\u00f3k magas sz\u00ednvonal\u00fa tudom\u00e1nyos munk\u00e1inak bemutat\u00e1s\u00e1ra, a pszichol\u00f3gia\u00a0b\u00e1rmely ter\u00fclet\u00e9r\u0151l \u00e9s hat\u00e1rter\u00fclet\u00e9r\u0151l, \u00edgy seg\u00edtve a tudom\u00e1nyos publik\u00e1l\u00e1s\u00a0gyakorlat\u00e1nak elsaj\u00e1t\u00edt\u00e1s\u00e1t. Empirikus \u00e9s elm\u00e9leti \u2013 \u00e1ttekint\u0151 jelleg\u0171 munk\u00e1kat\u00a0egyar\u00e1nt v\u00e1runk. K\u00e9ziratokat [&hellip;]<\/p>\n","protected":false},"author":1,"featured_media":0,"parent":1323,"menu_order":2,"comment_status":"closed","ping_status":"closed","template":"template_fullwidth.php","meta":{"footnotes":""},"_links":{"self":[{"href":"https:\/\/impulzus-pszichologia.hu\/index.php?rest_route=\/wp\/v2\/pages\/1021"}],"collection":[{"href":"https:\/\/impulzus-pszichologia.hu\/index.php?rest_route=\/wp\/v2\/pages"}],"about":[{"href":"https:\/\/impulzus-pszichologia.hu\/index.php?rest_route=\/wp\/v2\/types\/page"}],"author":[{"embeddable":true,"href":"https:\/\/impulzus-pszichologia.hu\/index.php?rest_route=\/wp\/v2\/users\/1"}],"replies":[{"embeddable":true,"href":"https:\/\/impulzus-pszichologia.hu\/index.php?rest_route=%2Fwp%2Fv2%2Fcomments&post=1021"}],"version-history":[{"count":45,"href":"https:\/\/impulzus-pszichologia.hu\/index.php?rest_route=\/wp\/v2\/pages\/1021\/revisions"}],"predecessor-version":[{"id":2310,"href":"https:\/\/impulzus-pszichologia.hu\/index.php?rest_route=\/wp\/v2\/pages\/1021\/revisions\/2310"}],"up":[{"embeddable":true,"href":"https:\/\/impulzus-pszichologia.hu\/index.php?rest_route=\/wp\/v2\/pages\/1323"}],"wp:attachment":[{"href":"https:\/\/impulzus-pszichologia.hu\/index.php?rest_route=%2Fwp%2Fv2%2Fmedia&parent=1021"}],"curies":[{"name":"wp","href":"https:\/\/api.w.org\/{rel}","templated":true}]}}