{"id":1378,"date":"2013-07-14T17:38:23","date_gmt":"2013-07-14T17:38:23","guid":{"rendered":"http:\/\/americanaejournal.hu\/psychobook\/?page_id=1378"},"modified":"2025-01-07T10:42:05","modified_gmt":"2025-01-07T10:42:05","slug":"konyveink","status":"publish","type":"page","link":"https:\/\/impulzus-pszichologia.hu\/?page_id=1378","title":{"rendered":"Arch\u00edvum"},"content":{"rendered":"<h3>Legfrissebb kiadv\u00e1nyunk<\/h3>\n<p><a href=\"https:\/\/impulzus-pszichologia.hu\/?page_id=2269\" rel=\"https:\/\/impulzus-pszichologia.hu\/?page_id=2269\"><img loading=\"lazy\" decoding=\"async\" class=\"alignnone wp-image-2268 size-medium\" src=\"https:\/\/impulzus-pszichologia.hu\/wp-content\/uploads\/2025\/01\/2024-cimoldal-222x300.png\" alt=\"\" width=\"222\" height=\"300\" srcset=\"https:\/\/impulzus-pszichologia.hu\/wp-content\/uploads\/2025\/01\/2024-cimoldal-222x300.png 222w, https:\/\/impulzus-pszichologia.hu\/wp-content\/uploads\/2025\/01\/2024-cimoldal.png 722w\" sizes=\"(max-width: 222px) 100vw, 222px\" \/><\/a><br \/>\n<strong><a href=\"https:\/\/impulzus-pszichologia.hu\/?page_id=2269\">2024 december<\/a><br \/>\n<\/strong><br \/>\n<strong><a href=\"https:\/\/www.impulzus-pszichologia.hu\/?page_id=2165\">2023 december<\/a><br \/>\n<\/strong><strong><a href=\"http:\/\/www.impulzus-pszichologia.hu\/?page_id=2095\">2022 december<\/a><\/strong><br \/>\n<strong><a href=\"http:\/\/www.impulzus-pszichologia.hu\/?page_id=2045\">2021 december<\/a><\/strong><br \/>\n<strong><a href=\"http:\/\/www.impulzus-pszichologia.hu\/?page_id=1999\">2020 november<\/a><\/strong><br \/>\n<strong><a href=\"http:\/\/www.impulzus-pszichologia.hu\/?page_id=1952\">2018 november<\/a><\/strong><br \/>\n<strong><a href=\"http:\/\/www.impulzus-pszichologia.hu\/?page_id=1894\">2017 november<\/a><\/strong><br \/>\n<strong><a href=\"http:\/\/www.impulzus-pszichologia.hu\/?page_id=1851\">2016 szeptember<\/a><\/strong><br \/>\n<strong><a href=\"http:\/\/www.impulzus-pszichologia.hu\/?page_id=1791\">2015 szeptember<\/a><\/strong><br \/>\n<strong><a href=\"http:\/\/www.impulzus-pszichologia.hu\/?page_id=1675\">2014 szeptember<\/a><\/strong><\/p>\n<div style=\"clear: both;\"><\/div>\n<hr \/>\n<h3>Kor\u00e1bbi kiadv\u00e1nyaink<\/h3>\n<p>(Csak nyomtatott form\u00e1ban jelentek meg.)<\/p>\n<p><a href=\"http:\/\/www.impulzus-pszichologia.hu\/?portfolio_cpt=2013-2\">2013<\/a> (Tartalomjegyz\u00e9k)<br \/>\n<a href=\"http:\/\/www.impulzus-pszichologia.hu\/?portfolio_cpt=2010\">2010<\/a> (Tartalomjegyz\u00e9k)<br \/>\n<a href=\"http:\/\/www.impulzus-pszichologia.hu\/?portfolio_cpt=2006\">2006<\/a> (Tartalomjegyz\u00e9k)<\/p>\n","protected":false},"excerpt":{"rendered":"<p>Legfrissebb kiadv\u00e1nyunk 2024 december 2023 december 2022 december 2021 december 2020 november 2018 november 2017 november 2016 szeptember 2015 szeptember 2014 szeptember Kor\u00e1bbi kiadv\u00e1nyaink (Csak nyomtatott form\u00e1ban jelentek meg.) 2013 (Tartalomjegyz\u00e9k) 2010 (Tartalomjegyz\u00e9k) 2006 (Tartalomjegyz\u00e9k)<\/p>\n","protected":false},"author":1,"featured_media":0,"parent":0,"menu_order":0,"comment_status":"closed","ping_status":"open","template":"template_fullwidth.php","meta":{"footnotes":""},"_links":{"self":[{"href":"https:\/\/impulzus-pszichologia.hu\/index.php?rest_route=\/wp\/v2\/pages\/1378"}],"collection":[{"href":"https:\/\/impulzus-pszichologia.hu\/index.php?rest_route=\/wp\/v2\/pages"}],"about":[{"href":"https:\/\/impulzus-pszichologia.hu\/index.php?rest_route=\/wp\/v2\/types\/page"}],"author":[{"embeddable":true,"href":"https:\/\/impulzus-pszichologia.hu\/index.php?rest_route=\/wp\/v2\/users\/1"}],"replies":[{"embeddable":true,"href":"https:\/\/impulzus-pszichologia.hu\/index.php?rest_route=%2Fwp%2Fv2%2Fcomments&post=1378"}],"version-history":[{"count":19,"href":"https:\/\/impulzus-pszichologia.hu\/index.php?rest_route=\/wp\/v2\/pages\/1378\/revisions"}],"predecessor-version":[{"id":2313,"href":"https:\/\/impulzus-pszichologia.hu\/index.php?rest_route=\/wp\/v2\/pages\/1378\/revisions\/2313"}],"wp:attachment":[{"href":"https:\/\/impulzus-pszichologia.hu\/index.php?rest_route=%2Fwp%2Fv2%2Fmedia&parent=1378"}],"curies":[{"name":"wp","href":"https:\/\/api.w.org\/{rel}","templated":true}]}}