{"id":1594,"date":"2013-07-17T07:04:02","date_gmt":"2013-07-17T07:04:02","guid":{"rendered":"http:\/\/americanaejournal.hu\/psychobook\/?page_id=1594"},"modified":"2024-04-30T12:28:03","modified_gmt":"2024-04-30T12:28:03","slug":"szerzoinknek","status":"publish","type":"page","link":"https:\/\/impulzus-pszichologia.hu\/?page_id=1594","title":{"rendered":"Szerz\u0151inknek"},"content":{"rendered":"<p>1.\u00a0<a href=\"https:\/\/impulzus-pszichologia.hu\/wp-content\/uploads\/2024\/04\/1.-Level-leendo-szerzoinknek-2024.docx\">Lev\u00e9l leend\u0151 szerz\u0151inknek<\/a><\/p>\n<p>2. A k\u00e9zirat szerkeszt\u00e9s\u00e9re vonatkoz\u00f3 \u00fatmutat\u00f3 <a href=\"https:\/\/impulzus-pszichologia.hu\/wp-content\/uploads\/2024\/04\/2.-Szerkesztesi-utmutato-2024.docx\">itt el\u00e9rhet\u0151<\/a>.<\/p>\n<p>3. A k\u00e9zirat beny\u00fajt\u00e1s\u00e1ra vonatkoz\u00f3 \u00fatmutat\u00f3 <a href=\"https:\/\/impulzus-pszichologia.hu\/wp-content\/uploads\/2024\/04\/3.-Benyujtasi-utmutato-2024.docx\">itt el\u00e9rhet\u0151<\/a>.<\/p>\n<p>4. Egy\u00e9b seg\u00e9dletek:<\/p>\n<p style=\"padding-left: 30px;\">5.a. K\u00eds\u00e9r\u0151 lev\u00e9l minta\u00a0<a href=\"https:\/\/impulzus-pszichologia.hu\/wp-content\/uploads\/2024\/04\/4.-Kiserolevel-minta-2024.docx\">itt<\/a><\/p>\n<p style=\"padding-left: 30px;\">5.b. \u00datmutat\u00f3 empirikus k\u00e9zirathoz\u00a0<a href=\"http:\/\/www.impulzus-pszichologia.hu\/wp-content\/uploads\/2013\/07\/5.2.-U_TMUTATO_-emp..doc\">itt<\/a><\/p>\n<p style=\"padding-left: 30px;\">5.c. \u00datmutat\u00f3 elm\u00e9leti k\u00e9zirathoz\u00a0<a href=\"http:\/\/www.impulzus-pszichologia.hu\/wp-content\/uploads\/2013\/07\/5.3.-U_TMUTATO_-elme_leti-.docx\">itt<\/a><\/p>\n<p style=\"padding-left: 30px;\">5.d. St\u00edlus \u00e9s sz\u00f6vegmin\u0151s\u00e9g\u00a0<a href=\"http:\/\/www.impulzus-pszichologia.hu\/wp-content\/uploads\/2013\/07\/5.7.-STI_LUS-SZO_VEGMINO_SE_G-.doc\">itt<\/a><\/p>\n<p style=\"padding-left: 30px;\">5.e. Hivatkoz\u00e1si \u00fatmutat\u00f3\u00a0<a href=\"http:\/\/www.impulzus-pszichologia.hu\/wp-content\/uploads\/2013\/07\/5.6.-HIVATKOZA_SI-u_tmutato_.doc\">itt<\/a><\/p>\n<p style=\"padding-left: 30px;\">5.d. \u00d6nellen\u0151rz\u0151 k\u00e9rd\u00e9sek\u00a0<a href=\"http:\/\/www.impulzus-pszichologia.hu\/wp-content\/uploads\/2013\/07\/5.5.-ELLENO_RZO_KE_RDE_SEK-elm..docx\">itt<\/a><\/p>\n","protected":false},"excerpt":{"rendered":"<p>1.\u00a0Lev\u00e9l leend\u0151 szerz\u0151inknek 2. A k\u00e9zirat szerkeszt\u00e9s\u00e9re vonatkoz\u00f3 \u00fatmutat\u00f3 itt el\u00e9rhet\u0151. 3. A k\u00e9zirat beny\u00fajt\u00e1s\u00e1ra vonatkoz\u00f3 \u00fatmutat\u00f3 itt el\u00e9rhet\u0151. 4. Egy\u00e9b seg\u00e9dletek: 5.a. K\u00eds\u00e9r\u0151 lev\u00e9l minta\u00a0itt 5.b. \u00datmutat\u00f3 empirikus k\u00e9zirathoz\u00a0itt 5.c. \u00datmutat\u00f3 elm\u00e9leti k\u00e9zirathoz\u00a0itt 5.d. St\u00edlus \u00e9s sz\u00f6vegmin\u0151s\u00e9g\u00a0itt 5.e. Hivatkoz\u00e1si \u00fatmutat\u00f3\u00a0itt 5.d. \u00d6nellen\u0151rz\u0151 k\u00e9rd\u00e9sek\u00a0itt<\/p>\n","protected":false},"author":1,"featured_media":0,"parent":0,"menu_order":0,"comment_status":"closed","ping_status":"closed","template":"template_fullwidth.php","meta":{"footnotes":""},"_links":{"self":[{"href":"https:\/\/impulzus-pszichologia.hu\/index.php?rest_route=\/wp\/v2\/pages\/1594"}],"collection":[{"href":"https:\/\/impulzus-pszichologia.hu\/index.php?rest_route=\/wp\/v2\/pages"}],"about":[{"href":"https:\/\/impulzus-pszichologia.hu\/index.php?rest_route=\/wp\/v2\/types\/page"}],"author":[{"embeddable":true,"href":"https:\/\/impulzus-pszichologia.hu\/index.php?rest_route=\/wp\/v2\/users\/1"}],"replies":[{"embeddable":true,"href":"https:\/\/impulzus-pszichologia.hu\/index.php?rest_route=%2Fwp%2Fv2%2Fcomments&post=1594"}],"version-history":[{"count":11,"href":"https:\/\/impulzus-pszichologia.hu\/index.php?rest_route=\/wp\/v2\/pages\/1594\/revisions"}],"predecessor-version":[{"id":2259,"href":"https:\/\/impulzus-pszichologia.hu\/index.php?rest_route=\/wp\/v2\/pages\/1594\/revisions\/2259"}],"wp:attachment":[{"href":"https:\/\/impulzus-pszichologia.hu\/index.php?rest_route=%2Fwp%2Fv2%2Fmedia&parent=1594"}],"curies":[{"name":"wp","href":"https:\/\/api.w.org\/{rel}","templated":true}]}}