{"id":1643,"date":"2013-12-13T16:40:58","date_gmt":"2013-12-13T16:40:58","guid":{"rendered":"http:\/\/www.pszich.u-szeged.hu\/impulzus\/?page_id=1643"},"modified":"2023-12-11T16:44:24","modified_gmt":"2023-12-11T16:44:24","slug":"biraloinknak","status":"publish","type":"page","link":"https:\/\/impulzus-pszichologia.hu\/?page_id=1643","title":{"rendered":"B\u00edr\u00e1l\u00f3ink"},"content":{"rendered":"<p>1. A b\u00edr\u00e1lati folyamatr\u00f3l\u00a0<a href=\"http:\/\/www.impulzus-pszichologia.hu\/wp-content\/uploads\/2013\/07\/4.-A-bi_ra_lati-folyamat-.docx\">itt<\/a><\/p>\n<p>2. Lektori \u0171rlap\u00a0<a href=\"http:\/\/www.impulzus-pszichologia.hu\/wp-content\/uploads\/2013\/12\/Lektori-b\u00edr\u00e1lati-lap.docx\">itt<\/a><\/p>\n<p>3.\u00a0<a href=\"http:\/\/www.impulzus-pszichologia.hu\/wp-content\/uploads\/2014\/10\/LEKTOROK-n\u00e9vsora.docx\">Lektorok n\u00e9vsora<\/a><\/p>\n","protected":false},"excerpt":{"rendered":"<p>1. A b\u00edr\u00e1lati folyamatr\u00f3l\u00a0itt 2. Lektori \u0171rlap\u00a0itt 3.\u00a0Lektorok n\u00e9vsora<\/p>\n","protected":false},"author":1,"featured_media":0,"parent":0,"menu_order":0,"comment_status":"closed","ping_status":"closed","template":"template_fullwidth.php","meta":{"footnotes":""},"_links":{"self":[{"href":"https:\/\/impulzus-pszichologia.hu\/index.php?rest_route=\/wp\/v2\/pages\/1643"}],"collection":[{"href":"https:\/\/impulzus-pszichologia.hu\/index.php?rest_route=\/wp\/v2\/pages"}],"about":[{"href":"https:\/\/impulzus-pszichologia.hu\/index.php?rest_route=\/wp\/v2\/types\/page"}],"author":[{"embeddable":true,"href":"https:\/\/impulzus-pszichologia.hu\/index.php?rest_route=\/wp\/v2\/users\/1"}],"replies":[{"embeddable":true,"href":"https:\/\/impulzus-pszichologia.hu\/index.php?rest_route=%2Fwp%2Fv2%2Fcomments&post=1643"}],"version-history":[{"count":4,"href":"https:\/\/impulzus-pszichologia.hu\/index.php?rest_route=\/wp\/v2\/pages\/1643\/revisions"}],"predecessor-version":[{"id":1747,"href":"https:\/\/impulzus-pszichologia.hu\/index.php?rest_route=\/wp\/v2\/pages\/1643\/revisions\/1747"}],"wp:attachment":[{"href":"https:\/\/impulzus-pszichologia.hu\/index.php?rest_route=%2Fwp%2Fv2%2Fmedia&parent=1643"}],"curies":[{"name":"wp","href":"https:\/\/api.w.org\/{rel}","templated":true}]}}