{"id":1675,"date":"2014-09-29T09:50:05","date_gmt":"2014-09-29T09:50:05","guid":{"rendered":"http:\/\/www.pszich.u-szeged.hu\/impulzus\/?page_id=1675"},"modified":"2014-10-03T09:33:34","modified_gmt":"2014-10-03T09:33:34","slug":"2014-szeptember","status":"publish","type":"page","link":"https:\/\/impulzus-pszichologia.hu\/?page_id=1675","title":{"rendered":"2014 szeptember"},"content":{"rendered":"<p><img decoding=\"async\" class=\"alignleft size-full wp-image-1676\" src=\"http:\/\/www.impulzus-pszichologia.hu\/wp-content\/uploads\/2014\/09\/impulzus-vol1-cover-450.png\" alt=\"impulzus-vol1-cover-450\" width=\"250\" srcset=\"https:\/\/impulzus-pszichologia.hu\/wp-content\/uploads\/2014\/09\/impulzus-vol1-cover-450.png 450w, https:\/\/impulzus-pszichologia.hu\/wp-content\/uploads\/2014\/09\/impulzus-vol1-cover-450-211x300.png 211w\" sizes=\"(max-width: 450px) 100vw, 450px\" \/><\/p>\n<p>SZEGEDI PSZICHOL\u00d3GIAI TANULM\u00c1NYOK<br \/>\nDI\u00c1KSZERZ\u0150K PUBLIK\u00c1CI\u00d3S F\u00d3RUMA<br \/>\n1. \u00c9VFOLYAM, 1. SZ\u00c1M<br \/>\n2014 SZEPTEMBER<\/p>\n<h2>Tartalomjegyz\u00e9k<\/h2>\n<ul>\n<li><a href=\"http:\/\/www.impulzus-pszichologia.hu\/?page_id=1702\">Kolofon \u00e9s szerkeszt\u0151i el\u0151sz\u00f3<\/a><br \/>\n<em>Szokolszky \u00c1gnes<\/em>, Szegedi Tudom\u00e1nyegyetem Pszichol\u00f3giai Int\u00e9zet<\/li>\n<li><a href=\"http:\/\/www.impulzus-pszichologia.hu\/?page_id=1679\">\u201eContr-ana\u201d \u2013 Kognit\u00edv lez\u00e1r\u00e1s ir\u00e1nti ig\u00e9ny vizsg\u00e1lata az ev\u00e9szavarokat t\u00e1mogat\u00f3 weboldalak felhaszn\u00e1l\u00f3in\u00e1l<\/a><br \/>\n<em>Kresznerits Szilvia<\/em>, <em>Fedor Mariann<\/em>, Szegedi Tudom\u00e1nyegyetem Pszichol\u00f3giai Int\u00e9zet<\/li>\n<li><a href=\"http:\/\/www.impulzus-pszichologia.hu\/?page_id=1704\">Az \u00e9letm\u00f3dv\u00e1lt\u00e1s testk\u00e9pre gyakorolt hat\u00e1s\u00e1nak nyomon k\u00f6vet\u00e9ses vizsg\u00e1lata a narrat\u00edv pszichol\u00f3gia t\u00fckr\u00e9ben<\/a><br \/>\n<em>Zilahi T\u00edmea<\/em>, P\u00e9csi Tudom\u00e1nyegyetem Pszichol\u00f3giai Int\u00e9zet<\/li>\n<li><a href=\"http:\/\/www.impulzus-pszichologia.hu\/?page_id=1722\">Az \u00e9rzelemszab\u00e1lyoz\u00e1s mechanizmus\u00e1ban megjelen\u0151 nemi k\u00fcl\u00f6nbs\u00e9gek<\/a><br \/>\n<em>Bir\u00f3 Brigitte Alexandra<\/em>, P\u00e9csi Tudom\u00e1nyegyetem Pszichol\u00f3giai Int\u00e9zet<\/li>\n<li><a href=\"http:\/\/www.impulzus-pszichologia.hu\/?page_id=1730\">Munka-csal\u00e1d konfliktus \u00e9s a munkahelyi verseng\u00e9si kl\u00edma kapcsolata<\/a><br \/>\n<em>Moln\u00e1r Nikolett<\/em>, Szegedi Tudom\u00e1nyegyetem Pszichol\u00f3giai Int\u00e9zet<\/li>\n<li><a href=\"http:\/\/www.impulzus-pszichologia.hu\/?page_id=1733\">Fels\u0151oktat\u00e1si tehets\u00e9gt\u00e9rk\u00e9p \u2013 hallgat\u00f3i j\u00f6v\u0151k\u00e9p<\/a><br \/>\n<em>Szab\u00f3 J\u00e1nos<\/em>, P\u00e9csi Tudom\u00e1nyegyetem Pszichol\u00f3giai Int\u00e9zet<\/li>\n<li><a href=\"http:\/\/www.impulzus-pszichologia.hu\/?page_id=1735 \">A tabuszavak g\u00e1tl\u00f3 hat\u00e1s\u00e1nak \u00f6sszehasonl\u00edt\u00e1sa figyelmi-motoros valamint lexik\u00e1lis \u00e9s nem-lexik\u00e1lis d\u00f6nt\u00e9si helyzetben<\/a><br \/>\n<em>V\u00e9kony Teod\u00f3ra<\/em>, Szegedi Tudom\u00e1nyegyetem Pszichol\u00f3giai Int\u00e9zet<\/li>\n<li><a href=\"http:\/\/www.impulzus-pszichologia.hu\/?page_id=1738\">A kontextusf\u00fcgg\u0151 implicit tanul\u00e1s modalit\u00e1sainak vizsg\u00e1lata: Perceptu\u00e1lis \u00e9s motoros faktorok<\/a><br \/>\n<em>Belucz Judit<\/em>, <em>Bert\u00f3k Ildik\u00f3 Barbara<\/em>, <em>Csom\u00f3s Deb\u00f3ra<\/em>, <em>Farkas D\u00e1vid<\/em>, <em>L\u00e9h No\u00e9mi<\/em>, <em>Hallgat\u00f3 Emese<\/em>, Szegedi Tudom\u00e1nyegyetem Pszichol\u00f3giai Int\u00e9zet<\/li>\n<li><a href=\"http:\/\/www.impulzus-pszichologia.hu\/?page_id=1740\">Implicit szekvencia tanul\u00e1s: inter-stimulus intervallum \u00e9s szubjekt\u00edv \u00e9lm\u00e9ny<\/a><br \/>\n<em>Luk\u00e1cs G\u00e1sp\u00e1r<\/em>, <em>Husz\u00e1r Katalin<\/em>, <em>Hallgat\u00f3 Emese<\/em>, Szegedi Tudom\u00e1nyegyetem Pszichol\u00f3giai Int\u00e9zet<\/li>\n<\/ul>\n<p>[hr\/]<\/p>\n<p><center><b>A teljes sz\u00e1m let\u00f6lt\u00e9se egyben<\/b><\/p>\n<p><a href=\"http:\/\/www.impulzus-pszichologia.hu\/wp-content\/uploads\/2014\/10\/impulzus-1-1-fullversion.pdf\"><img decoding=\"async\" class=\"size-full wp-image-1684\" src=\"http:\/\/www.impulzus-pszichologia.hu\/wp-content\/uploads\/2014\/09\/pdf-icon.png\" alt=\"pdf-icon\" width=\"80\" srcset=\"https:\/\/impulzus-pszichologia.hu\/wp-content\/uploads\/2014\/09\/pdf-icon.png 256w, https:\/\/impulzus-pszichologia.hu\/wp-content\/uploads\/2014\/09\/pdf-icon-150x150.png 150w\" sizes=\"(max-width: 256px) 100vw, 256px\" \/><\/a><\/center><\/p>\n","protected":false},"excerpt":{"rendered":"<p>SZEGEDI PSZICHOL\u00d3GIAI TANULM\u00c1NYOK DI\u00c1KSZERZ\u0150K PUBLIK\u00c1CI\u00d3S F\u00d3RUMA 1. \u00c9VFOLYAM, 1. SZ\u00c1M 2014 SZEPTEMBER Tartalomjegyz\u00e9k Kolofon \u00e9s szerkeszt\u0151i el\u0151sz\u00f3 Szokolszky \u00c1gnes, Szegedi Tudom\u00e1nyegyetem Pszichol\u00f3giai Int\u00e9zet \u201eContr-ana\u201d \u2013 Kognit\u00edv lez\u00e1r\u00e1s ir\u00e1nti ig\u00e9ny vizsg\u00e1lata az ev\u00e9szavarokat t\u00e1mogat\u00f3 weboldalak felhaszn\u00e1l\u00f3in\u00e1l Kresznerits Szilvia, Fedor Mariann, Szegedi Tudom\u00e1nyegyetem Pszichol\u00f3giai Int\u00e9zet Az \u00e9letm\u00f3dv\u00e1lt\u00e1s testk\u00e9pre gyakorolt hat\u00e1s\u00e1nak nyomon k\u00f6vet\u00e9ses vizsg\u00e1lata a narrat\u00edv pszichol\u00f3gia t\u00fckr\u00e9ben [&hellip;]<\/p>\n","protected":false},"author":1,"featured_media":0,"parent":1378,"menu_order":0,"comment_status":"closed","ping_status":"closed","template":"template_fullwidth.php","meta":{"footnotes":""},"_links":{"self":[{"href":"https:\/\/impulzus-pszichologia.hu\/index.php?rest_route=\/wp\/v2\/pages\/1675"}],"collection":[{"href":"https:\/\/impulzus-pszichologia.hu\/index.php?rest_route=\/wp\/v2\/pages"}],"about":[{"href":"https:\/\/impulzus-pszichologia.hu\/index.php?rest_route=\/wp\/v2\/types\/page"}],"author":[{"embeddable":true,"href":"https:\/\/impulzus-pszichologia.hu\/index.php?rest_route=\/wp\/v2\/users\/1"}],"replies":[{"embeddable":true,"href":"https:\/\/impulzus-pszichologia.hu\/index.php?rest_route=%2Fwp%2Fv2%2Fcomments&post=1675"}],"version-history":[{"count":16,"href":"https:\/\/impulzus-pszichologia.hu\/index.php?rest_route=\/wp\/v2\/pages\/1675\/revisions"}],"predecessor-version":[{"id":2247,"href":"https:\/\/impulzus-pszichologia.hu\/index.php?rest_route=\/wp\/v2\/pages\/1675\/revisions\/2247"}],"up":[{"embeddable":true,"href":"https:\/\/impulzus-pszichologia.hu\/index.php?rest_route=\/wp\/v2\/pages\/1378"}],"wp:attachment":[{"href":"https:\/\/impulzus-pszichologia.hu\/index.php?rest_route=%2Fwp%2Fv2%2Fmedia&parent=1675"}],"curies":[{"name":"wp","href":"https:\/\/api.w.org\/{rel}","templated":true}]}}