{"id":1722,"date":"2014-09-30T11:01:03","date_gmt":"2014-09-30T11:01:03","guid":{"rendered":"http:\/\/www.pszich.u-szeged.hu\/impulzus\/?page_id=1722"},"modified":"2014-10-01T15:52:24","modified_gmt":"2014-10-01T15:52:24","slug":"az-erzelemszabalyozas-mechanizmusaban-megjeleno-nemi-kulonbsegek","status":"publish","type":"page","link":"https:\/\/impulzus-pszichologia.hu\/?page_id=1722","title":{"rendered":"Az \u00e9rzelemszab\u00e1lyoz\u00e1s mechanizmus\u00e1ban megjelen\u0151 nemi k\u00fcl\u00f6nbs\u00e9gek"},"content":{"rendered":"<p><a href=\"http:\/\/www.impulzus-pszichologia.hu\/wp-content\/uploads\/2014\/09\/4-erzelemszabalyozas.pdf\"><img decoding=\"async\" class=\"alignright size-full wp-image-1684\" src=\"http:\/\/www.impulzus-pszichologia.hu\/wp-content\/uploads\/2014\/09\/pdf-icon.png\" alt=\"pdf-icon\" width=\"80\" srcset=\"https:\/\/impulzus-pszichologia.hu\/wp-content\/uploads\/2014\/09\/pdf-icon.png 256w, https:\/\/impulzus-pszichologia.hu\/wp-content\/uploads\/2014\/09\/pdf-icon-150x150.png 150w\" sizes=\"(max-width: 256px) 100vw, 256px\" \/><\/a><br \/>\n<strong>Bir\u00f3 Brigitte Alexandra<\/strong>, P\u00e9csi Tudom\u00e1nyegyetem Pszichol\u00f3giai Int\u00e9zet<\/p>\n<p>A vizsg\u00e1lat c\u00e9lja a nemek k\u00f6z\u00f6tt megmutatkoz\u00f3 \u00e9rzelemszab\u00e1lyoz\u00e1si k\u00fcl\u00f6nbs\u00e9gek felt\u00e1r\u00e1sa. Ennek \u00e9rdek\u00e9ben a vizsg\u00e1lati szem\u00e9lyek idegrendszeri aktiv\u00e1ci\u00f3j\u00e1t funkcion\u00e1lis m\u00e1gneses k\u00e9palkot\u00f3 (fMRI) elj\u00e1r\u00e1ssal regisztr\u00e1ltuk. A kutat\u00e1sban 15 eg\u00e9szs\u00e9ges f\u00e9rfi \u00e9s 16 eg\u00e9szs\u00e9ges n\u0151 vett r\u00e9szt. Vizu\u00e1lis ingerk\u00e9nt t\u00f6bbnyire negat\u00edv valenci\u00e1j\u00fa IAPS k\u00e9peket alkalmaztunk, k\u00e9t elt\u00e9r\u0151 c\u00edmmel. A vizsg\u00e1lati szem\u00e9lyek feladata egy adott k\u00e9p k\u00e9t k\u00fcl\u00f6nb\u00f6z\u0151 szitu\u00e1ci\u00f3ban val\u00f3 elk\u00e9pzel\u00e9se volt, azok c\u00edmszavainak megfelel\u0151en. Az ut\u00f3tesztben a r\u00e9sztvev\u0151k \u00fajra megn\u00e9zt\u00e9k a k\u00e9peket \u00e9s \u00e9rt\u00e9kelt\u00e9k ezeket az intenzit\u00e1s, kellemess\u00e9g \u00e9s az \u00e1tkeretez\u00e9s neh\u00e9zs\u00e9ge ment\u00e9n. Az ut\u00f3tesztb\u0151l nyert viselked\u00e9ses eredm\u00e9nyek szerint a n\u0151kben intenz\u00edvebb \u00e9s kellemetlenebb \u00e9rz\u00e9seket keltettek a k\u00e9pek. Az \u00e1tkeretez\u00e9s neh\u00e9zs\u00e9g\u00e9ben nem mutatkozott nemi k\u00fcl\u00f6nbs\u00e9g. Idegrendszeri szinten a f\u00e9rfiakn\u00e1l gyrus frontalis medius, gyrus occipitalis medius, caudatus, gyrus frontalis medialis, valamint gyrus temporalis medius aktiv\u00e1ci\u00f3t tal\u00e1ltunk. A n\u0151kn\u00e9l a gyrus temporalis inferior, thalamus, pulvinar, gyrus lingualis inferior \u00e9s gyrus tempor\u00e1lis inferior aktiv\u00e1ci\u00f3 mutatkozott. Az idegrendszeri eredm\u00e9nyek alapj\u00e1n elmondhat\u00f3, hogy a n\u0151kn\u00e9l az \u00e9rzelmi ter\u00fcletek nagyobb hangs\u00falyt kaptak, m\u00edg a f\u00e9rfiakn\u00e1l a vizu\u00e1lis inform\u00e1ci\u00f3 feldolgoz\u00e1s\u00e1\u00e9rt \u00e9s \u00f6sszehangol\u00e1s\u00e1\u00e9rt \u00e9s meg\u00edt\u00e9l\u00e9s\u00e9\u00e9rt felel\u0151s agyi ter\u00fcletek kaptak nagyobb hangs\u00falyt. <\/p>\n<p><strong>Kulcsszavak<\/strong>: \u00e9rzelemszab\u00e1lyoz\u00e1s, kognit\u00edv \u00e1tkeretez\u00e9s, fMRI, nemi k\u00fcl\u00f6nbs\u00e9gek, Thalamus, K\u00f6z\u00e9ps\u0151 front\u00e1lis gyrus<\/p>\n<p>[hr\/]<\/p>\n<h3>English abstract<\/h3>\n<p><strong>Gender differences in emotion regulation<\/strong><br \/>\n<em>Brigitte Alexandra Bir\u00f3<\/em>, P\u00e9cs University, Department of Psychology<\/p>\n<p>The present experimental study examined gender differences in emotion regulation with the participation of 15 healthy males and 16 healthy females. Negative valenced IAPS pictures were used  as visual stimuli, with two different headwords. The participants were instructed to practice cognitive reappreasal in accordance with the headwords beneath the pictures. Magnetic resonance imaging (fMRI) was used to register functional  neural activity. In the course of the post-test the participants were asked to watch the slideshow once again and rated the pictures by the level of intensity, valence and the difficulty of practicing reappreasal. Behavioral data showed that women experienced the stimuli more negatively than men, but differences in the difficultness of reappresal were not found. As for the fMRI data, registered neaural activity was diverse. Men\u2019s brain activity showed many cognitive stuctures involved such as the Middle frontal gyrus, the Middle occipital gyrus, the Caudate and Medial frontal gyrus. Women\u2019s brain activity showed activity related to the Inferior temporal gyrus, the Thalamus, the Pulvinar, and the Cuneus wich indicate that women were more involved emotionally then men. <\/p>\n<p><strong>Key words<\/strong>: emotion regulation, cognitive reappreasal, fMRI, gender differences, Thalamus, Middle frontal gyrus<\/p>\n<p>&nbsp;<\/p>\n<p><a title=\"2014 szeptember\" href=\"http:\/\/www.impulzus-pszichologia.hu\/?page_id=1675\">\u00ab Vissza a tartalomjegyz\u00e9khez<\/a><\/p>\n","protected":false},"excerpt":{"rendered":"<p>Bir\u00f3 Brigitte Alexandra, P\u00e9csi Tudom\u00e1nyegyetem Pszichol\u00f3giai Int\u00e9zet A vizsg\u00e1lat c\u00e9lja a nemek k\u00f6z\u00f6tt megmutatkoz\u00f3 \u00e9rzelemszab\u00e1lyoz\u00e1si k\u00fcl\u00f6nbs\u00e9gek felt\u00e1r\u00e1sa. Ennek \u00e9rdek\u00e9ben a vizsg\u00e1lati szem\u00e9lyek idegrendszeri aktiv\u00e1ci\u00f3j\u00e1t funkcion\u00e1lis m\u00e1gneses k\u00e9palkot\u00f3 (fMRI) elj\u00e1r\u00e1ssal regisztr\u00e1ltuk. A kutat\u00e1sban 15 eg\u00e9szs\u00e9ges f\u00e9rfi \u00e9s 16 eg\u00e9szs\u00e9ges n\u0151 vett r\u00e9szt. Vizu\u00e1lis ingerk\u00e9nt t\u00f6bbnyire negat\u00edv valenci\u00e1j\u00fa IAPS k\u00e9peket alkalmaztunk, k\u00e9t elt\u00e9r\u0151 c\u00edmmel. A vizsg\u00e1lati szem\u00e9lyek [&hellip;]<\/p>\n","protected":false},"author":1,"featured_media":0,"parent":1675,"menu_order":0,"comment_status":"closed","ping_status":"closed","template":"template_fullwidth.php","meta":{"footnotes":""},"_links":{"self":[{"href":"https:\/\/impulzus-pszichologia.hu\/index.php?rest_route=\/wp\/v2\/pages\/1722"}],"collection":[{"href":"https:\/\/impulzus-pszichologia.hu\/index.php?rest_route=\/wp\/v2\/pages"}],"about":[{"href":"https:\/\/impulzus-pszichologia.hu\/index.php?rest_route=\/wp\/v2\/types\/page"}],"author":[{"embeddable":true,"href":"https:\/\/impulzus-pszichologia.hu\/index.php?rest_route=\/wp\/v2\/users\/1"}],"replies":[{"embeddable":true,"href":"https:\/\/impulzus-pszichologia.hu\/index.php?rest_route=%2Fwp%2Fv2%2Fcomments&post=1722"}],"version-history":[{"count":3,"href":"https:\/\/impulzus-pszichologia.hu\/index.php?rest_route=\/wp\/v2\/pages\/1722\/revisions"}],"predecessor-version":[{"id":1759,"href":"https:\/\/impulzus-pszichologia.hu\/index.php?rest_route=\/wp\/v2\/pages\/1722\/revisions\/1759"}],"up":[{"embeddable":true,"href":"https:\/\/impulzus-pszichologia.hu\/index.php?rest_route=\/wp\/v2\/pages\/1675"}],"wp:attachment":[{"href":"https:\/\/impulzus-pszichologia.hu\/index.php?rest_route=%2Fwp%2Fv2%2Fmedia&parent=1722"}],"curies":[{"name":"wp","href":"https:\/\/api.w.org\/{rel}","templated":true}]}}