{"id":1735,"date":"2014-09-30T11:09:48","date_gmt":"2014-09-30T11:09:48","guid":{"rendered":"http:\/\/www.pszich.u-szeged.hu\/impulzus\/?page_id=1735"},"modified":"2014-10-01T15:57:23","modified_gmt":"2014-10-01T15:57:23","slug":"a-tabuszavak-gatlo-hatasanak-osszehasonlitasa-figyelmi-motoros-valamint-lexikalis-es-nem-lexikalis-dontesi-helyzetben","status":"publish","type":"page","link":"https:\/\/impulzus-pszichologia.hu\/?page_id=1735","title":{"rendered":"A tabuszavak g\u00e1tl\u00f3 hat\u00e1s\u00e1nak \u00f6sszehasonl\u00edt\u00e1sa figyelmi-motoros valamint lexik\u00e1lis \u00e9s nem-lexik\u00e1lis d\u00f6nt\u00e9si helyzetben"},"content":{"rendered":"<p><a href=\"http:\/\/www.impulzus-pszichologia.hu\/wp-content\/uploads\/2014\/09\/7-tabuszavak.pdf\"><img decoding=\"async\" class=\"alignright size-full wp-image-1684\" src=\"http:\/\/www.impulzus-pszichologia.hu\/wp-content\/uploads\/2014\/09\/pdf-icon.png\" alt=\"pdf-icon\" width=\"80\" srcset=\"https:\/\/impulzus-pszichologia.hu\/wp-content\/uploads\/2014\/09\/pdf-icon.png 256w, https:\/\/impulzus-pszichologia.hu\/wp-content\/uploads\/2014\/09\/pdf-icon-150x150.png 150w\" sizes=\"(max-width: 256px) 100vw, 256px\" \/><\/a><br \/>\n<strong>V\u00e9kony Teod\u00f3ra<\/strong>, SZTE-BTK Pszichol\u00f3gia Int\u00e9zet<\/p>\n<p>Kutat\u00e1sunk sor\u00e1n a tabuszavak g\u00e1tl\u00f3 hat\u00e1s\u00e1t vizsg\u00e1ltuk meg h\u00e1rom feladat kapcs\u00e1n. Egy lexik\u00e1lis d\u00f6nt\u00e9si helyzetet, egy nem-lexik\u00e1lis d\u00f6nt\u00e9si feladatot, illetve egy egyszer\u0171, figyelmi-motoros feladatot k\u00e9sz\u00edtett\u00fcnk el\u0151. A k\u00eds\u00e9rletben tizenh\u00e9t eg\u00e9szs\u00e9ges fiatal feln\u0151tt vett r\u00e9szt, akik kontroll-felt\u00e9tel terves elrendez\u00e9sben teljes\u00edtett\u00e9k mindh\u00e1rom feladatot. A feladatok sor\u00e1n, minden pr\u00f3ba alatt el\u0151fesz\u00edt\u0151 ingerk\u00e9nt vagy egy tabu, vagy pedig egy semleges sz\u00f3t mutattunk be a k\u00e9perny\u0151n a c\u00e9lingereket megel\u0151z\u0151en. M\u00e9rt\u00fcnk a r\u00e9sztvev\u0151k c\u00e9lingerekre adott reakci\u00f3idej\u00e9t, \u00e9s \u00f6sszehasonl\u00edtottuk azokat az el\u0151fesz\u00edt\u00e9s t\u00edpus\u00e1t\u00f3l f\u00fcgg\u0151en. A lexik\u00e1lis d\u00f6nt\u00e9si helyzet, illetve a figyelmi-motoros feladat sor\u00e1n lassabban reag\u00e1ltak a k\u00eds\u00e9rleti szem\u00e9lyek a c\u00e9lingerekre a tabuszavak el\u0151fesz\u00edt\u00e9s\u00e9t k\u00f6vet\u0151en. Eredm\u00e9nyeink alapj\u00e1n a tabuszavak g\u00e1tl\u00f3 hat\u00e1s\u00e1nak megnyilv\u00e1nul\u00e1sa f\u00fcgg a feladat t\u00edpus\u00e1t\u00f3l.<\/p>\n<p><strong>Kulcsszavak<\/strong>: tabuszavak, lexik\u00e1lis d\u00f6nt\u00e9si helyzet, el\u0151fesz\u00edt\u00e9s<\/p>\n<p>[hr\/]<\/p>\n<h3>English abstracts<\/h3>\n<p><strong>Inhibitory effects of taboo words in motor-attention and lexical and non-lexical decision tasks<\/strong><br \/>\n<em>Teod\u00f3ra V\u00e9kony<\/em>, Szeged University, Department of Psychology<\/p>\n<p>In this experimental study 17 participants had to perform a lexical and a non-lexical decision task, as well as a bare detection task. During the tasks taboo and neutral words were presented as priming stimuli, and we measured participants\u2019 response times related to the different stimuli. Results showed that in the course of the lexical and the detection tasks response times were significantly longer following the priming with taboo words compared to neutral words. In the non-lexical decision task the direction of the results was similar, however, the difference turned out not to be significant. Comparing the differences between the response times in the three tasks we can see that the biggest difference in absolute value appears in the case of the lexical decision task, but this does not differ significantly from the results in the two other types of tasks.<\/p>\n<p><strong>Key words<\/strong>: taboo words, lexical decision task, priming<\/p>\n<p>&nbsp;<\/p>\n<p><a title=\"2014 szeptember\" href=\"http:\/\/www.impulzus-pszichologia.hu\/?page_id=1675\">\u00ab Vissza a tartalomjegyz\u00e9khez<\/a><\/p>\n","protected":false},"excerpt":{"rendered":"<p>V\u00e9kony Teod\u00f3ra, SZTE-BTK Pszichol\u00f3gia Int\u00e9zet Kutat\u00e1sunk sor\u00e1n a tabuszavak g\u00e1tl\u00f3 hat\u00e1s\u00e1t vizsg\u00e1ltuk meg h\u00e1rom feladat kapcs\u00e1n. Egy lexik\u00e1lis d\u00f6nt\u00e9si helyzetet, egy nem-lexik\u00e1lis d\u00f6nt\u00e9si feladatot, illetve egy egyszer\u0171, figyelmi-motoros feladatot k\u00e9sz\u00edtett\u00fcnk el\u0151. A k\u00eds\u00e9rletben tizenh\u00e9t eg\u00e9szs\u00e9ges fiatal feln\u0151tt vett r\u00e9szt, akik kontroll-felt\u00e9tel terves elrendez\u00e9sben teljes\u00edtett\u00e9k mindh\u00e1rom feladatot. A feladatok sor\u00e1n, minden pr\u00f3ba alatt el\u0151fesz\u00edt\u0151 ingerk\u00e9nt vagy [&hellip;]<\/p>\n","protected":false},"author":1,"featured_media":0,"parent":1675,"menu_order":0,"comment_status":"closed","ping_status":"closed","template":"template_fullwidth.php","meta":{"footnotes":""},"_links":{"self":[{"href":"https:\/\/impulzus-pszichologia.hu\/index.php?rest_route=\/wp\/v2\/pages\/1735"}],"collection":[{"href":"https:\/\/impulzus-pszichologia.hu\/index.php?rest_route=\/wp\/v2\/pages"}],"about":[{"href":"https:\/\/impulzus-pszichologia.hu\/index.php?rest_route=\/wp\/v2\/types\/page"}],"author":[{"embeddable":true,"href":"https:\/\/impulzus-pszichologia.hu\/index.php?rest_route=\/wp\/v2\/users\/1"}],"replies":[{"embeddable":true,"href":"https:\/\/impulzus-pszichologia.hu\/index.php?rest_route=%2Fwp%2Fv2%2Fcomments&post=1735"}],"version-history":[{"count":5,"href":"https:\/\/impulzus-pszichologia.hu\/index.php?rest_route=\/wp\/v2\/pages\/1735\/revisions"}],"predecessor-version":[{"id":1766,"href":"https:\/\/impulzus-pszichologia.hu\/index.php?rest_route=\/wp\/v2\/pages\/1735\/revisions\/1766"}],"up":[{"embeddable":true,"href":"https:\/\/impulzus-pszichologia.hu\/index.php?rest_route=\/wp\/v2\/pages\/1675"}],"wp:attachment":[{"href":"https:\/\/impulzus-pszichologia.hu\/index.php?rest_route=%2Fwp%2Fv2%2Fmedia&parent=1735"}],"curies":[{"name":"wp","href":"https:\/\/api.w.org\/{rel}","templated":true}]}}