{"id":1826,"date":"2015-10-16T12:34:06","date_gmt":"2015-10-16T12:34:06","guid":{"rendered":"http:\/\/www.pszich.u-szeged.hu\/impulzus\/?page_id=1826"},"modified":"2015-10-16T13:06:48","modified_gmt":"2015-10-16T13:06:48","slug":"a-ketamin-hatasa-a-terapiarezisztens-major-depressziora","status":"publish","type":"page","link":"https:\/\/impulzus-pszichologia.hu\/?page_id=1826","title":{"rendered":"A ketamin hat\u00e1sa a ter\u00e1piarezisztens major depresszi\u00f3ra"},"content":{"rendered":"<p><a href=\"http:\/\/www.impulzus-pszichologia.hu\/wp-content\/uploads\/2015\/10\/5-peszeki.pdf\"><img decoding=\"async\" class=\"alignright size-full wp-image-1684\" src=\"http:\/\/www.impulzus-pszichologia.hu\/wp-content\/uploads\/2014\/09\/pdf-icon.png\" alt=\"pdf-icon\" width=\"80\" srcset=\"https:\/\/impulzus-pszichologia.hu\/wp-content\/uploads\/2014\/09\/pdf-icon.png 256w, https:\/\/impulzus-pszichologia.hu\/wp-content\/uploads\/2014\/09\/pdf-icon-150x150.png 150w\" sizes=\"(max-width: 256px) 100vw, 256px\" \/><\/a><br \/>\n<strong>Peszeki Nikolett<\/strong>, SZTE BTK Pszichol\u00f3giai Int\u00e9zet<\/p>\n<p>A tudom\u00e1nyos publik\u00e1ci\u00f3kban egyre gyakrabban tal\u00e1lkozunk a k\u00fcl\u00f6nb\u00f6z\u0151 pszichedelikumok, \u00edgy p\u00e9ld\u00e1ul a ketamin lehets\u00e9ges j\u00f3t\u00e9kony hat\u00e1sainak kutat\u00e1s\u00e1val a klinikai gy\u00f3gy\u00edt\u00e1sra, p\u00e9ld\u00e1ul a major depresszi\u00f3ra vonatkoz\u00f3an. Tanulm\u00e1nyom c\u00e9lkit\u0171z\u00e9se ennek a szakirodalomnak a bemutat\u00e1sa kezdve a pszichedelikumok felfedez\u00e9s\u00e9nek, haszn\u00e1lat\u00e1nak \u00e9s elfogadotts\u00e1g\u00e1nak t\u00f6rt\u00e9neti \u00e1ttekint\u00e9s\u00e9vel, a biol\u00f3giai h\u00e1tt\u00e9r r\u00f6vid le\u00edr\u00e1s\u00e1val, valamint a tudom\u00e1ny mai \u00e1ll\u00e1spontjainak esetleges ellentmond\u00e1saival. Kit\u00e9rn\u00e9k a kutat\u00e1sok \u00fajdons\u00e1g\u00e1b\u00f3l ad\u00f3d\u00f3 k\u00e9rd\u00e9sekre is, v\u00e9g\u00fcl pedig az elm\u00e9letek klinikai gyakorlatba val\u00f3 \u00e1t\u00fcltet\u00e9s\u00e9nek probl\u00e9m\u00e1j\u00e1t \u00e9rinten\u00e9m. R\u00e1t\u00e9rn\u00e9k a kutat\u00e1sok fontosabb eredm\u00e9nyeire, melyek kedvez\u0151 ir\u00e1nyba mutatnak a gy\u00f3gy\u00e1szat tekintet\u00e9ben. \u00d6sszess\u00e9g\u00e9ben a ketamin bizony\u00edtott j\u00f3t\u00e9kony hat\u00e1s\u00e1t szeretn\u00e9m kiemelni, a ter\u00e1piarezisztens major depresszi\u00f3 egy alternat\u00edv \u00e9s m\u0171k\u00f6d\u0151 gy\u00f3gym\u00f3djak\u00e9nt. Szeretn\u00e9m hangs\u00falyozni azokat a ma m\u00e1r potenci\u00e1lis lehet\u0151s\u00e9gk\u00e9nt fenn\u00e1ll\u00f3 m\u00f3dszereket \u00e9s pszichol\u00f3giai \u00e1ll\u00e1spontokat, melyek k\u00f6nnyebb\u00e9 tehetik ennek az alternat\u00edv\u00e1nak a tudom\u00e1nyos \u00e9s klinikai, gyakorlati \u00e9letbe val\u00f3 integr\u00e1l\u00f3d\u00e1s\u00e1t, valamint jav\u00edthatj\u00e1k a k\u00f6z\u00e9letbeli meg\u00edt\u00e9l\u00e9s\u00e9t is. Kiemeln\u00e9m azonban azt is, hogy az adott, potenci\u00e1lis gy\u00f3gym\u00f3d el\u0151tt \u00e1ll\u00f3 akad\u00e1lyok nem felt\u00e9tlen kiz\u00e1r\u00f3lag ennek az \u00fajdons\u00e1gnak szabnak g\u00e1tat, hanem rengeteg egy\u00e9b innov\u00e1ci\u00f3t nehez\u00edt\u0151, az eg\u00e9szs\u00e9g\u00fcgyben univerz\u00e1lis probl\u00e9m\u00e1nak mondhat\u00f3 neh\u00e9zs\u00e9gek, mint p\u00e9ld\u00e1ul az egy\u00e9ni k\u00fcl\u00f6nbs\u00e9gek figyelembev\u00e9tel\u00e9nek problematik\u00e1ja.<\/p>\n<p><strong>Kulcsszavak<\/strong>: ketamin, pszichedelikumok, depresszi\u00f3, antidepressz\u00e1ns, glutam\u00e1t<\/p>\n<p>[hr\/]<\/p>\n<h3>English abstract<\/h3>\n<p><strong>The effect of Ketamine on therapy resistant major depression<\/strong><br \/>\n<strong>Nikolett Peszeki<\/strong><br \/>\nSzeged University, Department of Psychology<\/p>\n<p>In scientific publications we can easily find more and more research on the possible positive effects of different kinds of psychedelics, such as ketamine, for example in major depression. The aim of this paper is to present the current state of this contraversial topic, starting with the invention of psychedelics, the history of using these drugs, their acceptance, describing briefly the biological background, and providing an overview about the most recent scientific results, along with highlighting their possible contradictions. Furthermore, I would like to show, what are the most common questions of today\u2019s studies, and finally, to discuss the problems concerning the practical application of this alternative cure. Putting theory into practice must highlight some issues which need to be considered. I would like to show the most important results of current studies which show a promising way in terms of healing. To sum up, in this work I would like to emphasize the positive, proved effects of ketamine as an alternative and efficient cure for therapy resistant major depression. There are many potential possibilities in regarding the methods and psychological paradigms, which could facilitate the integration of this option in the field of science and clinical application, but also could it improve the judgments of the general population.  However, I would also emphasize the difficulties of this way of healing, which should be seen as a holistic, universal problem in medicine. These problems not only make the given issue problematic, but also mean a barrier for a plenty of other innovations. For instance, the problem of individual differences is a really serious issue in scientific or applied health nowadays.<\/p>\n<p>&nbsp;<\/p>\n<p><a title=\"2015 szeptember\" href=\"http:\/\/www.impulzus-pszichologia.hu\/?page_id=1791\">\u00ab Vissza a tartalomjegyz\u00e9khez<\/a><\/p>\n","protected":false},"excerpt":{"rendered":"<p>Peszeki Nikolett, SZTE BTK Pszichol\u00f3giai Int\u00e9zet A tudom\u00e1nyos publik\u00e1ci\u00f3kban egyre gyakrabban tal\u00e1lkozunk a k\u00fcl\u00f6nb\u00f6z\u0151 pszichedelikumok, \u00edgy p\u00e9ld\u00e1ul a ketamin lehets\u00e9ges j\u00f3t\u00e9kony hat\u00e1sainak kutat\u00e1s\u00e1val a klinikai gy\u00f3gy\u00edt\u00e1sra, p\u00e9ld\u00e1ul a major depresszi\u00f3ra vonatkoz\u00f3an. Tanulm\u00e1nyom c\u00e9lkit\u0171z\u00e9se ennek a szakirodalomnak a bemutat\u00e1sa kezdve a pszichedelikumok felfedez\u00e9s\u00e9nek, haszn\u00e1lat\u00e1nak \u00e9s elfogadotts\u00e1g\u00e1nak t\u00f6rt\u00e9neti \u00e1ttekint\u00e9s\u00e9vel, a biol\u00f3giai h\u00e1tt\u00e9r r\u00f6vid le\u00edr\u00e1s\u00e1val, valamint a tudom\u00e1ny [&hellip;]<\/p>\n","protected":false},"author":1,"featured_media":0,"parent":1791,"menu_order":0,"comment_status":"closed","ping_status":"closed","template":"template_fullwidth.php","meta":{"footnotes":""},"_links":{"self":[{"href":"https:\/\/impulzus-pszichologia.hu\/index.php?rest_route=\/wp\/v2\/pages\/1826"}],"collection":[{"href":"https:\/\/impulzus-pszichologia.hu\/index.php?rest_route=\/wp\/v2\/pages"}],"about":[{"href":"https:\/\/impulzus-pszichologia.hu\/index.php?rest_route=\/wp\/v2\/types\/page"}],"author":[{"embeddable":true,"href":"https:\/\/impulzus-pszichologia.hu\/index.php?rest_route=\/wp\/v2\/users\/1"}],"replies":[{"embeddable":true,"href":"https:\/\/impulzus-pszichologia.hu\/index.php?rest_route=%2Fwp%2Fv2%2Fcomments&post=1826"}],"version-history":[{"count":1,"href":"https:\/\/impulzus-pszichologia.hu\/index.php?rest_route=\/wp\/v2\/pages\/1826\/revisions"}],"predecessor-version":[{"id":1827,"href":"https:\/\/impulzus-pszichologia.hu\/index.php?rest_route=\/wp\/v2\/pages\/1826\/revisions\/1827"}],"up":[{"embeddable":true,"href":"https:\/\/impulzus-pszichologia.hu\/index.php?rest_route=\/wp\/v2\/pages\/1791"}],"wp:attachment":[{"href":"https:\/\/impulzus-pszichologia.hu\/index.php?rest_route=%2Fwp%2Fv2%2Fmedia&parent=1826"}],"curies":[{"name":"wp","href":"https:\/\/api.w.org\/{rel}","templated":true}]}}