{"id":1851,"date":"2016-11-14T16:48:45","date_gmt":"2016-11-14T16:48:45","guid":{"rendered":"http:\/\/www.pszich.u-szeged.hu\/impulzus\/?page_id=1851"},"modified":"2016-11-14T17:42:33","modified_gmt":"2016-11-14T17:42:33","slug":"2016-szeptember","status":"publish","type":"page","link":"https:\/\/impulzus-pszichologia.hu\/?page_id=1851","title":{"rendered":"2016 szeptember"},"content":{"rendered":"<p><img decoding=\"async\" class=\"alignleft size-full wp-image-1676\" src=\"http:\/\/www.impulzus-pszichologia.hu\/wp-content\/uploads\/2016\/11\/impulzus-vol3-cover-v2.png\" alt=\"impulzus-vol3\" width=\"250\" \/><\/p>\n<p>SZEGEDI PSZICHOL\u00d3GIAI TANULM\u00c1NYOK<br \/>\nDI\u00c1KSZERZ\u0150K PUBLIK\u00c1CI\u00d3S F\u00d3RUMA<br \/>\n3. \u00c9VFOLYAM, 1. SZ\u00c1M<br \/>\n2016 SZEPTEMBER<\/p>\n<h2>Tartalomjegyz\u00e9k<\/h2>\n<ul>\n<li><a href=\"http:\/\/www.impulzus-pszichologia.hu\/wp-content\/uploads\/2016\/11\/1-colophon.pdf\">Kolofon<\/a><\/li>\n<li><a href=\"http:\/\/www.impulzus-pszichologia.hu\/?page_id=1862\">Eml\u0151daganatos n\u0151betegek pre- \u00e9s posztoperatv pszichol\u00f3giai \u00e1llapot\u00e1nak vizsg\u00e1lata az  \u00e9szlelt f\u00e1jdalom, a betegs\u00e9g attrib\u00faci\u00f3k, \u00e9s az eg\u00e9szs\u00e9gmagatart\u00e1s \u00f6sszef\u00fcgg\u00e9s\u00e9ben<\/a><br \/>\n<em>Kriston P\u00e1lma<\/em>, Szegedi Tudom\u00e1nyegyetem Pszichol\u00f3giai Int\u00e9zet<\/li>\n<li><a href=\"http:\/\/www.impulzus-pszichologia.hu\/?page_id=1864\">\u00c1ll- \u00e9s arccsonti (maxillo-faci\u00e1lis) s\u00e9r\u00fcl\u00e9sek interperszon\u00e1lis vonatkoz\u00e1sai \u2013 Arcs\u00e9r\u00fclt szem\u00e9lyekkel kapcsolatos attit\u0171d\u00f6k vizsg\u00e1lata<\/a><br \/>\n<em>Gurka \u00c9va M\u00e1ria<\/em>, Szegedi Tudom\u00e1nyegyetem Pszichol\u00f3giai Int\u00e9zet<\/li>\n<li><a href=\"http:\/\/www.impulzus-pszichologia.hu\/?page_id=1867\">Internetes zaklat\u00e1s \u00e9s machiavellizmus: Mi a k\u00fcl\u00f6nbs\u00e9g az \u00e1ldozat \u00e9s a zaklat\u00f3 k\u00f6z\u00f6tt?<\/a><br \/>\n<em>Arat\u00f3  Nikolett<\/em>, P\u00e9csi Tudom\u00e1nyegyetem Pszichol\u00f3giai Int\u00e9zet<\/li>\n<li><a href=\"http:\/\/www.impulzus-pszichologia.hu\/?page_id=1869\">Elt\u00e9r\u0151 t\u00e9ves eml\u00e9kezeti paradigm\u00e1k hat\u00e1s\u00e1nak vizsg\u00e1lata kisgyermek- illetve serd\u00fcl\u0151korban<\/a><br \/>\n<em>Kr\u00e1nitz Ildik\u00f3<\/em>, Szegedi Tudom\u00e1nyegyetem Pszichol\u00f3giai Int\u00e9zet<\/li>\n<li><a href=\"http:\/\/www.impulzus-pszichologia.hu\/?page_id=1871\">Szakir\u00e1ny v\u00e1laszt\u00e1st befoly\u00e1sol\u00f3 h\u00e1tt\u00e9rt\u00e9nyez\u0151k \u00e9s munka\u00e9rt\u00e9k preferenci\u00e1k \u00f6sszehasonl\u00edt\u00f3 vizsg\u00e1lata pszichol\u00f3gia mesterszakosok k\u00f6r\u00e9ben<\/a><br \/>\n<em>Szemes \u00c1gnes<\/em>, BME Ergon\u00f3mia \u00e9s Pszichol\u00f3gia Tansz\u00e9k, \u00e9s <em>Hars\u00e1nyi Szabolcs Gerg\u0151<\/em>, Szegedi Tudom\u00e1nyegyetem Pszichol\u00f3giai Int\u00e9zet<\/li>\n<\/ul>\n","protected":false},"excerpt":{"rendered":"<p>SZEGEDI PSZICHOL\u00d3GIAI TANULM\u00c1NYOK DI\u00c1KSZERZ\u0150K PUBLIK\u00c1CI\u00d3S F\u00d3RUMA 3. \u00c9VFOLYAM, 1. SZ\u00c1M 2016 SZEPTEMBER Tartalomjegyz\u00e9k Kolofon Eml\u0151daganatos n\u0151betegek pre- \u00e9s posztoperatv pszichol\u00f3giai \u00e1llapot\u00e1nak vizsg\u00e1lata az \u00e9szlelt f\u00e1jdalom, a betegs\u00e9g attrib\u00faci\u00f3k, \u00e9s az eg\u00e9szs\u00e9gmagatart\u00e1s \u00f6sszef\u00fcgg\u00e9s\u00e9ben Kriston P\u00e1lma, Szegedi Tudom\u00e1nyegyetem Pszichol\u00f3giai Int\u00e9zet \u00c1ll- \u00e9s arccsonti (maxillo-faci\u00e1lis) s\u00e9r\u00fcl\u00e9sek interperszon\u00e1lis vonatkoz\u00e1sai \u2013 Arcs\u00e9r\u00fclt szem\u00e9lyekkel kapcsolatos attit\u0171d\u00f6k vizsg\u00e1lata Gurka \u00c9va M\u00e1ria, Szegedi [&hellip;]<\/p>\n","protected":false},"author":1,"featured_media":0,"parent":1378,"menu_order":0,"comment_status":"closed","ping_status":"closed","template":"template_fullwidth.php","meta":{"footnotes":""},"_links":{"self":[{"href":"https:\/\/impulzus-pszichologia.hu\/index.php?rest_route=\/wp\/v2\/pages\/1851"}],"collection":[{"href":"https:\/\/impulzus-pszichologia.hu\/index.php?rest_route=\/wp\/v2\/pages"}],"about":[{"href":"https:\/\/impulzus-pszichologia.hu\/index.php?rest_route=\/wp\/v2\/types\/page"}],"author":[{"embeddable":true,"href":"https:\/\/impulzus-pszichologia.hu\/index.php?rest_route=\/wp\/v2\/users\/1"}],"replies":[{"embeddable":true,"href":"https:\/\/impulzus-pszichologia.hu\/index.php?rest_route=%2Fwp%2Fv2%2Fcomments&post=1851"}],"version-history":[{"count":5,"href":"https:\/\/impulzus-pszichologia.hu\/index.php?rest_route=\/wp\/v2\/pages\/1851\/revisions"}],"predecessor-version":[{"id":1873,"href":"https:\/\/impulzus-pszichologia.hu\/index.php?rest_route=\/wp\/v2\/pages\/1851\/revisions\/1873"}],"up":[{"embeddable":true,"href":"https:\/\/impulzus-pszichologia.hu\/index.php?rest_route=\/wp\/v2\/pages\/1378"}],"wp:attachment":[{"href":"https:\/\/impulzus-pszichologia.hu\/index.php?rest_route=%2Fwp%2Fv2%2Fmedia&parent=1851"}],"curies":[{"name":"wp","href":"https:\/\/api.w.org\/{rel}","templated":true}]}}