{"id":1862,"date":"2016-11-14T17:25:19","date_gmt":"2016-11-14T17:25:19","guid":{"rendered":"http:\/\/www.pszich.u-szeged.hu\/impulzus\/?page_id=1862"},"modified":"2016-11-14T17:26:57","modified_gmt":"2016-11-14T17:26:57","slug":"emlodaganatos-nobetegek-pre-es-posztoperatv-pszichologiai-allapotanak-vizsgalata-az-eszlelt-fajdalom-a-betegseg-attribuciok-es-az-egeszsegmagatartas-osszefuggeseben","status":"publish","type":"page","link":"https:\/\/impulzus-pszichologia.hu\/?page_id=1862","title":{"rendered":"Eml\u0151daganatos n\u0151betegek pre- \u00e9s posztoperatv pszichol\u00f3giai \u00e1llapot\u00e1nak vizsg\u00e1lata az  \u00e9szlelt f\u00e1jdalom, a betegs\u00e9g attrib\u00faci\u00f3k, \u00e9s az eg\u00e9szs\u00e9gmagatart\u00e1s \u00f6sszef\u00fcgg\u00e9s\u00e9ben"},"content":{"rendered":"<p><a href=\"http:\/\/www.impulzus-pszichologia.hu\/wp-content\/uploads\/2016\/11\/2-kriston.pdf\"><img decoding=\"async\" class=\"alignright size-full wp-image-1684\" src=\"http:\/\/www.impulzus-pszichologia.hu\/wp-content\/uploads\/2014\/09\/pdf-icon.png\" alt=\"pdf-icon\" width=\"80\" srcset=\"https:\/\/impulzus-pszichologia.hu\/wp-content\/uploads\/2014\/09\/pdf-icon.png 256w, https:\/\/impulzus-pszichologia.hu\/wp-content\/uploads\/2014\/09\/pdf-icon-150x150.png 150w\" sizes=\"(max-width: 256px) 100vw, 256px\" \/><\/a><strong>Kriston P\u00e1lma<\/strong><br \/>\nSZTE-BTK Pszichol\u00f3gia Int\u00e9zet<\/p>\n<p>Az orvosi pszichol\u00f3giai kutat\u00e1sok kiemelt ter\u00fclete a k\u00f3rh\u00e1zi fekv\u0151betegek pre- \u00e9s posztoperat\u00edv pszichol\u00f3giai \u00e1llapot\u00e1nak felt\u00e1r\u00e1sa. Jelen tanulm\u00e1ny c\u00e9lja volt megvizsg\u00e1lni az eml\u0151daganatos n\u0151betegek pszichol\u00f3giai \u00e1llapot\u00e1t m\u0171t\u00e9t el\u0151tt (szorong\u00e1s, depresszi\u00f3) \u00e9s m\u0171t\u00e9t ut\u00e1n (szorong\u00e1s, \u00e9szlelt stressz, \u00e9letmin\u0151s\u00e9g) az \u00e9szlelt f\u00e1jdalom, a betegs\u00e9g attrib\u00faci\u00f3k, \u00e9s az eg\u00e9szs\u00e9gmagatart\u00e1s \u00f6sszef\u00fcgg\u00e9s\u00e9ben. Hozz\u00e1f\u00e9r\u00e9si mintav\u00e9tel alapj\u00e1n \u00f6sszesen 128 f\u0151 vett r\u00e9szt a kutat\u00e1sban (m\u0171t\u00e9t ut\u00e1n 101 f\u0151). Eredm\u00e9nyeink meger\u0151s\u00edtett\u00e9k a m\u0171t\u00e9t el\u0151tti szorong\u00e1sszint \u00e9s a m\u0171t\u00e9t ut\u00e1n \u00e9szlelt f\u00e1jdalom \u00f6sszef\u00fcgg\u00e9s\u00e9t. Tov\u00e1bb\u00e1 igazol\u00e1st nyert a testmozg\u00e1s protekt\u00edv \u00e9s a doh\u00e1nyz\u00e1s kock\u00e1zatn\u00f6vel\u0151 szerepe a pszichol\u00f3giai \u00e1llapotra \u00e9s az \u00e9letmin\u0151s\u00e9gre n\u00e9zve. A betegs\u00e9g attrib\u00faci\u00f3s st\u00edlusok k\u00f6z\u00fcl a pszichol\u00f3giai okfejt\u00e9s szerepe volt meghat\u00e1roz\u00f3. A kapott eredm\u00e9nyeket a szociodemogr\u00e1fiai mutat\u00f3k k\u00fcl\u00f6nbs\u00e9gei tov\u00e1bb \u00e1rnyalt\u00e1k. A dolgozat a v\u00e9d\u0151faktorok er\u0151s\u00edt\u00e9s\u00e9re \u00e9s tov\u00e1bbi vizsg\u00e1latok kezdem\u00e9nyez\u00e9s\u00e9re h\u00edvja fel a figyelmet.<\/p>\n<p><strong>Kulcsszavak<\/strong>: szorong\u00e1s, depresszi\u00f3, \u00e9letmin\u0151s\u00e9g, m\u0171t\u00e9t ut\u00e1n \u00e9szlelt f\u00e1jdalom, betegs\u00e9g attrib\u00faci\u00f3k, eg\u00e9szs\u00e9gmagatart\u00e1s<\/p>\n<p>[hr\/]<\/p>\n<h3>English abstract<\/h3>\n<p><strong>Pre- and postoperative psychological status of women suffering from breast cancer,  related to perceived pain, illness attribution and health behavior<\/strong><br \/>\n<em>P\u00e1lma Kriston<\/em>, Szeged University, Department of Psychology<\/p>\n<p>Medical psychology focuses on the pre- and postoperative psychological status of hospital inpatients. In line with this goal the present study examined the pre-, and postoperative psychological status (anxiety, depression, experienced stress, quality of life) of women suffering from breast cancer,  related to perceived pain, illness attribution and health behavior. 128 participated in the study (101 of them after operation) by convenience sampling.  Results confirmed the relationship between the level of preoperative anxiety and postoperative pain. Moreover, the protective effect of exercise and the risk effect of smoking have been confirmed on the psychological status and the quality of life of the participants. Among the illness attribution styles the role of the psychological reasoning was the most relevant. Sociodemographic indicators further qualified our findings. This study points out the need for further research and calls attention to the importance of strengthening the protective factors.<\/p>\n<p><strong>Keywords<\/strong>: anxiety, depression, quality of life, postoperative pain, illness attribution, health behavior<\/p>\n<p><\/p>\n<p><a href=\"http:\/\/www.impulzus-pszichologia.hu\/?page_id=1851\" title=\"2016 szeptember\">&laquo; Vissza a tartalomjegyz\u00e9khez<\/a><\/p>\n","protected":false},"excerpt":{"rendered":"<p>Kriston P\u00e1lma SZTE-BTK Pszichol\u00f3gia Int\u00e9zet Az orvosi pszichol\u00f3giai kutat\u00e1sok kiemelt ter\u00fclete a k\u00f3rh\u00e1zi fekv\u0151betegek pre- \u00e9s posztoperat\u00edv pszichol\u00f3giai \u00e1llapot\u00e1nak felt\u00e1r\u00e1sa. Jelen tanulm\u00e1ny c\u00e9lja volt megvizsg\u00e1lni az eml\u0151daganatos n\u0151betegek pszichol\u00f3giai \u00e1llapot\u00e1t m\u0171t\u00e9t el\u0151tt (szorong\u00e1s, depresszi\u00f3) \u00e9s m\u0171t\u00e9t ut\u00e1n (szorong\u00e1s, \u00e9szlelt stressz, \u00e9letmin\u0151s\u00e9g) az \u00e9szlelt f\u00e1jdalom, a betegs\u00e9g attrib\u00faci\u00f3k, \u00e9s az eg\u00e9szs\u00e9gmagatart\u00e1s \u00f6sszef\u00fcgg\u00e9s\u00e9ben. Hozz\u00e1f\u00e9r\u00e9si mintav\u00e9tel alapj\u00e1n \u00f6sszesen [&hellip;]<\/p>\n","protected":false},"author":1,"featured_media":0,"parent":1851,"menu_order":0,"comment_status":"closed","ping_status":"closed","template":"template_fullwidth.php","meta":{"footnotes":""},"_links":{"self":[{"href":"https:\/\/impulzus-pszichologia.hu\/index.php?rest_route=\/wp\/v2\/pages\/1862"}],"collection":[{"href":"https:\/\/impulzus-pszichologia.hu\/index.php?rest_route=\/wp\/v2\/pages"}],"about":[{"href":"https:\/\/impulzus-pszichologia.hu\/index.php?rest_route=\/wp\/v2\/types\/page"}],"author":[{"embeddable":true,"href":"https:\/\/impulzus-pszichologia.hu\/index.php?rest_route=\/wp\/v2\/users\/1"}],"replies":[{"embeddable":true,"href":"https:\/\/impulzus-pszichologia.hu\/index.php?rest_route=%2Fwp%2Fv2%2Fcomments&post=1862"}],"version-history":[{"count":1,"href":"https:\/\/impulzus-pszichologia.hu\/index.php?rest_route=\/wp\/v2\/pages\/1862\/revisions"}],"predecessor-version":[{"id":1863,"href":"https:\/\/impulzus-pszichologia.hu\/index.php?rest_route=\/wp\/v2\/pages\/1862\/revisions\/1863"}],"up":[{"embeddable":true,"href":"https:\/\/impulzus-pszichologia.hu\/index.php?rest_route=\/wp\/v2\/pages\/1851"}],"wp:attachment":[{"href":"https:\/\/impulzus-pszichologia.hu\/index.php?rest_route=%2Fwp%2Fv2%2Fmedia&parent=1862"}],"curies":[{"name":"wp","href":"https:\/\/api.w.org\/{rel}","templated":true}]}}