{"id":1864,"date":"2016-11-14T17:31:13","date_gmt":"2016-11-14T17:31:13","guid":{"rendered":"http:\/\/www.pszich.u-szeged.hu\/impulzus\/?page_id=1864"},"modified":"2016-11-14T17:31:13","modified_gmt":"2016-11-14T17:31:13","slug":"all-es-arccsonti-maxillo-facialis-serulesek-interperszonalis-vonatkozasai-arcserult-szemelyekkel-kapcsolatos-attitudok-vizsgalata","status":"publish","type":"page","link":"https:\/\/impulzus-pszichologia.hu\/?page_id=1864","title":{"rendered":"\u00c1ll- \u00e9s arccsonti (maxillo-faci\u00e1lis) s\u00e9r\u00fcl\u00e9sek interperszon\u00e1lis vonatkoz\u00e1sai \u2013 Arcs\u00e9r\u00fclt szem\u00e9lyekkel kapcsolatos attit\u0171d\u00f6k vizsg\u00e1lata"},"content":{"rendered":"<p><a href=\"http:\/\/www.impulzus-pszichologia.hu\/wp-content\/uploads\/2016\/11\/3-gurka.pdf\"><img decoding=\"async\" class=\"alignright size-full wp-image-1684\" src=\"http:\/\/www.impulzus-pszichologia.hu\/wp-content\/uploads\/2014\/09\/pdf-icon.png\" alt=\"pdf-icon\" width=\"80\" srcset=\"https:\/\/impulzus-pszichologia.hu\/wp-content\/uploads\/2014\/09\/pdf-icon.png 256w, https:\/\/impulzus-pszichologia.hu\/wp-content\/uploads\/2014\/09\/pdf-icon-150x150.png 150w\" sizes=\"(max-width: 256px) 100vw, 256px\" \/><\/a><strong>Gurka \u00c9va M\u00e1ria<\/strong><br \/>\nSZTE-BTK Pszichol\u00f3gia Int\u00e9zet<\/p>\n<p>Arcunk meghat\u00e1roz\u00f3 szerepet t\u00f6lt be t\u00e1rsas interakci\u00f3inkban, ez\u00e1ltal az, hogy m\u00e1sok hogyan \u00e9szlelik saj\u00e1t arcunkat, bizonyos m\u00e9rt\u00e9kig meghat\u00e1rozza pszich\u00e9s j\u00f3ll\u00e9t\u00fcnket is. A seb\u00e9szeti szakk\u00f6zlem\u00e9nyek egy r\u00e9sze az arcukon s\u00e9r\u00fcl\u00e9st szenvedett szem\u00e9lyek pszich\u00e9s eg\u00e9szs\u00e9g\u00e9nek roml\u00e1s\u00e1r\u00f3l sz\u00e1mol be. Ebb\u0151l kiindulva kutat\u00e1somban arra keresem a v\u00e1laszt, hogy a t\u00e1rsas \u00e9szlel\u00e9st \u00e9s benyom\u00e1s szervez\u00e9st hogyan befoly\u00e1solj\u00e1k az \u00e1ll- \u00e9s arccsonti (maxillo-faci\u00e1lis) rekonstrukt\u00edv seb\u00e9szeti beavatkoz\u00e1s ut\u00e1n az arcon visszamarad\u00f3 v\u00e1gott jelleg\u0171 hegek. Az arcs\u00e9r\u00fclt szem\u00e9lyekkel kapcsolatos implicit attit\u0171d\u00f6t Implicit Asszoci\u00e1ci\u00f3s Teszt (IAT) teszt, az explicit attit\u0171d\u00f6t saj\u00e1t k\u00e9rd\u0151\u00edv seg\u00edts\u00e9g\u00e9vel vizsg\u00e1ltam, saj\u00e1t programoz\u00e1s\u00fa webes fel\u00fclet seg\u00edts\u00e9g\u00e9vel. A vizsg\u00e1latban 30 f\u0151 vett r\u00e9szt, 3 alminta bevon\u00e1s\u00e1val (tan\u00e1rok, SZTE hallgat\u00f3k, \u00e9s SZTE eg\u00e9szs\u00e9g\u00fcgyi dolgoz\u00f3k). Az eredm\u00e9nyek szerint az arcs\u00e9r\u00fcltekkal kapcsolatos implicit attit\u0171d szignifik\u00e1nsan negat\u00edvabb volt, mint az eg\u00e9szs\u00e9gesekkel kapcsolatos. Az explicit attit\u0171dben viszont kis m\u00e9rt\u00e9k\u0171 pozit\u00edv be\u00e1ll\u00edt\u00f3d\u00e1s jelent meg az arcukon s\u00e9r\u00fclt szem\u00e9lyekkel kapcsolatban. A vizsg\u00e1lat hipot\u00e9zisemet egy\u00e9rtelm\u0171en nem igazolja vagy c\u00e1folja, a minta kis m\u00e9rete miatt.  Az eredm\u00e9nyek azonban el\u0151zetes elv\u00e1r\u00e1saimmal egyezni l\u00e1tsz\u00f3 mint\u00e1zatba rendez\u0151dnek. A kifejlesztett vizs\u00e1lati elj\u00e1r\u00e1s \u00e9s teszt tov\u00e1bbi kutat\u00e1sokat alapoz meg.<\/p>\n<p><strong>Kulcsszavak<\/strong>: \u00e1ll- \u00e9s arccsonti (maxillo-faci\u00e1lis) s\u00e9r\u00fcl\u00e9sek, arcs\u00e9r\u00fcltekkel kapcsolatos attit\u0171d\u00f6k, Implicit Asszoci\u00e1ci\u00f3s Teszt<\/p>\n<p>[hr\/]<\/p>\n<h3>English abstract<\/h3>\n<p><strong>Interpersonal aspects of maxillo-facial injuries &#8211; Attitudes towards facially injured persons<\/strong><br \/>\n<em>\u00c9va M\u00e1ria Gurka<\/em>, Szeged University, Department of Psychology<\/p>\n<p>The human face is a crucial factor in social interactions. The way others perceive our own faces influences our psychological well-being. Maxillo-facial surgical reviews have reported many psychological problems that affect patients who went through oral and facial traumas and surgical procedures. In this research I studied the effect of facial scars that remain after maxilla-facial reconstructive surgical treatment on social cognition and impression formation. I examined attitudes toward facially injured persons by a self-designed web-based interface.  I measured implicit attitudes by the Implicit Association Test (IAT) and explicit attitudes by a self-developed questionnaire. 30 persons participated in controlled conditions. There were three subsamples: teachers, undergraduates and health workers. Data analysis showed statistically significant results regarding implicit attitudes. The implicit attitude towards facially injured persons was more negative than the attitude towards healthy persons in every sample. At the same time, participants were somewhat positive towards the facially injured persons in their explicit attitudes. Results are not conclusive due to small sample size.  These preliminary results are, however, in line with prior expectations. This research and the developed test will be the basis of further examinations.<\/p>\n<p><strong>Keywords<\/strong>: maxillo-facial injuries, attitudes toward facially injured persons, Implicit Assotiation Test<\/p>\n<p><\/p>\n<p><a href=\"http:\/\/www.impulzus-pszichologia.hu\/?page_id=1851\" title=\"2016 szeptember\">&laquo; Vissza a tartalomjegyz\u00e9khez<\/a><\/p>\n","protected":false},"excerpt":{"rendered":"<p>Gurka \u00c9va M\u00e1ria SZTE-BTK Pszichol\u00f3gia Int\u00e9zet Arcunk meghat\u00e1roz\u00f3 szerepet t\u00f6lt be t\u00e1rsas interakci\u00f3inkban, ez\u00e1ltal az, hogy m\u00e1sok hogyan \u00e9szlelik saj\u00e1t arcunkat, bizonyos m\u00e9rt\u00e9kig meghat\u00e1rozza pszich\u00e9s j\u00f3ll\u00e9t\u00fcnket is. A seb\u00e9szeti szakk\u00f6zlem\u00e9nyek egy r\u00e9sze az arcukon s\u00e9r\u00fcl\u00e9st szenvedett szem\u00e9lyek pszich\u00e9s eg\u00e9szs\u00e9g\u00e9nek roml\u00e1s\u00e1r\u00f3l sz\u00e1mol be. Ebb\u0151l kiindulva kutat\u00e1somban arra keresem a v\u00e1laszt, hogy a t\u00e1rsas \u00e9szlel\u00e9st \u00e9s benyom\u00e1s [&hellip;]<\/p>\n","protected":false},"author":1,"featured_media":0,"parent":1851,"menu_order":0,"comment_status":"closed","ping_status":"closed","template":"template_fullwidth.php","meta":{"footnotes":""},"_links":{"self":[{"href":"https:\/\/impulzus-pszichologia.hu\/index.php?rest_route=\/wp\/v2\/pages\/1864"}],"collection":[{"href":"https:\/\/impulzus-pszichologia.hu\/index.php?rest_route=\/wp\/v2\/pages"}],"about":[{"href":"https:\/\/impulzus-pszichologia.hu\/index.php?rest_route=\/wp\/v2\/types\/page"}],"author":[{"embeddable":true,"href":"https:\/\/impulzus-pszichologia.hu\/index.php?rest_route=\/wp\/v2\/users\/1"}],"replies":[{"embeddable":true,"href":"https:\/\/impulzus-pszichologia.hu\/index.php?rest_route=%2Fwp%2Fv2%2Fcomments&post=1864"}],"version-history":[{"count":1,"href":"https:\/\/impulzus-pszichologia.hu\/index.php?rest_route=\/wp\/v2\/pages\/1864\/revisions"}],"predecessor-version":[{"id":1865,"href":"https:\/\/impulzus-pszichologia.hu\/index.php?rest_route=\/wp\/v2\/pages\/1864\/revisions\/1865"}],"up":[{"embeddable":true,"href":"https:\/\/impulzus-pszichologia.hu\/index.php?rest_route=\/wp\/v2\/pages\/1851"}],"wp:attachment":[{"href":"https:\/\/impulzus-pszichologia.hu\/index.php?rest_route=%2Fwp%2Fv2%2Fmedia&parent=1864"}],"curies":[{"name":"wp","href":"https:\/\/api.w.org\/{rel}","templated":true}]}}