{"id":1871,"date":"2016-11-14T17:42:13","date_gmt":"2016-11-14T17:42:13","guid":{"rendered":"http:\/\/www.pszich.u-szeged.hu\/impulzus\/?page_id=1871"},"modified":"2016-11-14T17:46:08","modified_gmt":"2016-11-14T17:46:08","slug":"szakirany-valasztast-befolyasolo-hattertenyezok-es-munkaertek-preferenciak-osszehasonlito-vizsgalata-pszichologia-mesterszakosok-koreben","status":"publish","type":"page","link":"https:\/\/impulzus-pszichologia.hu\/?page_id=1871","title":{"rendered":"Szakir\u00e1ny v\u00e1laszt\u00e1st befoly\u00e1sol\u00f3 h\u00e1tt\u00e9rt\u00e9nyez\u0151k \u00e9s munka\u00e9rt\u00e9k preferenci\u00e1k \u00f6sszehasonl\u00edt\u00f3 vizsg\u00e1lata pszichol\u00f3gia mesterszakosok k\u00f6r\u00e9ben"},"content":{"rendered":"<p><a href=\"http:\/\/www.impulzus-pszichologia.hu\/wp-content\/uploads\/2016\/11\/6-szemes-harsanyi.pdf\"><img decoding=\"async\" class=\"alignright size-full wp-image-1684\" src=\"http:\/\/www.impulzus-pszichologia.hu\/wp-content\/uploads\/2014\/09\/pdf-icon.png\" alt=\"pdf-icon\" width=\"80\" srcset=\"https:\/\/impulzus-pszichologia.hu\/wp-content\/uploads\/2014\/09\/pdf-icon.png 256w, https:\/\/impulzus-pszichologia.hu\/wp-content\/uploads\/2014\/09\/pdf-icon-150x150.png 150w\" sizes=\"(max-width: 256px) 100vw, 256px\" \/><\/a><strong>Szemes \u00c1gnes<\/strong>, BME Ergon\u00f3mia \u00e9s Pszichol\u00f3gia Tansz\u00e9k, \u00e9s <strong>Hars\u00e1nyi Szabolcs Gerg\u0151<\/strong>, Szegedi Tudom\u00e1nyegyetem Pszichol\u00f3giai Int\u00e9zet<\/p>\n<p>A pszichol\u00f3gia jelenleg az egyik legn\u00e9pszer\u0171bb szak a v\u00e1laszthat\u00f3 k\u00e9pz\u00e9sek k\u00f6z\u00f6tt (a legmagasabb pontsz\u00e1mot megk\u00edv\u00e1n\u00f3 k\u00e9pz\u00e9sek egyike a Felvi. hu adatai szerint), ahol t\u00f6bbf\u00e9le szakir\u00e1nyon lehet tov\u00e1bbtanulni. Ezekkel egyel\u0151re kev\u00e9s kutat\u00e1s foglalkozott a p\u00e1lyav\u00e1laszt\u00e1s szempontj\u00e1b\u00f3l. Kutat\u00e1sunkban a szakir\u00e1ny v\u00e1laszt\u00e1s\u00e1t befoly\u00e1sol\u00f3 t\u00e9nyez\u0151ket \u00e9s munka\u00e9rt\u00e9k preferenci\u00e1kat hasonl\u00edtottunk \u00f6ssze k\u00e9t n\u00e9pszer\u0171 szakir\u00e1ny: a munka-\u00e9s szervezet \u00e9s a klinikai-\u00e9s eg\u00e9szs\u00e9gpszichol\u00f3gia szakos hallgat\u00f3k k\u00f6r\u00e9ben. Saj\u00e1t fejleszt\u00e9s\u0171 szakir\u00e1ny v\u00e1laszt\u00e1sra vonatkoz\u00f3 k\u00e9rd\u0151\u00edvet \u00e9s a Super-f\u00e9le munka\u00e9rt\u00e9k k\u00e9rd\u0151\u00edvet alkalmaztuk a vizsg\u00e1lat sor\u00e1n. \u00d6sszesen 104 f\u0151 mesterk\u00e9pz\u00e9sen tanul\u00f3 els\u0151 \u00e9ves hallgat\u00f3 vett r\u00e9szt a kutat\u00e1sban, a k\u00e9t szakir\u00e1nyr\u00f3l azonos ar\u00e1nyban. Eredm\u00e9nyeink szerint a munka-\u00e9s szervezetpszichol\u00f3gia szakos hallgat\u00f3k legink\u00e1bb t\u00e1rsadalmi-gazdas\u00e1gi t\u00e9nyez\u0151k (pl. k\u00f6nnyebb elhelyezked\u00e9si lehet\u0151s\u00e9g, magasabb j\u00f6vedelem \u00edg\u00e9rete, biztos \u00e1ll\u00e1s lehet\u0151s\u00e9ge), m\u00edg a klinikai-\u00e9s eg\u00e9szs\u00e9gpszichol\u00f3gia szakos hallgat\u00f3k szem\u00e9lyes t\u00e9nyez\u0151k (pl. szakmai ir\u00e1nti \u00e9rdekl\u0151d\u00e9s, m\u00e1sokon val\u00f3 seg\u00edt\u0151 sz\u00e1nd\u00e9k) hat\u00e1s\u00e1ra v\u00e1lasztj\u00e1k legink\u00e1bb az adott szakir\u00e1nyt. Egyes munka\u00e9rt\u00e9kekben (szellemi \u00f6szt\u00f6nz\u00e9s, altruizmus, anyagi ellenszolg\u00e1ltat\u00e1s) tal\u00e1ltunk k\u00fcl\u00f6nbs\u00e9geket, tov\u00e1bb\u00e1 az int\u00e9zm\u00e9nyek k\u00f6z\u00f6tt is kimutathat\u00f3k voltak elt\u00e9r\u00e9sek az egyetemnek tulajdon\u00edtott h\u00edrn\u00e9v \u00e9s az adott szak oktat\u00e1s\u00e1nak sz\u00ednvonal\u00e1ban. Az eredm\u00e9nyek al\u00e1t\u00e1masztj\u00e1k kor\u00e1bbi, seg\u00edt\u0151 szakm\u00e1kkal v\u00e9gzett kutat\u00e1sok eredm\u00e9nyeit, viszont felvetnek \u00fajabb k\u00e9rd\u00e9seket, melyek tov\u00e1bbi vizsg\u00e1latokat ig\u00e9nyelnek.<\/p>\n<p><strong>Kulcsszavak<\/strong>: pszichol\u00f3gia mesterszak, szakir\u00e1ny v\u00e1laszt\u00e1s, munka\u00e9rt\u00e9k preferencia<\/p>\n<p>[hr\/]<\/p>\n<h3>English abstract<\/h3>\n<p><strong>Background factors of specialization choices by psychology master students. A comparative study of work value preferences<\/strong><br \/>\n<em>Szemes \u00c1gnes<\/em>, BME Department of Ergonomics and Psychology, and <em>Hars\u00e1nyi Szabolcs Gerg\u0151<\/em>, Szeged University, Department of Psychology<\/p>\n<p>Psychology is currently among the most popular choices by young people applying to universities. MA programs in psychology offer specializations, each presenting a different carreer choice.  The background of why psychology student choose a certain specialization has rarely been researched so far. In our research we examined the factors that influence the choice of specialization and the work value preferences comparing students in two specializations: Work and Organization Psychology and Clinical and Health Psychology. A self-developed questionnaire of career choice, and the Super Work Values Questionnaire were used in the investigation.  104 first-year masters students participated in the study, in proportionate number in the two specializations. Results showed that students in Work and Organization Psychology choose their specialization mostly because of socio-economic factors (e.g. better job opportunities, higher expected income), while students in Clinical and Health Psychology are mostly motivated by personal interest (interest in the occupation, intent of helping others). We found differences in work values (mental motivation, altruism, financial considerations), and also detected differences among the institutions (related to university reputation and quality of education). <\/p>\n<p><strong>Keywords<\/strong>: psychology, choice of specialization, work value preferences<\/p>\n<p><\/p>\n<p><a href=\"http:\/\/www.impulzus-pszichologia.hu\/?page_id=1851\" title=\"2016 szeptember\">&laquo; Vissza a tartalomjegyz\u00e9khez<\/a><\/p>\n","protected":false},"excerpt":{"rendered":"<p>Szemes \u00c1gnes, BME Ergon\u00f3mia \u00e9s Pszichol\u00f3gia Tansz\u00e9k, \u00e9s Hars\u00e1nyi Szabolcs Gerg\u0151, Szegedi Tudom\u00e1nyegyetem Pszichol\u00f3giai Int\u00e9zet A pszichol\u00f3gia jelenleg az egyik legn\u00e9pszer\u0171bb szak a v\u00e1laszthat\u00f3 k\u00e9pz\u00e9sek k\u00f6z\u00f6tt (a legmagasabb pontsz\u00e1mot megk\u00edv\u00e1n\u00f3 k\u00e9pz\u00e9sek egyike a Felvi. hu adatai szerint), ahol t\u00f6bbf\u00e9le szakir\u00e1nyon lehet tov\u00e1bbtanulni. Ezekkel egyel\u0151re kev\u00e9s kutat\u00e1s foglalkozott a p\u00e1lyav\u00e1laszt\u00e1s szempontj\u00e1b\u00f3l. Kutat\u00e1sunkban a szakir\u00e1ny v\u00e1laszt\u00e1s\u00e1t befoly\u00e1sol\u00f3 [&hellip;]<\/p>\n","protected":false},"author":1,"featured_media":0,"parent":1851,"menu_order":0,"comment_status":"closed","ping_status":"closed","template":"template_fullwidth.php","meta":{"footnotes":""},"_links":{"self":[{"href":"https:\/\/impulzus-pszichologia.hu\/index.php?rest_route=\/wp\/v2\/pages\/1871"}],"collection":[{"href":"https:\/\/impulzus-pszichologia.hu\/index.php?rest_route=\/wp\/v2\/pages"}],"about":[{"href":"https:\/\/impulzus-pszichologia.hu\/index.php?rest_route=\/wp\/v2\/types\/page"}],"author":[{"embeddable":true,"href":"https:\/\/impulzus-pszichologia.hu\/index.php?rest_route=\/wp\/v2\/users\/1"}],"replies":[{"embeddable":true,"href":"https:\/\/impulzus-pszichologia.hu\/index.php?rest_route=%2Fwp%2Fv2%2Fcomments&post=1871"}],"version-history":[{"count":3,"href":"https:\/\/impulzus-pszichologia.hu\/index.php?rest_route=\/wp\/v2\/pages\/1871\/revisions"}],"predecessor-version":[{"id":1875,"href":"https:\/\/impulzus-pszichologia.hu\/index.php?rest_route=\/wp\/v2\/pages\/1871\/revisions\/1875"}],"up":[{"embeddable":true,"href":"https:\/\/impulzus-pszichologia.hu\/index.php?rest_route=\/wp\/v2\/pages\/1851"}],"wp:attachment":[{"href":"https:\/\/impulzus-pszichologia.hu\/index.php?rest_route=%2Fwp%2Fv2%2Fmedia&parent=1871"}],"curies":[{"name":"wp","href":"https:\/\/api.w.org\/{rel}","templated":true}]}}