{"id":1894,"date":"2017-11-26T15:38:41","date_gmt":"2017-11-26T15:38:41","guid":{"rendered":"http:\/\/www.pszich.u-szeged.hu\/impulzus\/?page_id=1894"},"modified":"2017-11-27T15:32:50","modified_gmt":"2017-11-27T15:32:50","slug":"2017-november","status":"publish","type":"page","link":"https:\/\/impulzus-pszichologia.hu\/?page_id=1894","title":{"rendered":"2017 november"},"content":{"rendered":"<p><img decoding=\"async\" class=\"alignleft size-full wp-image-1676\" src=\"http:\/\/www.impulzus-pszichologia.hu\/wp-content\/uploads\/2017\/11\/impulzus-vol4-cover.jpg\" alt=\"impulzus-vol4\" width=\"250\" \/><\/p>\n<p>SZEGEDI PSZICHOL\u00d3GIAI TANULM\u00c1NYOK<br \/>\nDI\u00c1KSZERZ\u0150K PUBLIK\u00c1CI\u00d3S F\u00d3RUMA<br \/>\n4. \u00c9VFOLYAM, 1. SZ\u00c1M<br \/>\n2017 NOVEMBER<\/p>\n<h2>Tartalomjegyz\u00e9k<\/h2>\n<ul>\n<li><a href=\"http:\/\/www.impulzus-pszichologia.hu\/?page_id=1902\">Fenyegeto\u030b ingerek \u00e9szlel\u00e9se mindennapi \u00e9s negat\u00edv helyzetekben<\/a><br \/>\n<em>Arat\u00f3 \u00c1kos, Stecina Di\u00e1na T\u00fcnde, Losonci Adrienn, Zsid\u00f3 Andr\u00e1s Norbert<\/em>, PTE BTK Pszichol\u00f3giai Int\u00e9zet<\/li>\n<li><a href=\"http:\/\/www.impulzus-pszichologia.hu\/?page_id=1914\">A hazugs\u00e1g folyamata \u00e9s kognit\u00edv ir\u00e1nyults\u00e1g\u00fa vizsg\u00e1l\u00f3elj\u00e1r\u00e1sai<\/a><br \/>\n<em>Buday Zs\u00f3fia<\/em>,  PPKE BTK Pszichol\u00f3giai Int\u00e9zet<\/li>\n<li><a href=\"http:\/\/www.impulzus-pszichologia.hu\/?page_id=1919\">\u00c9lettel val\u00f3 el\u00e9gedetts\u00e9g egy le\u00e1nykarban<\/a><br \/>\n<em>Dalos Vera<\/em>, SZTE BTK Pszichol\u00f3giai Int\u00e9zet<\/li>\n<li><a href=\"http:\/\/www.impulzus-pszichologia.hu\/?page_id=1922\">Az emocion\u00e1lis s\u00edr\u00e1s \u00e9s korrel\u00e1tumai<\/a><br \/>\n<em>Ol\u00e1h Adrienn R\u00e9ka<\/em>, DE BTK Pszichol\u00f3gia Int\u00e9zet<\/li>\n<li><a href=\"http:\/\/www.impulzus-pszichologia.hu\/?page_id=1925\">A filmekbe val\u00f3 bevon\u00f3d\u00e1s, az eml\u00e9kezet \u00e9s a preferencia\u00edt\u00e9letek a m\u00e9dium f\u00fcggv\u00e9ny\u00e9ben<\/a><br \/>\n<em>Peszeki Nikolett<sup>1<\/sup>, Dr. Papp-Zipernovszky Orsolya<sup>2<\/sup><\/em>, <sup>1<\/sup>ELTE PPK Pszichol\u00f3giai Int\u00e9zet, <sup>2<\/sup>SZTE BTK Pszichol\u00f3giai Int\u00e9zet <\/li>\n<li><a href=\"http:\/\/www.impulzus-pszichologia.hu\/?page_id=1929\">Fiatalkori szerencsej\u00e1t\u00e9k-f\u00fcgg\u0151s\u00e9g<\/a><br \/>\n<em>Pet\u0151 Vir\u00e1g Rita<\/em>, DE BTK Pszichol\u00f3giai Int\u00e9zet<\/li>\n<li><a href=\"http:\/\/www.impulzus-pszichologia.hu\/?page_id=1932\">Sz\u00e9gyen \u00e9s b\u00fcszkes\u00e9g-p\u00e1rbesz\u00e9dek vizsg\u00e1lata az \u00e9rzelmi tartalom ment\u00e9n<\/a><br \/>\n<em>Polg\u00e1r Petra Ibolya, Poh\u00e1rnok Melinda<\/em>, PTE BTK Pszichol\u00f3giai Int\u00e9zet<\/li>\n<li><a href=\"http:\/\/www.impulzus-pszichologia.hu\/?page_id=1935\">A sikerkeres\u00e9s \u00e9s kudarcker\u00fcl\u00e9s mot\u00edvumai, viselked\u00e9ses megjelen\u00e9s\u00fck \u00e9s \u00f6sszef\u00fcgg\u00e9seik<\/a><br \/>\n<em>Fodor Bogl\u00e1rka, Mihalik \u00c1rp\u00e1d<\/em>, SZTE BTK Pszichol\u00f3giai Int\u00e9zet<\/li>\n<li><a href=\"http:\/\/www.impulzus-pszichologia.hu\/?page_id=1938\">Az angol tabuszavak hat\u00e1sa lexik\u00e1lis d\u00f6nt\u00e9si helyzetben k\u00e9t tan\u00edt\u00e1si nyelv\u0171 \u00e9s \u00e1ltal\u00e1nos k\u00e9pz\u00e9s\u0171 szem\u00e9lyek eset\u00e9ben<\/a><br \/>\n<em>Fodor Bogl\u00e1rka<\/em>, SZTE BTK Pszichol\u00f3giai Int\u00e9zet<\/li>\n<li><a href=\"http:\/\/www.impulzus-pszichologia.hu\/?page_id=1940\">Egym\u00e1s el\u0151l elz\u00e1rt szellemek lenn\u00e9nk? A \u201em\u00e1sik elme\u201d probl\u00e9m\u00e1ja az \u00f6kol\u00f3gia szeml\u00e9let t\u00fckr\u00e9ben<\/a><br \/>\n<em>Kapornaky Mih\u00e1ly<\/em>, SZTE BTK Pszichol\u00f3giai Int\u00e9zet<\/li>\n<\/ul>\n","protected":false},"excerpt":{"rendered":"<p>SZEGEDI PSZICHOL\u00d3GIAI TANULM\u00c1NYOK DI\u00c1KSZERZ\u0150K PUBLIK\u00c1CI\u00d3S F\u00d3RUMA 4. \u00c9VFOLYAM, 1. SZ\u00c1M 2017 NOVEMBER Tartalomjegyz\u00e9k Fenyegeto\u030b ingerek \u00e9szlel\u00e9se mindennapi \u00e9s negat\u00edv helyzetekben Arat\u00f3 \u00c1kos, Stecina Di\u00e1na T\u00fcnde, Losonci Adrienn, Zsid\u00f3 Andr\u00e1s Norbert, PTE BTK Pszichol\u00f3giai Int\u00e9zet A hazugs\u00e1g folyamata \u00e9s kognit\u00edv ir\u00e1nyults\u00e1g\u00fa vizsg\u00e1l\u00f3elj\u00e1r\u00e1sai Buday Zs\u00f3fia, PPKE BTK Pszichol\u00f3giai Int\u00e9zet \u00c9lettel val\u00f3 el\u00e9gedetts\u00e9g egy le\u00e1nykarban Dalos Vera, SZTE [&hellip;]<\/p>\n","protected":false},"author":1,"featured_media":0,"parent":1378,"menu_order":0,"comment_status":"closed","ping_status":"closed","template":"template_fullwidth.php","meta":{"footnotes":""},"_links":{"self":[{"href":"https:\/\/impulzus-pszichologia.hu\/index.php?rest_route=\/wp\/v2\/pages\/1894"}],"collection":[{"href":"https:\/\/impulzus-pszichologia.hu\/index.php?rest_route=\/wp\/v2\/pages"}],"about":[{"href":"https:\/\/impulzus-pszichologia.hu\/index.php?rest_route=\/wp\/v2\/types\/page"}],"author":[{"embeddable":true,"href":"https:\/\/impulzus-pszichologia.hu\/index.php?rest_route=\/wp\/v2\/users\/1"}],"replies":[{"embeddable":true,"href":"https:\/\/impulzus-pszichologia.hu\/index.php?rest_route=%2Fwp%2Fv2%2Fcomments&post=1894"}],"version-history":[{"count":13,"href":"https:\/\/impulzus-pszichologia.hu\/index.php?rest_route=\/wp\/v2\/pages\/1894\/revisions"}],"predecessor-version":[{"id":1942,"href":"https:\/\/impulzus-pszichologia.hu\/index.php?rest_route=\/wp\/v2\/pages\/1894\/revisions\/1942"}],"up":[{"embeddable":true,"href":"https:\/\/impulzus-pszichologia.hu\/index.php?rest_route=\/wp\/v2\/pages\/1378"}],"wp:attachment":[{"href":"https:\/\/impulzus-pszichologia.hu\/index.php?rest_route=%2Fwp%2Fv2%2Fmedia&parent=1894"}],"curies":[{"name":"wp","href":"https:\/\/api.w.org\/{rel}","templated":true}]}}