{"id":1922,"date":"2017-11-27T15:11:38","date_gmt":"2017-11-27T15:11:38","guid":{"rendered":"http:\/\/www.pszich.u-szeged.hu\/impulzus\/?page_id=1922"},"modified":"2017-11-27T15:33:57","modified_gmt":"2017-11-27T15:33:57","slug":"az-emocionalis-siras-es-korrelatumai","status":"publish","type":"page","link":"https:\/\/impulzus-pszichologia.hu\/?page_id=1922","title":{"rendered":"Az emocion\u00e1lis s\u00edr\u00e1s \u00e9s korrel\u00e1tumai"},"content":{"rendered":"<p><a href=\"http:\/\/www.impulzus-pszichologia.hu\/wp-content\/uploads\/2017\/11\/4-olah.pdf\"><img decoding=\"async\" class=\"alignright size-full wp-image-1684\" src=\"http:\/\/www.impulzus-pszichologia.hu\/wp-content\/uploads\/2014\/09\/pdf-icon.png\" alt=\"pdf-icon\" width=\"80\" srcset=\"https:\/\/impulzus-pszichologia.hu\/wp-content\/uploads\/2014\/09\/pdf-icon.png 256w, https:\/\/impulzus-pszichologia.hu\/wp-content\/uploads\/2014\/09\/pdf-icon-150x150.png 150w\" sizes=\"(max-width: 256px) 100vw, 256px\" \/><\/a><strong>Ol\u00e1h Adrienn R\u00e9ka<\/strong><br \/>\nDE BTK Pszichol\u00f3gia Int\u00e9zet<\/p>\n<p>Az emocion\u00e1lis s\u00edr\u00e1s, a k\u00f6nnytermel\u00e9s fokoz\u00f3d\u00e1sa \u00e9rzelmek hat\u00e1s\u00e1ra jellegzetes, hum\u00e1nspecifikus jelens\u00e9g, amelyet biol\u00f3giai, pszichol\u00f3giai \u00e9s szociokultur\u00e1lis t\u00e9nyez\u0151k befoly\u00e1solnak. Meglehet\u0151sen kev\u00e9ss\u00e9 kutatott ter\u00fcletr\u0151l van sz\u00f3, \u00edgy az eddigi eredm\u00e9nyek r\u00e9szben ellentmond\u00f3ak. A vizsg\u00e1lat c\u00e9lja az eg\u00e9szs\u00e9gi \u00e1llapot, a p\u00e1rkapcsolati el\u00e9gedetts\u00e9g \u00e9s a s\u00edr\u00e1s \u00f6sszef\u00fcgg\u00e9seit vizsg\u00e1lni. A k\u00e9rd\u0151\u00edvet interneten kereszt\u00fcl \u00e9s pap\u00edr form\u00e1ban t\u00f6lt\u00f6tt\u00e9k ki a vizsg\u00e1lati szem\u00e9lyek. A s\u00edr\u00e1st a Frey-f\u00e9le S\u00edr\u00e1si K\u00e9rd\u0151\u00edvvel vizsg\u00e1ltuk, a k\u00e9rd\u0151\u00edv emellett tartalmazta a Goldberg-f\u00e9le \u00c1ltal\u00e1nos Eg\u00e9szs\u00e9gi K\u00e9rd\u0151\u00edv 28 t\u00e9teles v\u00e1ltozat\u00e1t (General Health Questionnaire, GHQ; Goldberg \u00e9s Hillier, 1979), a Kapcsolati El\u00e9gedetts\u00e9g Sk\u00e1l\u00e1t (Hendrick, 1988; Martos \u00e9s mtsai, 1988). A k\u00e9rd\u0151\u00edvet 281 szem\u00e9ly t\u00f6lt\u00f6tte ki, 201 n\u0151 \u00e9s 80 f\u00e9rfi. Az \u00e1tlag\u00e9letkor 26,53 \u00e9v. A n\u0151k egy h\u00f3nap alatt \u00e1tlagosan 4,2 (\u00b1 5,0), a f\u00e9rfiak 1,2 (\u00b1 2,1) alkalommal s\u00edrnak, a n\u0151k szignifik\u00e1nsan gyakrabban s\u00edrnak f\u00e9rfit\u00e1rsaikn\u00e1l. A kapcsolati el\u00e9gedetts\u00e9g \u00e9s a s\u00edr\u00e1si gyakoris\u00e1g k\u00f6z\u00f6tt szignifik\u00e1ns negat\u00edv korrel\u00e1ci\u00f3 van. A depresszi\u00f3 pozit\u00edv kapcsolatban \u00e1ll a s\u00edr\u00e1si gyakoris\u00e1ggal: min\u00e9l magasabb pontsz\u00e1mot \u00e9rt el az illet\u0151 a Depresszi\u00f3 alsk\u00e1l\u00e1n, ann\u00e1l magasabb volt a s\u00edr\u00e1si gyakoris\u00e1ga. A n\u0151kn\u00e9l a s\u00edr\u00e1s er\u0151sebb kapcsolatban \u00e1ll az eg\u00e9szs\u00e9gi \u00e1llapottal. N\u00e1luk a s\u00edr\u00e1si gyakoris\u00e1g szignifik\u00e1ns m\u00f3don (p \u02c2 0,01) korrel\u00e1l a Goldberg-f\u00e9le \u00c1ltal\u00e1nos Eg\u00e9szs\u00e9gi K\u00e9rd\u0151\u00edv \u00f6sszes alsk\u00e1l\u00e1j\u00e1val (Szomatikus panaszok, Szorong\u00e1s \u00e9s inszomnia, Szoci\u00e1lis diszfunkci\u00f3 \u00e9s Depresszi\u00f3 alsk\u00e1l\u00e1val) \u00e9s a k\u00e9rd\u0151\u00edv \u00f6sszpontsz\u00e1m\u00e1val is. M\u00edg a f\u00e9rfiakn\u00e1l a Szomatikus panaszok alsk\u00e1l\u00e1val, a Depresszi\u00f3 alsk\u00e1l\u00e1val \u00e9s a k\u00e9rd\u0151\u00edv \u00f6sszpontsz\u00e1m\u00e1val korrel\u00e1l a s\u00edr\u00e1si gyakoris\u00e1g. Figyelemre m\u00e9lt\u00f3, hogy a n\u0151k 78%-a, a f\u00e9rfiak 62%-a jobban \u00e9rzi mag\u00e1t s\u00edr\u00e1s ut\u00e1n. Az eredm\u00e9nyek szerint a s\u00edr\u00e1s komplex jelens\u00e9g, amely \u00f6sszef\u00fcgg az eg\u00e9szs\u00e9gi \u00e1llapottal, valamint a kapcsolati el\u00e9gedetts\u00e9ggel is. A vizsg\u00e1lt t\u00e9nyez\u0151k k\u00f6z\u00f6tti kapcsolat jellege k\u00fcl\u00f6nb\u00f6zik a n\u0151kn\u00e9l \u00e9s a f\u00e9rfiakn\u00e1l. Ezen \u00f6sszef\u00fcgg\u00e9sek felt\u00e1r\u00e1s\u00e1ra tov\u00e1bbi vizsg\u00e1latok sz\u00fcks\u00e9gesek.<\/p>\n<p><strong>Kulcsszavak<\/strong>: emocion\u00e1lis s\u00edr\u00e1s, eg\u00e9szs\u00e9gi \u00e1llapot, p\u00e1rkapcsolati el\u00e9gedetts\u00e9g, Goldberg-f\u00e9le \u00c1ltal\u00e1nos Eg\u00e9szs\u00e9gi K\u00e9rd\u0151\u00edv, Kapcsolati El\u00e9gedetts\u00e9g Sk\u00e1la <\/p>\n<p>[hr\/]<\/p>\n<h3>English abstract<\/h3>\n<p><strong>Emotiona crying and its correlates<\/strong><\/p>\n<p>Emotional crying, which means the shedding of tears in response to an emotional state, is a humanspecific phenomenon. This type of crying is affected by biological, psychological and socio-cultural factors.  Since this is an under researched field in psychology, there are contradictory results regarding the relation between crying and health. The aim of our study was to explore the relationship between state of health, relationship satisfaction and crying. The participation was voluntary and anonim. We used the following questionnaires: Crying Questionnaire from Frey, General Health Questionnaire, Relationship Assessment Scale. 281 person participated in our study, 201 women and 80 men. The average age was 26,5 years. According to our results, women cry more often than men (women cry 4,2, men 1,2 times per month). There is a significant negative correlation between the relationship satisfaction and the crying frequency. Crying frequency correlates to health state, this is true for both genders. In the case of women, crying frequency correlates to the GHQ somatic symptoms subscale, to the anxiety and insomnia subscal, to the social dysfunction subscale, to the depression subscal and to the global score of GHQ. In the case of men, crying frequency correlates to the somatic symptoms subscale, to the depression subscale and to the global score of GHQ. We found that 78% of women and 65% of men felt better after crying. According to our results, crying is a complex phenomenon, which correlates to health state, relationship satisfaction. In order to explore and understand the above mentioned relations better, we need more investigations.<\/p>\n<p><strong>Key words<\/strong>: emotional crying, health status, relationship satisfaction, Goldberg General Health Questionnaire, Relationship Satisfaction Scale<\/p>\n<p><\/p>\n<p><a href=\"http:\/\/www.impulzus-pszichologia.hu\/?page_id=1894\" title=\"2017 november\">&laquo; Vissza a tartalomjegyz\u00e9khez<\/a><\/p>\n","protected":false},"excerpt":{"rendered":"<p>Ol\u00e1h Adrienn R\u00e9ka DE BTK Pszichol\u00f3gia Int\u00e9zet Az emocion\u00e1lis s\u00edr\u00e1s, a k\u00f6nnytermel\u00e9s fokoz\u00f3d\u00e1sa \u00e9rzelmek hat\u00e1s\u00e1ra jellegzetes, hum\u00e1nspecifikus jelens\u00e9g, amelyet biol\u00f3giai, pszichol\u00f3giai \u00e9s szociokultur\u00e1lis t\u00e9nyez\u0151k befoly\u00e1solnak. Meglehet\u0151sen kev\u00e9ss\u00e9 kutatott ter\u00fcletr\u0151l van sz\u00f3, \u00edgy az eddigi eredm\u00e9nyek r\u00e9szben ellentmond\u00f3ak. A vizsg\u00e1lat c\u00e9lja az eg\u00e9szs\u00e9gi \u00e1llapot, a p\u00e1rkapcsolati el\u00e9gedetts\u00e9g \u00e9s a s\u00edr\u00e1s \u00f6sszef\u00fcgg\u00e9seit vizsg\u00e1lni. A k\u00e9rd\u0151\u00edvet interneten kereszt\u00fcl [&hellip;]<\/p>\n","protected":false},"author":1,"featured_media":0,"parent":1894,"menu_order":0,"comment_status":"closed","ping_status":"closed","template":"template_fullwidth.php","meta":{"footnotes":""},"_links":{"self":[{"href":"https:\/\/impulzus-pszichologia.hu\/index.php?rest_route=\/wp\/v2\/pages\/1922"}],"collection":[{"href":"https:\/\/impulzus-pszichologia.hu\/index.php?rest_route=\/wp\/v2\/pages"}],"about":[{"href":"https:\/\/impulzus-pszichologia.hu\/index.php?rest_route=\/wp\/v2\/types\/page"}],"author":[{"embeddable":true,"href":"https:\/\/impulzus-pszichologia.hu\/index.php?rest_route=\/wp\/v2\/users\/1"}],"replies":[{"embeddable":true,"href":"https:\/\/impulzus-pszichologia.hu\/index.php?rest_route=%2Fwp%2Fv2%2Fcomments&post=1922"}],"version-history":[{"count":3,"href":"https:\/\/impulzus-pszichologia.hu\/index.php?rest_route=\/wp\/v2\/pages\/1922\/revisions"}],"predecessor-version":[{"id":1943,"href":"https:\/\/impulzus-pszichologia.hu\/index.php?rest_route=\/wp\/v2\/pages\/1922\/revisions\/1943"}],"up":[{"embeddable":true,"href":"https:\/\/impulzus-pszichologia.hu\/index.php?rest_route=\/wp\/v2\/pages\/1894"}],"wp:attachment":[{"href":"https:\/\/impulzus-pszichologia.hu\/index.php?rest_route=%2Fwp%2Fv2%2Fmedia&parent=1922"}],"curies":[{"name":"wp","href":"https:\/\/api.w.org\/{rel}","templated":true}]}}