{"id":1925,"date":"2017-11-27T15:16:25","date_gmt":"2017-11-27T15:16:25","guid":{"rendered":"http:\/\/www.pszich.u-szeged.hu\/impulzus\/?page_id=1925"},"modified":"2017-11-27T15:16:39","modified_gmt":"2017-11-27T15:16:39","slug":"a-filmekbe-valo-bevonodas-az-emlekezet-es-a-preferenciaiteletek-a-medium-fuggvenyeben","status":"publish","type":"page","link":"https:\/\/impulzus-pszichologia.hu\/?page_id=1925","title":{"rendered":"A filmekbe val\u00f3 bevon\u00f3d\u00e1s, az eml\u00e9kezet \u00e9s a preferencia\u00edt\u00e9letek a m\u00e9dium f\u00fcggv\u00e9ny\u00e9ben"},"content":{"rendered":"<p><a href=\"http:\/\/www.impulzus-pszichologia.hu\/wp-content\/uploads\/2017\/11\/5-peszeki.pdf\"><img decoding=\"async\" class=\"alignright size-full wp-image-1684\" src=\"http:\/\/www.impulzus-pszichologia.hu\/wp-content\/uploads\/2014\/09\/pdf-icon.png\" alt=\"pdf-icon\" width=\"80\" srcset=\"https:\/\/impulzus-pszichologia.hu\/wp-content\/uploads\/2014\/09\/pdf-icon.png 256w, https:\/\/impulzus-pszichologia.hu\/wp-content\/uploads\/2014\/09\/pdf-icon-150x150.png 150w\" sizes=\"(max-width: 256px) 100vw, 256px\" \/><\/a><strong>Peszeki Nikolett<sup>1<\/sup>, Dr. Papp-Zipernovszky Orsolya<sup>2<\/sup><\/strong><br \/>\n<sup>1<\/sup>ELTE PPK Pszichol\u00f3gia, <sup>2<\/sup>SZTE BTK Pszichol\u00f3giai Int\u00e9zet<\/p>\n<p>Jelen kutat\u00e1sban arra a k\u00e9rd\u00e9sre keress\u00fck a v\u00e1laszt, hogy napjaink megv\u00e1ltozott, a felgyorsult \u00e9lethez alkalmazkod\u00f3 filmn\u00e9z\u00e9si szok\u00e1sai mennyiben befoly\u00e1solj\u00e1k a befogad\u00e1s kognit\u00edv \u00e9s \u00e9rzelmi \u00f6sszetev\u0151it. Vizsg\u00e1ljuk a filmn\u00e9z\u00e9s k\u00f6r\u00fclm\u00e9nyeinek (nyugodt, zavartalan k\u00f6rnyezet versus zavart k\u00f6rnyezet), a filmi narrat\u00edvumba val\u00f3 bevon\u00f3d\u00e1snak (NES, Buselle &#038; Bilandzic, 2009), az eml\u00e9kezetnek \u00e9s a tetsz\u00e9s\u00edt\u00e9letnek az \u00f6sszef\u00fcgg\u00e9seit, 45 egyetemista hallgat\u00f3 v\u00e1laszaiban. Az eredm\u00e9nyek szerint a k\u00eds\u00e9rleti helyzetben a zavar\u00e1s nem volt  hat\u00e1ssal a narrat\u00edv bevon\u00f3d\u00e1sra \u00e9s az eml\u00e9kezeti el\u0151h\u00edv\u00e1sra, \u00e9s a szubjekt\u00edv meg\u00edt\u00e9l\u00e9sre is csak tendenciaszinten. A narrat\u00edv bevon\u00f3d\u00e1s \u00e9s a szubjekt\u00edv film\u00e9lm\u00e9ny k\u00f6z\u00f6tt viszont er\u0151s \u00f6sszef\u00fcgg\u00e9s volt tapasztalhat\u00f3.<\/p>\n<p><strong>Kulcsszavak<\/strong>: narrat\u00edv bevon\u00f3d\u00e1s, filmn\u00e9z\u00e9s, m\u00e9diafogyaszt\u00e1s, zavart ingerfeldolgoz\u00e1s<\/p>\n<p>[hr\/]<\/p>\n<h3>English abstract<\/h3>\n<p><strong>Narrative engagement, memory and preference judgements, depending on medium conditions<\/strong><\/p>\n<p>In this study, we examine how factors like changed and adapted habits of watching movies affect psychological phenomena that are activated during the reception of art (movie watching). We examine the role of preference judgments in narrative engagement and the effects of disturbed stimuli on the recall phase of the memory process. In sum, the interrelations of four factors are examined: narrative engagement, memory, the conditions of movie watching (calm, uninterrupted condition; interrupted condition; and active disturbance condition) and subjective liking. Data involves the answers of 45 university students in 3 experimental setups. The results showed that neither the conditions of movie watching, nor the potential disturbance did not influence narrative engagement and memory recall, however, they influenced the subjective liking of the movie at a tendency level, and there was a strong correlation between narrative engagement and subjective opinion.<\/p>\n<p><strong>Key words<\/strong>: narrative involvement, watching movies, media consumption, disturbed information processing<\/p>\n<p><\/p>\n<p><a href=\"http:\/\/www.impulzus-pszichologia.hu\/?page_id=1894\" title=\"2017 november\">&laquo; Vissza a tartalomjegyz\u00e9khez<\/a><\/p>\n","protected":false},"excerpt":{"rendered":"<p>Peszeki Nikolett1, Dr. Papp-Zipernovszky Orsolya2 1ELTE PPK Pszichol\u00f3gia, 2SZTE BTK Pszichol\u00f3giai Int\u00e9zet Jelen kutat\u00e1sban arra a k\u00e9rd\u00e9sre keress\u00fck a v\u00e1laszt, hogy napjaink megv\u00e1ltozott, a felgyorsult \u00e9lethez alkalmazkod\u00f3 filmn\u00e9z\u00e9si szok\u00e1sai mennyiben befoly\u00e1solj\u00e1k a befogad\u00e1s kognit\u00edv \u00e9s \u00e9rzelmi \u00f6sszetev\u0151it. Vizsg\u00e1ljuk a filmn\u00e9z\u00e9s k\u00f6r\u00fclm\u00e9nyeinek (nyugodt, zavartalan k\u00f6rnyezet versus zavart k\u00f6rnyezet), a filmi narrat\u00edvumba val\u00f3 bevon\u00f3d\u00e1snak (NES, Buselle &#038; [&hellip;]<\/p>\n","protected":false},"author":1,"featured_media":0,"parent":1894,"menu_order":0,"comment_status":"closed","ping_status":"closed","template":"template_fullwidth.php","meta":{"footnotes":""},"_links":{"self":[{"href":"https:\/\/impulzus-pszichologia.hu\/index.php?rest_route=\/wp\/v2\/pages\/1925"}],"collection":[{"href":"https:\/\/impulzus-pszichologia.hu\/index.php?rest_route=\/wp\/v2\/pages"}],"about":[{"href":"https:\/\/impulzus-pszichologia.hu\/index.php?rest_route=\/wp\/v2\/types\/page"}],"author":[{"embeddable":true,"href":"https:\/\/impulzus-pszichologia.hu\/index.php?rest_route=\/wp\/v2\/users\/1"}],"replies":[{"embeddable":true,"href":"https:\/\/impulzus-pszichologia.hu\/index.php?rest_route=%2Fwp%2Fv2%2Fcomments&post=1925"}],"version-history":[{"count":1,"href":"https:\/\/impulzus-pszichologia.hu\/index.php?rest_route=\/wp\/v2\/pages\/1925\/revisions"}],"predecessor-version":[{"id":1927,"href":"https:\/\/impulzus-pszichologia.hu\/index.php?rest_route=\/wp\/v2\/pages\/1925\/revisions\/1927"}],"up":[{"embeddable":true,"href":"https:\/\/impulzus-pszichologia.hu\/index.php?rest_route=\/wp\/v2\/pages\/1894"}],"wp:attachment":[{"href":"https:\/\/impulzus-pszichologia.hu\/index.php?rest_route=%2Fwp%2Fv2%2Fmedia&parent=1925"}],"curies":[{"name":"wp","href":"https:\/\/api.w.org\/{rel}","templated":true}]}}