{"id":1929,"date":"2017-11-27T15:19:26","date_gmt":"2017-11-27T15:19:26","guid":{"rendered":"http:\/\/www.pszich.u-szeged.hu\/impulzus\/?page_id=1929"},"modified":"2017-11-27T15:19:26","modified_gmt":"2017-11-27T15:19:26","slug":"fiatalkori-szerencsejatek-fuggoseg","status":"publish","type":"page","link":"https:\/\/impulzus-pszichologia.hu\/?page_id=1929","title":{"rendered":"Fiatalkori szerencsej\u00e1t\u00e9k-f\u00fcgg\u0151s\u00e9g"},"content":{"rendered":"<p><a href=\"http:\/\/www.impulzus-pszichologia.hu\/wp-content\/uploads\/2017\/11\/6-peto.pdf\"><img decoding=\"async\" class=\"alignright size-full wp-image-1684\" src=\"http:\/\/www.impulzus-pszichologia.hu\/wp-content\/uploads\/2014\/09\/pdf-icon.png\" alt=\"pdf-icon\" width=\"80\" srcset=\"https:\/\/impulzus-pszichologia.hu\/wp-content\/uploads\/2014\/09\/pdf-icon.png 256w, https:\/\/impulzus-pszichologia.hu\/wp-content\/uploads\/2014\/09\/pdf-icon-150x150.png 150w\" sizes=\"(max-width: 256px) 100vw, 256px\" \/><\/a><strong>Pet\u0151 Vir\u00e1g Rita<\/strong><br \/>\nDE BTK Pszichol\u00f3giai Int\u00e9zet<\/p>\n<p>A probl\u00e9m\u00e1s szerencsej\u00e1t\u00e9kosok sz\u00e1ma napjainkban egyre nagyobb ar\u00e1nyban van jelen a n\u00e9pess\u00e9gben. Az alapj\u00e1n, hogy f\u0151k\u00e9nt a feln\u0151tt popul\u00e1ci\u00f3t c\u00e9lozz\u00e1k meg a seg\u00edt\u0151 ter\u00e1pi\u00e1k, azt gondolhatjuk, hogy \u0151ket \u00e9rinti jobban ez a probl\u00e9ma, azonban a fiatalok, serd\u00fcl\u0151k azok, akik a legink\u00e1bb vesz\u00e9lyeztetve vannak. Fokozatokat ugyan\u00fagy elk\u00fcl\u00f6n\u00edthet\u00fcnk a tin\u00e9dzserekn\u00e9l is, mint a feln\u0151ttekn\u00e9l. A feln\u0151tt szerencsej\u00e1t\u00e9k-f\u00fcgg\u0151kh\u00f6z viszony\u00edtva a serd\u00fcl\u0151k k\u00f6r\u00e9ben 2-4-szer akkora az el\u0151fordul\u00e1si val\u00f3sz\u00edn\u0171s\u00e9g. T\u00f6bb t\u00e9nyez\u0151 megl\u00e9te (demogr\u00e1fiai t\u00e9nyez\u0151k, fiziol\u00f3giai t\u00e9nyez\u0151k, szem\u00e9lyis\u00e9gjegyek, bizonyos kort\u00e1rsak hat\u00e1sa stb.) teszi lehet\u0151v\u00e9, hogy keress\u00e9k az ilyen fajta tev\u00e9kenys\u00e9geket. Referenciacsoportjukban elfoglalt hely\u00fck, valamint szem\u00e9lyes kapcsolataik csal\u00e1dtagjaikkal, bar\u00e1taikkal nagyban befoly\u00e1solja \u00e9rdekl\u0151d\u00e9si k\u00f6r\u00fcket \u00e9s szabadid\u0151s tev\u00e9kenys\u00e9g\u00fcket. T\u00f6bb esetben a m\u00e9dia ir\u00e1ny\u00edtja a fiatalok szerencsej\u00e1t\u00e9kkal kapcsolatos attit\u0171djeinek kialakul\u00e1s\u00e1t. Nagy h\u00e1tr\u00e1nyt jelent, hogy a tin\u00e9dzserek nem \u00e9rdekeltek abban, hogy ter\u00e1pi\u00e1ra menjenek \u00e9s seg\u00edts\u00e9get k\u00e9rjenek, mivel nem \u00e9rzik annak sz\u00fcks\u00e9gess\u00e9g\u00e9t, azonban sz\u00e1mtalan lehet\u0151s\u00e9g \u00e1ll a rendelkez\u00e9s\u00fckre, melyek gy\u00f3gyul\u00e1st biztos\u00edthatnak sz\u00e1mukra. Ezen prevenci\u00f3s lehet\u0151s\u00e9gek ismerete \u00e9s ig\u00e9nybev\u00e9tele seg\u00edthet probl\u00e9m\u00e1ik megold\u00e1s\u00e1ban, f\u00fcgg\u0151s\u00e9g\u00fck enyh\u00edt\u00e9s\u00e9ben.<\/p>\n<p><strong>Kulcsszavak<\/strong>: fiatalkori szerencsej\u00e1t\u00e9k-f\u00fcgg\u0151s\u00e9g, f\u00fcgg\u0151s\u00e9g ter\u00e1pia, prevenci\u00f3<\/p>\n<p>[hr\/]<\/p>\n<h3>English abstract<\/h3>\n<p><strong>Addiction to gambling among young people<\/strong><\/p>\n<p>The number of pathological gamblers is growing in the population. Therapy usually aims at the adult population, and we may think that they are the ones who need help, but adolescents are even more at risk. The same classification is valid for adults and adolescents. The prevalence of pathological gamblers is 2-4 times higher among adolescents than among adults. Several factors (demographic, physiological, personality, peer pressure, etc.) may lead them to seek gambling activities. Their place in their reference group, personal relationships with family members and friends can influence pastime activities and interests. In several cases, media may also shape gambling attitudes. It is a drawback that adolescents are not interested in, and do not feel the need of seeking help or going into therapy. Nevertheless, numerous possibilites are available, which may ensure recovery.  By the knowledge and use of these possibilities, young people are able to relieve their addiction.<\/p>\n<p><strong>Key words<\/strong>: gambling addiction in youth, addiction therapy, prevention<\/p>\n<p><\/p>\n<p><a href=\"http:\/\/www.impulzus-pszichologia.hu\/?page_id=1894\" title=\"2017 november\">&laquo; Vissza a tartalomjegyz\u00e9khez<\/a><\/p>\n","protected":false},"excerpt":{"rendered":"<p>Pet\u0151 Vir\u00e1g Rita DE BTK Pszichol\u00f3giai Int\u00e9zet A probl\u00e9m\u00e1s szerencsej\u00e1t\u00e9kosok sz\u00e1ma napjainkban egyre nagyobb ar\u00e1nyban van jelen a n\u00e9pess\u00e9gben. Az alapj\u00e1n, hogy f\u0151k\u00e9nt a feln\u0151tt popul\u00e1ci\u00f3t c\u00e9lozz\u00e1k meg a seg\u00edt\u0151 ter\u00e1pi\u00e1k, azt gondolhatjuk, hogy \u0151ket \u00e9rinti jobban ez a probl\u00e9ma, azonban a fiatalok, serd\u00fcl\u0151k azok, akik a legink\u00e1bb vesz\u00e9lyeztetve vannak. Fokozatokat ugyan\u00fagy elk\u00fcl\u00f6n\u00edthet\u00fcnk a tin\u00e9dzserekn\u00e9l [&hellip;]<\/p>\n","protected":false},"author":1,"featured_media":0,"parent":1894,"menu_order":0,"comment_status":"closed","ping_status":"closed","template":"template_fullwidth.php","meta":{"footnotes":""},"_links":{"self":[{"href":"https:\/\/impulzus-pszichologia.hu\/index.php?rest_route=\/wp\/v2\/pages\/1929"}],"collection":[{"href":"https:\/\/impulzus-pszichologia.hu\/index.php?rest_route=\/wp\/v2\/pages"}],"about":[{"href":"https:\/\/impulzus-pszichologia.hu\/index.php?rest_route=\/wp\/v2\/types\/page"}],"author":[{"embeddable":true,"href":"https:\/\/impulzus-pszichologia.hu\/index.php?rest_route=\/wp\/v2\/users\/1"}],"replies":[{"embeddable":true,"href":"https:\/\/impulzus-pszichologia.hu\/index.php?rest_route=%2Fwp%2Fv2%2Fcomments&post=1929"}],"version-history":[{"count":1,"href":"https:\/\/impulzus-pszichologia.hu\/index.php?rest_route=\/wp\/v2\/pages\/1929\/revisions"}],"predecessor-version":[{"id":1930,"href":"https:\/\/impulzus-pszichologia.hu\/index.php?rest_route=\/wp\/v2\/pages\/1929\/revisions\/1930"}],"up":[{"embeddable":true,"href":"https:\/\/impulzus-pszichologia.hu\/index.php?rest_route=\/wp\/v2\/pages\/1894"}],"wp:attachment":[{"href":"https:\/\/impulzus-pszichologia.hu\/index.php?rest_route=%2Fwp%2Fv2%2Fmedia&parent=1929"}],"curies":[{"name":"wp","href":"https:\/\/api.w.org\/{rel}","templated":true}]}}