{"id":1932,"date":"2017-11-27T15:23:39","date_gmt":"2017-11-27T15:23:39","guid":{"rendered":"http:\/\/www.pszich.u-szeged.hu\/impulzus\/?page_id=1932"},"modified":"2017-11-27T15:23:39","modified_gmt":"2017-11-27T15:23:39","slug":"szegyen-es-buszkeseg-parbeszedek-vizsgalata-az-erzelmi-tartalom-menten","status":"publish","type":"page","link":"https:\/\/impulzus-pszichologia.hu\/?page_id=1932","title":{"rendered":"Sz\u00e9gyen \u00e9s b\u00fcszkes\u00e9g-p\u00e1rbesz\u00e9dek vizsg\u00e1lata az \u00e9rzelmi tartalom ment\u00e9n"},"content":{"rendered":"<p><a href=\"http:\/\/www.impulzus-pszichologia.hu\/wp-content\/uploads\/2017\/11\/7-polgar.pdf\"><img decoding=\"async\" class=\"alignright size-full wp-image-1684\" src=\"http:\/\/www.impulzus-pszichologia.hu\/wp-content\/uploads\/2014\/09\/pdf-icon.png\" alt=\"pdf-icon\" width=\"80\" srcset=\"https:\/\/impulzus-pszichologia.hu\/wp-content\/uploads\/2014\/09\/pdf-icon.png 256w, https:\/\/impulzus-pszichologia.hu\/wp-content\/uploads\/2014\/09\/pdf-icon-150x150.png 150w\" sizes=\"(max-width: 256px) 100vw, 256px\" \/><\/a><strong>Polg\u00e1r Petra Ibolya, Dr. Poh\u00e1rnok Melinda<\/strong><br \/>\nPTE BTK Pszichol\u00f3giai Int\u00e9zet<\/p>\n<p>Kutat\u00e1sunkban a sz\u00e9gyen \u00e9s b\u00fcszkes\u00e9g-p\u00e1rbesz\u00e9deket vizsg\u00e1ltuk az \u00e9rzelmi tartalom ment\u00e9n, egy \u00fajonnan kidolgozott k\u00f3dk\u00f6nyv seg\u00edts\u00e9g\u00e9vel. A vizsg\u00e1latban 54 anya-gyermek p\u00e1ros vett r\u00e9szt &#8211; k\u00f6zt\u00fck 24 l\u00e1ny \u00e9s 30 fi\u00fa -; feladatuk egy-egy olyan sz\u00e9gyen-, illetve b\u00fcszkes\u00e9gt\u00f6rt\u00e9net felid\u00e9z\u00e9se volt, amelyn\u00e9l mindketten jelen voltak. A 2015-ben felvett interj\u00fak p\u00e1rbesz\u00e9deiben tal\u00e1lhat\u00f3 k\u00f3dok k\u00f6z\u00fcl a jelen kutat\u00e1sban csak a <em>pozit\u00edv, illetve negat\u00edv kategorikus \u00e9rzelmet kifejez\u0151 szavak vagy metafor\u00e1k<\/em>; a <em>pozit\u00edv, illetve negat\u00edv \u00e9rzelmi viselked\u00e9sre utal\u00f3 kifejez\u00e9sek<\/em>; valamint a <em>pozit\u00edv, illetve negat\u00edv \u00e9rt\u00e9kel\u00e9sek<\/em> k\u00f3djai vettek r\u00e9szt. Eredm\u00e9nyeink szerint a pozit\u00edv kategorikus \u00e9rzelmet kifejez\u0151 szavak \u00e9s metafor\u00e1k, a pozit\u00edv \u00e9rzelmi viselked\u00e9sre utal\u00f3 kifejez\u00e9sek, a pozit\u00edv \u00e9rt\u00e9kel\u00e9sek, illetve \u00f6sszess\u00e9g\u00e9ben v\u00e9ve a pozit\u00edv \u00e9rzelmi megnyilv\u00e1nul\u00e1sok \u00e1tlaga szignifik\u00e1nsan magasabb \u00e9rt\u00e9ket \u00e9rt el a b\u00fcszkes\u00e9gt\u00f6rt\u00e9netekben, mint a sz\u00e9gyent\u00f6rt\u00e9netekben. A hipot\u00e9ziseknek megfelel\u0151en alakult a negat\u00edv kategorikus \u00e9rzelmet kifejez\u0151 szavak \u00e9s metafor\u00e1k, a negat\u00edv \u00e9rzelmi viselked\u00e9sre utal\u00f3 kifejez\u00e9sek, a negat\u00edv \u00e9rt\u00e9kel\u00e9sek, illetve \u00f6sszess\u00e9g\u00e9ben v\u00e9ve a negat\u00edv \u00e9rzelmi megnyilv\u00e1nul\u00e1sok \u00e1tlaga is: ezek a sz\u00e9gyent\u00f6rt\u00e9netekben lettek szignifik\u00e1nsan magasabbak. Tov\u00e1bb\u00e1 az \u00e9rzelmekkel kapcsolatos megnyilv\u00e1nul\u00e1sok magasabb \u00e9rt\u00e9ket \u00e9rtek el a sz\u00e9gyen-p\u00e1rbesz\u00e9dekben, mint a b\u00fcszkes\u00e9get felid\u00e9z\u0151kben. A l\u00e1nygyermekek any\u00e1ikkal folytatott felid\u00e9z\u00e9seiben felt\u00e9telezett magasabb \u00e9rzelmi tartalom azonban nem volt kimutathat\u00f3. Az anya \u00e9s fi\u00fagyermeke \u00e1ltal felid\u00e9zett sz\u00e9gyent\u00f6rt\u00e9netekben az \u00e9rt\u00e9kel\u00e9sek, m\u00edg ugyanezen anya-l\u00e1nygyermek dial\u00f3gusokban az \u00e9rzelmi viselked\u00e9sre vonatkoz\u00f3 megnyilv\u00e1nul\u00e1sok ker\u00fcltek t\u00fals\u00falyba.<\/p>\n<p><strong>Kulcsszavak<\/strong>: b\u00fcszkes\u00e9g- \u00e9s sz\u00e9gyent\u00f6rt\u00e9netek, \u00e9rzelmi tartalom k\u00f3dol\u00e1sa, \u00e9rzelmi tartalom felid\u00e9z\u00e9se, anya-gyermek p\u00e1rbesz\u00e9d<\/p>\n<p>[hr\/]<\/p>\n<h3>English abstract<\/h3>\n<p><strong>Investigation of dialogues of shame and pride along the emotional content<\/strong><\/p>\n<p>In this research we investigated dialogues of shame and pride along emotional content, by using a new coding system. We conducted interviews with 54 mother-child pairs (24 girls and 30 boys), whose task was to evoke two stories &#8211; one about a shameful event and other invoking pride. From the coding system expressions of \u2019positive or negative categorical emotions\u2019; \u2019positive or negative emotional behaviour\u2019 and \u2019positive or negative evaluation\u2019 were used. Results showed that expressions of positive categorical emotions, positive emotional behaviour, positive evaluation and all the positive emotional phrases had a significantly higher value in the dialogues of pride; while the expressions of negative categorical emotions, negative emotional behaviour, negative evaluation and all the negative emotional phrases indicated higher means in the stories of shame. Results certified that phrases connected with emotions reach a higher value in dialogues of shame, but it could not be proven that in stories narrated by mothers and daughters the emotional content would be higher. Results also showed that that in dialogues of mothers and sons there were more evaluations, while in stories of mothers and daughters the number of expressions connected with emotional behaviour was higher.<\/p>\n<p><strong>Key words<\/strong>: stories of shame and pride, evocation of emotional content, coding of emotional content, mother-child dialogues<\/p>\n<p><\/p>\n<p><a href=\"http:\/\/www.impulzus-pszichologia.hu\/?page_id=1894\" title=\"2017 november\">&laquo; Vissza a tartalomjegyz\u00e9khez<\/a><\/p>\n","protected":false},"excerpt":{"rendered":"<p>Polg\u00e1r Petra Ibolya, Dr. Poh\u00e1rnok Melinda PTE BTK Pszichol\u00f3giai Int\u00e9zet Kutat\u00e1sunkban a sz\u00e9gyen \u00e9s b\u00fcszkes\u00e9g-p\u00e1rbesz\u00e9deket vizsg\u00e1ltuk az \u00e9rzelmi tartalom ment\u00e9n, egy \u00fajonnan kidolgozott k\u00f3dk\u00f6nyv seg\u00edts\u00e9g\u00e9vel. A vizsg\u00e1latban 54 anya-gyermek p\u00e1ros vett r\u00e9szt &#8211; k\u00f6zt\u00fck 24 l\u00e1ny \u00e9s 30 fi\u00fa -; feladatuk egy-egy olyan sz\u00e9gyen-, illetve b\u00fcszkes\u00e9gt\u00f6rt\u00e9net felid\u00e9z\u00e9se volt, amelyn\u00e9l mindketten jelen voltak. A 2015-ben felvett [&hellip;]<\/p>\n","protected":false},"author":1,"featured_media":0,"parent":1894,"menu_order":0,"comment_status":"closed","ping_status":"closed","template":"template_fullwidth.php","meta":{"footnotes":""},"_links":{"self":[{"href":"https:\/\/impulzus-pszichologia.hu\/index.php?rest_route=\/wp\/v2\/pages\/1932"}],"collection":[{"href":"https:\/\/impulzus-pszichologia.hu\/index.php?rest_route=\/wp\/v2\/pages"}],"about":[{"href":"https:\/\/impulzus-pszichologia.hu\/index.php?rest_route=\/wp\/v2\/types\/page"}],"author":[{"embeddable":true,"href":"https:\/\/impulzus-pszichologia.hu\/index.php?rest_route=\/wp\/v2\/users\/1"}],"replies":[{"embeddable":true,"href":"https:\/\/impulzus-pszichologia.hu\/index.php?rest_route=%2Fwp%2Fv2%2Fcomments&post=1932"}],"version-history":[{"count":1,"href":"https:\/\/impulzus-pszichologia.hu\/index.php?rest_route=\/wp\/v2\/pages\/1932\/revisions"}],"predecessor-version":[{"id":1933,"href":"https:\/\/impulzus-pszichologia.hu\/index.php?rest_route=\/wp\/v2\/pages\/1932\/revisions\/1933"}],"up":[{"embeddable":true,"href":"https:\/\/impulzus-pszichologia.hu\/index.php?rest_route=\/wp\/v2\/pages\/1894"}],"wp:attachment":[{"href":"https:\/\/impulzus-pszichologia.hu\/index.php?rest_route=%2Fwp%2Fv2%2Fmedia&parent=1932"}],"curies":[{"name":"wp","href":"https:\/\/api.w.org\/{rel}","templated":true}]}}