{"id":1935,"date":"2017-11-27T15:27:45","date_gmt":"2017-11-27T15:27:45","guid":{"rendered":"http:\/\/www.pszich.u-szeged.hu\/impulzus\/?page_id=1935"},"modified":"2017-11-27T15:27:45","modified_gmt":"2017-11-27T15:27:45","slug":"a-sikerkereses-es-kudarckerules-motivumai-viselkedeses-megjelenesuk-es-osszefuggeseik","status":"publish","type":"page","link":"https:\/\/impulzus-pszichologia.hu\/?page_id=1935","title":{"rendered":"A sikerkeres\u00e9s \u00e9s kudarcker\u00fcl\u00e9s mot\u00edvumai, viselked\u00e9ses megjelen\u00e9s\u00fck \u00e9s \u00f6sszef\u00fcgg\u00e9seik"},"content":{"rendered":"<p><a href=\"http:\/\/www.impulzus-pszichologia.hu\/wp-content\/uploads\/2017\/11\/8-fodor.pdf\"><img decoding=\"async\" class=\"alignright size-full wp-image-1684\" src=\"http:\/\/www.impulzus-pszichologia.hu\/wp-content\/uploads\/2014\/09\/pdf-icon.png\" alt=\"pdf-icon\" width=\"80\" srcset=\"https:\/\/impulzus-pszichologia.hu\/wp-content\/uploads\/2014\/09\/pdf-icon.png 256w, https:\/\/impulzus-pszichologia.hu\/wp-content\/uploads\/2014\/09\/pdf-icon-150x150.png 150w\" sizes=\"(max-width: 256px) 100vw, 256px\" \/><\/a><strong>Fodor Bogl\u00e1rka, Mihalik \u00c1rp\u00e1d<\/strong><br \/>\nSZTE BTK Pszichol\u00f3giai Int\u00e9zet<\/p>\n<p>A sikerkeres\u00e9s \u00e9s kudarcker\u00fcl\u00e9s mot\u00edvumai minden teljes\u00edtm\u00e9nyhelyzetben megmutatkoznak. Kutat\u00e1sunk c\u00e9lja a k\u00e9t mot\u00edvum vizsg\u00e1lata, viselked\u00e9ses megjelen\u00e9s\u00e9nek \u00e9s \u00f6sszef\u00fcgg\u00e9seinek megismer\u00e9se az \u00f6n\u00e9rt\u00e9kel\u00e9ssel, a szorong\u00e1ssal, tov\u00e1bb\u00e1 a verseng\u00e9ssel kapcsolatos attit\u0171d\u00f6kkel \u00e9s a sportol\u00e1ssal. A mint\u00e1ban szerepl\u0151 71 f\u0151 pap\u00edr-ceruza alap\u00fa k\u00e9rd\u0151\u00edvcsomagot t\u00f6lt\u00f6tt ki, melynek r\u00e9sz\u00e9t k\u00e9pezte egy sportol\u00e1si szok\u00e1sokra vonatkoz\u00f3 k\u00e9rd\u00e9ssor, a Rosenberg-f\u00e9le \u00d6n\u00e9rt\u00e9kel\u00e9s Sk\u00e1la alternat\u00edv ford\u00edt\u00e1sa (RSES-H), a Spielberger \u00c1llapot- \u00e9s Von\u00e1sszorong\u00e1s K\u00e9rd\u0151\u00edv (STAI), a T\u00f6bbsz\u00f6r\u00f6s Verseng\u00e9si Attit\u0171d Lelt\u00e1r (MCAI), \u00e9s az Achievement Motives Scale \u00e1tdolgozott, \u00e1ltalunk ford\u00edtott v\u00e1ltozata (AMS-R). Emellett a kutat\u00e1sban felhaszn\u00e1ltunk egy online j\u00e1t\u00e9kot is, mely a vizsg\u00e1lati szem\u00e9lyek teljes\u00edtm\u00e9ny ir\u00e1nti ig\u00e9nyszintj\u00e9nek meg\u00e1llap\u00edt\u00e1s\u00e1ra volt alkalmas. Eredm\u00e9nyeink alapj\u00e1n elmondhat\u00f3, hogy a sikerkeres\u00e9s magasabb \u00f6n\u00e9rt\u00e9kel\u00e9ssel \u00e9s alacsonyabb szorong\u00e1ssal j\u00e1r egy\u00fctt. Emellett az \u00f6nfejleszt\u0151 verseng\u00e9s pozit\u00edv kapcsolatot mutat a sikerkeres\u00e9ssel, m\u00edg a versenyker\u00fcl\u00e9s a kudarcker\u00fcl\u00e9ssel \u00e1ll pozit\u00edv \u00f6sszef\u00fcgg\u00e9sben a k\u00e9rd\u0151\u00edves eredm\u00e9nyek alapj\u00e1n. Azonban a viselked\u00e9ses v\u00e1laszok alapj\u00e1n t\u00f6rt\u00e9n\u0151 sikerkeres\u00e9s \u00e9s kudarcker\u00fcl\u00e9s meg\u00e1llap\u00edt\u00e1sa eset\u00e9ben, az online j\u00e1t\u00e9k eredm\u00e9nye ellenkez\u0151 ir\u00e1ny\u00fa kapcsolatot mutat.<\/p>\n<p><strong>Kulcsszavak<\/strong>: sikerkeres\u00e9s, kudarcker\u00fcl\u00e9s, verseng\u00e9s, \u00f6n\u00e9rt\u00e9kel\u00e9s, szorong\u00e1s, sport<\/p>\n<p>[hr\/]<\/p>\n<h3>English abstract<\/h3>\n<p><strong>Motivation for success orientation and failure avoidance, and their influence on behavior<\/strong><\/p>\n<p>Motivation for success orientation and fear of failure are present in all types of achievement situations. The aim of our study is the examination of these two classes of motivations and their appearance on behaviour, their connections with self-esteem, anxiety, competitive attitudes and sports activities. The 71 people in the sample had to fill out a questionnaire which consisted of questions on their sport habits, the Rosenberg\u2019s Self-Esteem Scale (RSES-H), the Spielberger State-Trait Anxiety Inventory (STAI), the Multiple Competitive Attitudes Inventory (MCAI) and the revised Achievement Motives Scale (AMS-R), which was translated by us. The study also included an online game by which hope of success and fear of failure can be determined based on the level of expectation. According to our results the attitude of success orientation is paired with higher level of self-esteem and lower level of anxiety. Besides, based on the results of the Achievement Motives Scale, self-developmental competitiveness has a positive relationship with success orientation, while the attitude of competition avoidance is correlated positively with fear of failure. However, when the level of success orientation and fear of failure depended on the behavioural responses of the online game, the relationship was found in the opposing direction.<\/p>\n<p><strong>Key words<\/strong>: success orientation, failure avoidance, competitiveness, self-esteem, anxiety, sport<\/p>\n<p><\/p>\n<p><a href=\"http:\/\/www.impulzus-pszichologia.hu\/?page_id=1894\" title=\"2017 november\">&laquo; Vissza a tartalomjegyz\u00e9khez<\/a><\/p>\n","protected":false},"excerpt":{"rendered":"<p>Fodor Bogl\u00e1rka, Mihalik \u00c1rp\u00e1d SZTE BTK Pszichol\u00f3giai Int\u00e9zet A sikerkeres\u00e9s \u00e9s kudarcker\u00fcl\u00e9s mot\u00edvumai minden teljes\u00edtm\u00e9nyhelyzetben megmutatkoznak. Kutat\u00e1sunk c\u00e9lja a k\u00e9t mot\u00edvum vizsg\u00e1lata, viselked\u00e9ses megjelen\u00e9s\u00e9nek \u00e9s \u00f6sszef\u00fcgg\u00e9seinek megismer\u00e9se az \u00f6n\u00e9rt\u00e9kel\u00e9ssel, a szorong\u00e1ssal, tov\u00e1bb\u00e1 a verseng\u00e9ssel kapcsolatos attit\u0171d\u00f6kkel \u00e9s a sportol\u00e1ssal. A mint\u00e1ban szerepl\u0151 71 f\u0151 pap\u00edr-ceruza alap\u00fa k\u00e9rd\u0151\u00edvcsomagot t\u00f6lt\u00f6tt ki, melynek r\u00e9sz\u00e9t k\u00e9pezte egy sportol\u00e1si szok\u00e1sokra [&hellip;]<\/p>\n","protected":false},"author":1,"featured_media":0,"parent":1894,"menu_order":0,"comment_status":"closed","ping_status":"closed","template":"template_fullwidth.php","meta":{"footnotes":""},"_links":{"self":[{"href":"https:\/\/impulzus-pszichologia.hu\/index.php?rest_route=\/wp\/v2\/pages\/1935"}],"collection":[{"href":"https:\/\/impulzus-pszichologia.hu\/index.php?rest_route=\/wp\/v2\/pages"}],"about":[{"href":"https:\/\/impulzus-pszichologia.hu\/index.php?rest_route=\/wp\/v2\/types\/page"}],"author":[{"embeddable":true,"href":"https:\/\/impulzus-pszichologia.hu\/index.php?rest_route=\/wp\/v2\/users\/1"}],"replies":[{"embeddable":true,"href":"https:\/\/impulzus-pszichologia.hu\/index.php?rest_route=%2Fwp%2Fv2%2Fcomments&post=1935"}],"version-history":[{"count":1,"href":"https:\/\/impulzus-pszichologia.hu\/index.php?rest_route=\/wp\/v2\/pages\/1935\/revisions"}],"predecessor-version":[{"id":1936,"href":"https:\/\/impulzus-pszichologia.hu\/index.php?rest_route=\/wp\/v2\/pages\/1935\/revisions\/1936"}],"up":[{"embeddable":true,"href":"https:\/\/impulzus-pszichologia.hu\/index.php?rest_route=\/wp\/v2\/pages\/1894"}],"wp:attachment":[{"href":"https:\/\/impulzus-pszichologia.hu\/index.php?rest_route=%2Fwp%2Fv2%2Fmedia&parent=1935"}],"curies":[{"name":"wp","href":"https:\/\/api.w.org\/{rel}","templated":true}]}}