{"id":1954,"date":"2018-11-23T09:42:23","date_gmt":"2018-11-23T09:42:23","guid":{"rendered":"http:\/\/www.pszich.u-szeged.hu\/impulzus\/?page_id=1954"},"modified":"2018-11-23T09:47:43","modified_gmt":"2018-11-23T09:47:43","slug":"a-szingli-nok-romantikus-kotodese-onertekelese-es-elettel-valo-elegedettsege","status":"publish","type":"page","link":"https:\/\/impulzus-pszichologia.hu\/?page_id=1954","title":{"rendered":"A szingli n\u0151k romantikus k\u00f6t\u0151d\u00e9se, \u00f6n\u00e9rt\u00e9kel\u00e9se, \u00e9s \u00e9lettel val\u00f3 el\u00e9gedetts\u00e9ge"},"content":{"rendered":"<p><a href=\"http:\/\/www.impulzus-pszichologia.hu\/wp-content\/uploads\/2018\/11\/1-toth.pdf\"><img decoding=\"async\" class=\"alignright size-full wp-image-1684\" src=\"http:\/\/www.impulzus-pszichologia.hu\/wp-content\/uploads\/2014\/09\/pdf-icon.png\" alt=\"pdf-icon\" width=\"80\" srcset=\"https:\/\/impulzus-pszichologia.hu\/wp-content\/uploads\/2014\/09\/pdf-icon.png 256w, https:\/\/impulzus-pszichologia.hu\/wp-content\/uploads\/2014\/09\/pdf-icon-150x150.png 150w\" sizes=\"(max-width: 256px) 100vw, 256px\" \/><\/a><strong>T\u00f3th No\u00e9mi<\/strong><br \/>\nPPKE BTK Pszichol\u00f3giai Int\u00e9zet<\/p>\n<p>Jelen dolgozat az egyed\u00fcl\u00e1ll\u00f3 n\u0151k k\u00f6t\u0151d\u00e9si kapcsolatait, \u00f6n\u00e9rt\u00e9kel\u00e9s\u00e9t, \u00e9s \u00e9lettel val\u00f3 el\u00e9gedetts\u00e9g\u00e9t vizsg\u00e1lja. A kutat\u00e1s az egyed\u00fcl\u00e1ll\u00f3 n\u0151ket nem homog\u00e9n csoportk\u00e9nt kezeli, hanem a kapcsolatra val\u00f3 v\u00e1gy\u00f3d\u00e1s \u00e9s a p\u00e1rkapcsolati m\u00falt alapj\u00e1n osztja csoportokra. Keresztmetszeti elrendez\u00e9s\u0171 k\u00e9rd\u0151\u00edves kutat\u00e1sunkban a K\u00f6zvetlen Kapcsolatok \u00c9lm\u00e9nyei K\u00e9rd\u0151\u00edvet (ECR), a K\u00f6t\u0151d\u00e9si St\u00edlus K\u00e9rd\u0151\u00edvet (ASQ-H), a Rosenberg \u00d6n\u00e9rt\u00e9kel\u00e9si Sk\u00e1l\u00e1t (RSES-H), illetve az \u00c9lettel val\u00f3 El\u00e9gedetts\u00e9g Sk\u00e1l\u00e1t (SWLS-H) vett\u00fck fel 394 feln\u0151tt vizsg\u00e1lati szem\u00e9llyel (M=23,03 \u00e9v, SD=5,2), akik a kit\u00f6lt\u00e9s idej\u00e9n nem \u00e9ltek p\u00e1rkapcsolatban. Az eredm\u00e9nyek szerint a kapcsolatra v\u00e1gyakoz\u00e1s \u00f6sszef\u00fcgg a k\u00f6t\u0151d\u00e9si mint\u00e1zattal \u00e9s az el\u00e9gedetts\u00e9ggel. A kapcsolatra nem v\u00e1gyakoz\u00f3k az elker\u00fcl\u00e9s tekintet\u00e9ben mutatnak magasabb \u00e9rt\u00e9keket. A kapcsolatra v\u00e1gyakoz\u00f3k a magas szorong\u00e1s \u00e9rt\u00e9kek mellett az el\u00e9gedetts\u00e9g tekintet\u00e9ben alacsonyabb mutat\u00f3kkal rendelkeznek.  A kutat\u00e1s legfontosabb eredm\u00e9nye szerint k\u00e9t alapvet\u0151en elt\u00e9r\u0151 alcsoport k\u00fcl\u00f6n\u00edthet\u0151 el a mint\u00e1n bel\u00fcl: a kapcsolatra v\u00e1gyakoz\u00f3, szorong\u00f3, \u00e9let\u00fckkel kev\u00e9sb\u00e9 el\u00e9gedett egyed\u00fcl\u00e1ll\u00f3 n\u0151k, \u00e9s a kapcsolatra nem v\u00e1gyakoz\u00f3, elker\u00fcl\u0151 k\u00f6t\u0151d\u00e9si mint\u00e1zatot mutat\u00f3 n\u0151k.<\/p>\n<p><strong>Kulcsszavak<\/strong>: Szinglis\u00e9g, k\u00f6t\u0151d\u00e9si st\u00edlus, \u00f6n\u00e9rt\u00e9kel\u00e9s, \u00e9lettel val\u00f3 el\u00e9gedetts\u00e9g<\/p>\n<p>[hr\/]<\/p>\n<h3>English abstract<\/h3>\n<p><strong>Romantic attachment, self-esteem and life satisfaction of single women<\/strong><\/p>\n<p>This paper examines single women in the light of attachment style, self-esteem and life satisfaction.  The following measurement tools were used in the study: The Experience of Close Relationships (ECR), the Attachment Style Questionaire (ASQ-H), the Rosenberg Self-Esteem Scale (RSES-H), and the Satisfaction with Life Scale (SWLS-H).  394 people participated in the study (M=23,03 \u00e9v SD=5,2). According to the results there is an association among longing for a relationship, attachment style, and life satisfaction. Those who are not longing for a relationship showed higher avoidance scores. Those who are longing for a relationship, produced higher anxiety and lower satisfaction scores. The most important result of the research is that there are two distinct groups in the population of single women: 1. those who are longing for a relationship, are anxious, have low self esteem and are less content with their lives; 2.  the single-by-choice group, who are not longing for a relationship and show an avoidant attachment style.<\/p>\n<p><strong>Key words<\/strong>: Singlehood, attachment style, self-esteem, satisfaction with life.<\/p>\n<p><\/p>\n<p><a href=\"http:\/\/www.impulzus-pszichologia.hu\/?page_id=1952\" title=\"2018 november\">&laquo; Vissza a tartalomjegyz\u00e9khez<\/a><\/p>\n","protected":false},"excerpt":{"rendered":"<p>T\u00f3th No\u00e9mi PPKE BTK Pszichol\u00f3giai Int\u00e9zet Jelen dolgozat az egyed\u00fcl\u00e1ll\u00f3 n\u0151k k\u00f6t\u0151d\u00e9si kapcsolatait, \u00f6n\u00e9rt\u00e9kel\u00e9s\u00e9t, \u00e9s \u00e9lettel val\u00f3 el\u00e9gedetts\u00e9g\u00e9t vizsg\u00e1lja. A kutat\u00e1s az egyed\u00fcl\u00e1ll\u00f3 n\u0151ket nem homog\u00e9n csoportk\u00e9nt kezeli, hanem a kapcsolatra val\u00f3 v\u00e1gy\u00f3d\u00e1s \u00e9s a p\u00e1rkapcsolati m\u00falt alapj\u00e1n osztja csoportokra. Keresztmetszeti elrendez\u00e9s\u0171 k\u00e9rd\u0151\u00edves kutat\u00e1sunkban a K\u00f6zvetlen Kapcsolatok \u00c9lm\u00e9nyei K\u00e9rd\u0151\u00edvet (ECR), a K\u00f6t\u0151d\u00e9si St\u00edlus K\u00e9rd\u0151\u00edvet (ASQ-H), [&hellip;]<\/p>\n","protected":false},"author":1,"featured_media":0,"parent":1952,"menu_order":0,"comment_status":"closed","ping_status":"closed","template":"template_fullwidth.php","meta":{"footnotes":""},"_links":{"self":[{"href":"https:\/\/impulzus-pszichologia.hu\/index.php?rest_route=\/wp\/v2\/pages\/1954"}],"collection":[{"href":"https:\/\/impulzus-pszichologia.hu\/index.php?rest_route=\/wp\/v2\/pages"}],"about":[{"href":"https:\/\/impulzus-pszichologia.hu\/index.php?rest_route=\/wp\/v2\/types\/page"}],"author":[{"embeddable":true,"href":"https:\/\/impulzus-pszichologia.hu\/index.php?rest_route=\/wp\/v2\/users\/1"}],"replies":[{"embeddable":true,"href":"https:\/\/impulzus-pszichologia.hu\/index.php?rest_route=%2Fwp%2Fv2%2Fcomments&post=1954"}],"version-history":[{"count":3,"href":"https:\/\/impulzus-pszichologia.hu\/index.php?rest_route=\/wp\/v2\/pages\/1954\/revisions"}],"predecessor-version":[{"id":1965,"href":"https:\/\/impulzus-pszichologia.hu\/index.php?rest_route=\/wp\/v2\/pages\/1954\/revisions\/1965"}],"up":[{"embeddable":true,"href":"https:\/\/impulzus-pszichologia.hu\/index.php?rest_route=\/wp\/v2\/pages\/1952"}],"wp:attachment":[{"href":"https:\/\/impulzus-pszichologia.hu\/index.php?rest_route=%2Fwp%2Fv2%2Fmedia&parent=1954"}],"curies":[{"name":"wp","href":"https:\/\/api.w.org\/{rel}","templated":true}]}}