{"id":1974,"date":"2018-11-26T18:02:49","date_gmt":"2018-11-26T18:02:49","guid":{"rendered":"http:\/\/www.pszich.u-szeged.hu\/impulzus\/?page_id=1974"},"modified":"2018-11-26T18:02:49","modified_gmt":"2018-11-26T18:02:49","slug":"policisztas-ovarium-szindromaval-elo-nok-reziliencia-jellemzoinek-komplex-rendszer-szemleletu-vizsgalata","status":"publish","type":"page","link":"https:\/\/impulzus-pszichologia.hu\/?page_id=1974","title":{"rendered":"Policiszt\u00e1s ov\u00e1rium szindr\u00f3m\u00e1val \u00e9l\u0151 n\u0151k reziliencia jellemz\u0151inek komplex rendszer szeml\u00e9let\u0171 vizsg\u00e1lata"},"content":{"rendered":"<p><a href=\"http:\/\/www.impulzus-pszichologia.hu\/wp-content\/uploads\/2018\/11\/5-kovacs.pdf\"><img decoding=\"async\" class=\"alignright size-full wp-image-1684\" src=\"http:\/\/www.impulzus-pszichologia.hu\/wp-content\/uploads\/2014\/09\/pdf-icon.png\" alt=\"pdf-icon\" width=\"80\" srcset=\"https:\/\/impulzus-pszichologia.hu\/wp-content\/uploads\/2014\/09\/pdf-icon.png 256w, https:\/\/impulzus-pszichologia.hu\/wp-content\/uploads\/2014\/09\/pdf-icon-150x150.png 150w\" sizes=\"(max-width: 256px) 100vw, 256px\" \/><\/a><strong>dr. Kov\u00e1cs Andrea<\/strong><br \/>\nSZTE BTK Pszichol\u00f3giai Int\u00e9zet<\/p>\n<p>K\u00e9rd\u0151\u00edves kutat\u00e1somban policiszt\u00e1s ov\u00e1rium szindr\u00f3m\u00e1val \u00e9l\u0151 n\u0151k reziliencia jellemz\u0151inek \u00f6sszehasonl\u00edt\u00f3 vizsg\u00e1lat\u00e1t v\u00e9geztem stressz, depresszi\u00f3, von\u00e1sszorong\u00e1s, valamint megk\u00fczd\u00e9si st\u00edlusok \u00f6sszef\u00fcgg\u00e9s\u00e9ben, 318 szem\u00e9ly \u00e1ltal kit\u00f6lt\u00f6tt online k\u00e9rd\u0151\u00edv seg\u00edts\u00e9g\u00e9vel. A kutat\u00e1st a reziliencia-gondolkod\u00e1s elm\u00e9leti keret\u00e9be \u00e1gyazva, a betegs\u00e9get olyan komplex, rendszerszint\u0171 rendelleness\u00e9gnek tekintettem, amely a hipotalamusz-hipof\u00edzis-mell\u00e9kvese tengely rendellenes m\u0171k\u00f6d\u00e9se r\u00e9v\u00e9n az \u00e9rintettek ment\u00e1lis j\u00f3ll\u00e9t\u00e9re, hangulatuk szab\u00e1lyoz\u00e1s\u00e1ra is jelent\u0151s hat\u00e1ssal lehet. A kutat\u00e1s meg\u00e1llap\u00edtotta, hogy a vizsg\u00e1latban r\u00e9szt vev\u0151, e betegs\u00e9ggel \u00e9l\u0151 n\u0151k reziliencia k\u00e9pess\u00e9gei szignifik\u00e1nsan alacsonyabbak, a stressz \u00e9s depresszi\u00f3 szintj\u00fck, valamint a von\u00e1sszorong\u00e1s m\u00e9rt\u00e9ke szignifik\u00e1nsan magasabb az e betegs\u00e9ggel nem rendelkez\u0151 szem\u00e9lyek \u00e9rt\u00e9kein\u00e9l. Meg\u00e1llap\u00edtottam tov\u00e1bb\u00e1 e jellemz\u0151k k\u00f6zepes szint\u0171, negat\u00edv ir\u00e1ny\u00fa egy\u00fcttj\u00e1r\u00e1s\u00e1t a reziliencia \u00e9rt\u00e9kekkel, valamint azt, hogy a megk\u00fczd\u00e9si st\u00edlusok modellje csak margin\u00e1lisan illeszkedik ebbe a rendszerbe. A vizsg\u00e1lt ment\u00e1lis jellemz\u0151k jellegzetes mint\u00e1zat\u00e1t nem siker\u00fclt kimutatni, azonban a vizsg\u00e1lat r\u00e1mutatott a komplex rendszerek elm\u00e9leti kerete \u00e1ltal ny\u00fajtott lehet\u0151s\u00e9gekre a betegs\u00e9g m\u00e9lyebb meg\u00e9rt\u00e9s\u00e9nek \u00fatj\u00e1n.<\/p>\n<p><strong>Kulcsszavak<\/strong>: policiszt\u00e1s ov\u00e1rium szindr\u00f3ma, PCOS, reziliencia, komplex rendszerek<\/p>\n<p>[hr\/]<\/p>\n<h3>English abstract<\/h3>\n<p><strong>Resilience characteristics of women living with polycystic ovary syndrome. A complex systems &#8211; approach<\/strong><\/p>\n<p>In my questoinnaire-based research I have examined women with polycystic ovary syndrome (PCOS) and the characteristics of their resilience in relation to stress, depression, trait anxiety and coping styles. The questionnaire was filled out by 318 people. My research was framed in resilience-thinking, and the illness considered as a complex, systematic disorder. In PCOS the abnormal operation of the Hypothalamic-Pituitary-Adrenal axis may have a significant effect on the mental well-being and mood regulation of the affected persons. My research has found that women living with PCOS had a resilience level significantly lower, and stress, depression and trait anxiety significantly higher than women without the disorder. I have also established that these traits correlate with resilience scores on a moderately negative level and that the different styles of coping mechanisms fit only marginally into this system. A typical pattern could not be established regarding the observed mental characteristics. This research has shown us, nevertheless, that the framework of complexity  has potential for a deeper understanding of PCOS.<\/p>\n<p><strong>Key words<\/strong>: polycystic ovary syndrome, PCOS, resilience, complex systems<\/p>\n<p><\/p>\n<p><a href=\"http:\/\/www.impulzus-pszichologia.hu\/?page_id=1952\" title=\"2018 november\">&laquo; Vissza a tartalomjegyz\u00e9khez<\/a><\/p>\n","protected":false},"excerpt":{"rendered":"<p>dr. Kov\u00e1cs Andrea SZTE BTK Pszichol\u00f3giai Int\u00e9zet K\u00e9rd\u0151\u00edves kutat\u00e1somban policiszt\u00e1s ov\u00e1rium szindr\u00f3m\u00e1val \u00e9l\u0151 n\u0151k reziliencia jellemz\u0151inek \u00f6sszehasonl\u00edt\u00f3 vizsg\u00e1lat\u00e1t v\u00e9geztem stressz, depresszi\u00f3, von\u00e1sszorong\u00e1s, valamint megk\u00fczd\u00e9si st\u00edlusok \u00f6sszef\u00fcgg\u00e9s\u00e9ben, 318 szem\u00e9ly \u00e1ltal kit\u00f6lt\u00f6tt online k\u00e9rd\u0151\u00edv seg\u00edts\u00e9g\u00e9vel. A kutat\u00e1st a reziliencia-gondolkod\u00e1s elm\u00e9leti keret\u00e9be \u00e1gyazva, a betegs\u00e9get olyan komplex, rendszerszint\u0171 rendelleness\u00e9gnek tekintettem, amely a hipotalamusz-hipof\u00edzis-mell\u00e9kvese tengely rendellenes m\u0171k\u00f6d\u00e9se r\u00e9v\u00e9n az [&hellip;]<\/p>\n","protected":false},"author":1,"featured_media":0,"parent":1952,"menu_order":0,"comment_status":"closed","ping_status":"closed","template":"template_fullwidth.php","meta":{"footnotes":""},"_links":{"self":[{"href":"https:\/\/impulzus-pszichologia.hu\/index.php?rest_route=\/wp\/v2\/pages\/1974"}],"collection":[{"href":"https:\/\/impulzus-pszichologia.hu\/index.php?rest_route=\/wp\/v2\/pages"}],"about":[{"href":"https:\/\/impulzus-pszichologia.hu\/index.php?rest_route=\/wp\/v2\/types\/page"}],"author":[{"embeddable":true,"href":"https:\/\/impulzus-pszichologia.hu\/index.php?rest_route=\/wp\/v2\/users\/1"}],"replies":[{"embeddable":true,"href":"https:\/\/impulzus-pszichologia.hu\/index.php?rest_route=%2Fwp%2Fv2%2Fcomments&post=1974"}],"version-history":[{"count":1,"href":"https:\/\/impulzus-pszichologia.hu\/index.php?rest_route=\/wp\/v2\/pages\/1974\/revisions"}],"predecessor-version":[{"id":1975,"href":"https:\/\/impulzus-pszichologia.hu\/index.php?rest_route=\/wp\/v2\/pages\/1974\/revisions\/1975"}],"up":[{"embeddable":true,"href":"https:\/\/impulzus-pszichologia.hu\/index.php?rest_route=\/wp\/v2\/pages\/1952"}],"wp:attachment":[{"href":"https:\/\/impulzus-pszichologia.hu\/index.php?rest_route=%2Fwp%2Fv2%2Fmedia&parent=1974"}],"curies":[{"name":"wp","href":"https:\/\/api.w.org\/{rel}","templated":true}]}}