{"id":1999,"date":"2020-11-23T15:37:16","date_gmt":"2020-11-23T15:37:16","guid":{"rendered":"http:\/\/www.pszich.u-szeged.hu\/impulzus\/?page_id=1999"},"modified":"2020-11-24T10:58:20","modified_gmt":"2020-11-24T10:58:20","slug":"2020-november","status":"publish","type":"page","link":"https:\/\/impulzus-pszichologia.hu\/?page_id=1999","title":{"rendered":"2020 november"},"content":{"rendered":"<p><img decoding=\"async\" class=\"alignleft size-full wp-image-1676\" src=\"http:\/\/www.impulzus-pszichologia.hu\/wp-content\/uploads\/2020\/11\/impulzus-vol6-7-cover_v2.jpg\" alt=\"impulzus vol6-7\" width=\"250\" \/><\/p>\n<p>SZEGEDI PSZICHOL\u00d3GIAI TANULM\u00c1NYOK<br \/>\nDI\u00c1KSZERZ\u0150K PUBLIK\u00c1CI\u00d3S F\u00d3RUMA<br \/>\n6-7. \u00c9VFOLYAM, 1. SZ\u00c1M<br \/>\n2020 NOVEMBER<\/p>\n<h2>Tartalomjegyz\u00e9k<\/h2>\n<ul>\n<li><a href=\"http:\/\/www.impulzus-pszichologia.hu\/wp-content\/uploads\/2020\/11\/1-colophon.pdf\">Kolofon<\/a>\n<li><a href=\"http:\/\/www.impulzus-pszichologia.hu\/?page_id=2015\">A t\u00fals\u00falyos szem\u00e9lyekkel szembeni explicit \u00e9s implicit attit\u0171d\u00f6k a rendellenes \u00e9tkez\u00e9si mint\u00e1zatok t\u00fckr\u00e9ben<\/a><br \/>\n<em>Erd\u00e9sz Anett<\/em>, ELTE Pedag\u00f3giai \u00e9s Pszichol\u00f3giai Kar, Pszichol\u00f3giai Int\u00e9zet<\/li>\n<li><a href=\"http:\/\/www.impulzus-pszichologia.hu\/?page_id=2019\">Szoci\u00e1lisprobl\u00e9ma- megold\u00e1s vizsg\u00e1lata serd\u00fcl\u0151kn\u00e9l<\/a><br \/>\n<em>Horv\u00e1t Barbara<\/em>, SZTE BTK Pszichol\u00f3giai Int\u00e9zet<\/li>\n<li><a href=\"http:\/\/www.impulzus-pszichologia.hu\/?page_id=2022\">Az \u00f6n\u00e9rt\u00e9kel\u00e9s \u00e9s az \u00e9nhat\u00e9konys\u00e1g \u00f6sszef\u00fcgg\u00e9sei a csal\u00e1di szocializ\u00e1c\u00f3s t\u00e9nyez\u0151kkel<\/a><br \/>\n<em>L\u0151rincz Anna Kata<\/em>, SZTE BTK Pszichol\u00f3giai Int\u00e9zet<\/li>\n<li><a href=\"http:\/\/www.impulzus-pszichologia.hu\/?page_id=2025\">Kr\u00f3nikus vesebetegek \u00e9nk\u00e9p\u00e9nek \u00e9s \u00f6nir\u00e1ny\u00edtotts\u00e1g\u00e1nak vizsg\u00e1lata<\/a><br \/>\n<em>M\u00e1ty\u00e1s Eszter<\/em>, PPKE BTK Pszichol\u00f3gia Int\u00e9zet<\/li>\n<li><a href=\"http:\/\/www.impulzus-pszichologia.hu\/?page_id=2028\">A di\u00e1dikus coping \u00f6sszef\u00fcgg\u00e9se a pszich\u00e9s j\u00f3ll\u00e9ttel kapcsolatos szem\u00e9lyis\u00e9gv\u00e1ltoz\u00f3kkal \u00e9s a p\u00e1rkapcsolati el\u00e9gedetts\u00e9ggel<\/a><br \/>\n<em>\u0150ry Fanni<\/em>, PTE BTK Pszichol\u00f3gia Int\u00e9zet<\/li>\n<li><a href=\"http:\/\/www.impulzus-pszichologia.hu\/?page_id=2031\">A szingli n\u0151k t\u00e1rsadalmi meg\u00edt\u00e9l\u00e9se<\/a><br \/>\n<em>T\u00f3th No\u00e9mi<\/em>, PPKE BTK Pszichol\u00f3giai Int\u00e9zet<\/li>\n<li><a href=\"http:\/\/www.impulzus-pszichologia.hu\/?page_id=2034\">Helyk\u00f6t\u0151d\u00e9s \u00e9s topol\u00f3giai identit\u00e1s vizsg\u00e1lata Szeged telep\u00fcl\u00e9sk\u00e9pi szempontb\u00f3l elt\u00e9r\u0151 karakter\u0171 ter\u00fcletein<\/a><br \/>\n<em>V\u00e1rkonyi G\u00e1bor Istv\u00e1n<\/em>, SZTE BTK Pszichol\u00f3giai Int\u00e9zet<\/li>\n<li><a href=\"http:\/\/www.impulzus-pszichologia.hu\/?page_id=2037\">A medd\u0151s\u00e9g pszich\u00e9s \u00e9s pszichoter\u00e1pi\u00e1s vonatkoz\u00e1sai. \u00c1ttekint\u0151 tanulm\u00e1ny<\/a><br \/>\n<em>Pap Ildik\u00f3<\/em>, SZTE BTK Pszichol\u00f3giai Int\u00e9zet<\/li>\n<\/ul>\n","protected":false},"excerpt":{"rendered":"<p>SZEGEDI PSZICHOL\u00d3GIAI TANULM\u00c1NYOK DI\u00c1KSZERZ\u0150K PUBLIK\u00c1CI\u00d3S F\u00d3RUMA 6-7. \u00c9VFOLYAM, 1. SZ\u00c1M 2020 NOVEMBER Tartalomjegyz\u00e9k Kolofon A t\u00fals\u00falyos szem\u00e9lyekkel szembeni explicit \u00e9s implicit attit\u0171d\u00f6k a rendellenes \u00e9tkez\u00e9si mint\u00e1zatok t\u00fckr\u00e9ben Erd\u00e9sz Anett, ELTE Pedag\u00f3giai \u00e9s Pszichol\u00f3giai Kar, Pszichol\u00f3giai Int\u00e9zet Szoci\u00e1lisprobl\u00e9ma- megold\u00e1s vizsg\u00e1lata serd\u00fcl\u0151kn\u00e9l Horv\u00e1t Barbara, SZTE BTK Pszichol\u00f3giai Int\u00e9zet Az \u00f6n\u00e9rt\u00e9kel\u00e9s \u00e9s az \u00e9nhat\u00e9konys\u00e1g \u00f6sszef\u00fcgg\u00e9sei a csal\u00e1di szocializ\u00e1c\u00f3s [&hellip;]<\/p>\n","protected":false},"author":1,"featured_media":0,"parent":1378,"menu_order":0,"comment_status":"closed","ping_status":"closed","template":"template_fullwidth.php","meta":{"footnotes":""},"_links":{"self":[{"href":"https:\/\/impulzus-pszichologia.hu\/index.php?rest_route=\/wp\/v2\/pages\/1999"}],"collection":[{"href":"https:\/\/impulzus-pszichologia.hu\/index.php?rest_route=\/wp\/v2\/pages"}],"about":[{"href":"https:\/\/impulzus-pszichologia.hu\/index.php?rest_route=\/wp\/v2\/types\/page"}],"author":[{"embeddable":true,"href":"https:\/\/impulzus-pszichologia.hu\/index.php?rest_route=\/wp\/v2\/users\/1"}],"replies":[{"embeddable":true,"href":"https:\/\/impulzus-pszichologia.hu\/index.php?rest_route=%2Fwp%2Fv2%2Fcomments&post=1999"}],"version-history":[{"count":13,"href":"https:\/\/impulzus-pszichologia.hu\/index.php?rest_route=\/wp\/v2\/pages\/1999\/revisions"}],"predecessor-version":[{"id":2039,"href":"https:\/\/impulzus-pszichologia.hu\/index.php?rest_route=\/wp\/v2\/pages\/1999\/revisions\/2039"}],"up":[{"embeddable":true,"href":"https:\/\/impulzus-pszichologia.hu\/index.php?rest_route=\/wp\/v2\/pages\/1378"}],"wp:attachment":[{"href":"https:\/\/impulzus-pszichologia.hu\/index.php?rest_route=%2Fwp%2Fv2%2Fmedia&parent=1999"}],"curies":[{"name":"wp","href":"https:\/\/api.w.org\/{rel}","templated":true}]}}