{"id":2025,"date":"2020-11-24T10:39:51","date_gmt":"2020-11-24T10:39:51","guid":{"rendered":"http:\/\/www.pszich.u-szeged.hu\/impulzus\/?page_id=2025"},"modified":"2020-11-24T10:40:10","modified_gmt":"2020-11-24T10:40:10","slug":"kronikus-vesebetegek-enkepenek-es-oniranyitottsaganak-vizsgalata","status":"publish","type":"page","link":"https:\/\/impulzus-pszichologia.hu\/?page_id=2025","title":{"rendered":"Kr\u00f3nikus vesebetegek \u00e9nk\u00e9p\u00e9nek \u00e9s \u00f6nir\u00e1ny\u00edtotts\u00e1g\u00e1nak vizsg\u00e1lata"},"content":{"rendered":"<p><a href=\"http:\/\/www.impulzus-pszichologia.hu\/wp-content\/uploads\/2020\/11\/5-matyas.pdf\"><img decoding=\"async\" class=\"alignright size-full wp-image-1684\" src=\"http:\/\/www.impulzus-pszichologia.hu\/wp-content\/uploads\/2014\/09\/pdf-icon.png\" alt=\"pdf-icon\" width=\"80\" srcset=\"https:\/\/impulzus-pszichologia.hu\/wp-content\/uploads\/2014\/09\/pdf-icon.png 256w, https:\/\/impulzus-pszichologia.hu\/wp-content\/uploads\/2014\/09\/pdf-icon-150x150.png 150w\" sizes=\"(max-width: 256px) 100vw, 256px\" \/><\/a><strong>M\u00e1ty\u00e1s Eszter<\/strong><br \/>\nPPKE BTK Pszichol\u00f3gia Int\u00e9zet<\/p>\n<p>A kr\u00f3nikus veseel\u00e9gtelens\u00e9g olyan v\u00e1ltoz\u00e1sokat eredm\u00e9nyez a betegek \u00e9let\u00e9ben, melyek megingathatj\u00e1k a pszich\u00e9s egyens\u00falyukat. Jelen kutat\u00e1s c\u00e9lja a vesebetegek \u00e9nk\u00e9p\u00e9nek \u00e9s \u00f6nir\u00e1ny\u00edtotts\u00e1g\u00e1nak felt\u00e1r\u00f3 vizsg\u00e1lata. A mint\u00e1t 128 kr\u00f3nikus vesebetegs\u00e9ggel \u00e9l\u0151 szem\u00e9ly alkotta, akik k\u00f6z\u00fcl 64 m\u00e1r \u00e1tesett a transzplant\u00e1ci\u00f3n, 64 f\u0151 pedig dial\u00edziskezel\u00e9sben r\u00e9szes\u00fcl. A vizsg\u00e1lathoz haszn\u00e1lt k\u00e9rd\u0151\u00edvcsomag a Temperamentum \u00e9s Karakter K\u00e9rd\u0151\u00edv \u00d6nir\u00e1ny\u00edtotts\u00e1g sk\u00e1l\u00e1j\u00e1t, az \u00c1ltal\u00e1nos \u00c9nhat\u00e9konys\u00e1gi Sk\u00e1l\u00e1t, valamint a Szelf-koncepci\u00f3 Egy\u00e9rtelm\u0171s\u00e9g sk\u00e1l\u00e1t tartalmazta. Mindemellett a v\u00e1r\u00f3list\u00e1n t\u00f6lt\u00f6tt id\u0151 hossz\u00e1ra, a transzplant\u00e1ci\u00f3 \u00f3ta eltelt id\u0151re \u00e9s a betegs\u00e9ggel kapcsolatos fiziol\u00f3giai mutat\u00f3kra is r\u00e1k\u00e9rdezt\u00fcnk. Az eredm\u00e9ny szerint a transzplant\u00e1ci\u00f3 hat\u00e1ssal van a betegek \u00f6nir\u00e1ny\u00edtotts\u00e1g\u00e1ra, \u00e9nk\u00e9p\u00fck egy\u00e9rtelm\u0171en megfogalmazott volt\u00e1ra \u00e9s \u00e9nhat\u00e9konys\u00e1g\u00e1ra. Az \u00f6nir\u00e1ny\u00edtotts\u00e1g \u00e9s az \u00e9nk\u00e9p egy\u00e9rtelm\u0171s\u00e9g gyenge pozit\u00edv kapcsolatban \u00e1ll a jobb vesefunkci\u00f3kkal. A transzplant\u00e1ci\u00f3t k\u00f6vet\u0151 m\u00e1sodik \u00e9v ut\u00e1n a j\u00f3l artikul\u00e1lt \u00e9nk\u00e9p alacsonyabb szintj\u00e9t tapasztaltuk. A v\u00e1r\u00f3list\u00e1n elt\u00f6lt\u00f6tt id\u0151 hossza k\u00f6zepes er\u0151ss\u00e9g\u0171 negat\u00edv ir\u00e1ny\u00fa \u00f6sszef\u00fcgg\u00e9st mutat az \u00f6nelfogad\u00e1ssal. A fenti eredm\u00e9nyek kiemelik a kr\u00f3nikus vesebetegek pszich\u00e9s t\u00e1mogat\u00e1s\u00e1nak sz\u00fcks\u00e9gess\u00e9g\u00e9t.<\/p>\n<p><strong>Kulcsszavak<\/strong>: kr\u00f3nikus vesebetegs\u00e9g, \u00f6nir\u00e1ny\u00edtotts\u00e1g, \u00e9nhat\u00e9konys\u00e1g, \u00e9nk\u00e9p egy\u00e9rtelm\u0171s\u00e9g<\/p>\n<p>[hr\/]<\/p>\n<h3>English abstract<\/h3>\n<p><strong>Empirical study of self-image and self-directedness in patients with chronic kidney disease<\/strong><\/p>\n<p>The purpose of this research was to explore the self-image and self-directedness of patients with chronic kidney disease. The sample consisted of 128 patients with chronic kidney disease, 64 of whom had already had transplantation and 64 have dialysis treatment. The following measurement tools were used in the study: Self-Directedness Scale of the Temperament and Character Questionnaire, General Self-Efficiency Scale and the Self-Concept Clarity Scale. We also asked about the time spent on the waiting list, when the transplantation was, and the physiological indicators related to the disease. According to the results, transplantation has an impact on the self-directedness, self concept clarity and self-efficacy of the patients. Self-directedness and self-image clarity correlated with better renal function. Two years after transplantation we found a lower level of well-articulated self-image. The length of time spent on the waiting list correlates with self-acceptance on a moderately negative level. The above results highlight the importance of psychological support of chronic kidney patients.e. These findings highlight the importance of family socialization factors on development in youth.<\/p>\n<p><strong>Keywords<\/strong>: chronic kidney disease, self-directedness, self-efficacy, self-concept clarity<\/p>\n<p><\/p>\n<p><a href=\"http:\/\/www.impulzus-pszichologia.hu\/?page_id=1999\" title=\"2020 november\">&laquo; Vissza a tartalomjegyz\u00e9khez<\/a><\/p>\n","protected":false},"excerpt":{"rendered":"<p>M\u00e1ty\u00e1s Eszter PPKE BTK Pszichol\u00f3gia Int\u00e9zet A kr\u00f3nikus veseel\u00e9gtelens\u00e9g olyan v\u00e1ltoz\u00e1sokat eredm\u00e9nyez a betegek \u00e9let\u00e9ben, melyek megingathatj\u00e1k a pszich\u00e9s egyens\u00falyukat. Jelen kutat\u00e1s c\u00e9lja a vesebetegek \u00e9nk\u00e9p\u00e9nek \u00e9s \u00f6nir\u00e1ny\u00edtotts\u00e1g\u00e1nak felt\u00e1r\u00f3 vizsg\u00e1lata. A mint\u00e1t 128 kr\u00f3nikus vesebetegs\u00e9ggel \u00e9l\u0151 szem\u00e9ly alkotta, akik k\u00f6z\u00fcl 64 m\u00e1r \u00e1tesett a transzplant\u00e1ci\u00f3n, 64 f\u0151 pedig dial\u00edziskezel\u00e9sben r\u00e9szes\u00fcl. A vizsg\u00e1lathoz haszn\u00e1lt k\u00e9rd\u0151\u00edvcsomag a [&hellip;]<\/p>\n","protected":false},"author":1,"featured_media":0,"parent":1999,"menu_order":0,"comment_status":"closed","ping_status":"closed","template":"template_fullwidth.php","meta":{"footnotes":""},"_links":{"self":[{"href":"https:\/\/impulzus-pszichologia.hu\/index.php?rest_route=\/wp\/v2\/pages\/2025"}],"collection":[{"href":"https:\/\/impulzus-pszichologia.hu\/index.php?rest_route=\/wp\/v2\/pages"}],"about":[{"href":"https:\/\/impulzus-pszichologia.hu\/index.php?rest_route=\/wp\/v2\/types\/page"}],"author":[{"embeddable":true,"href":"https:\/\/impulzus-pszichologia.hu\/index.php?rest_route=\/wp\/v2\/users\/1"}],"replies":[{"embeddable":true,"href":"https:\/\/impulzus-pszichologia.hu\/index.php?rest_route=%2Fwp%2Fv2%2Fcomments&post=2025"}],"version-history":[{"count":1,"href":"https:\/\/impulzus-pszichologia.hu\/index.php?rest_route=\/wp\/v2\/pages\/2025\/revisions"}],"predecessor-version":[{"id":2026,"href":"https:\/\/impulzus-pszichologia.hu\/index.php?rest_route=\/wp\/v2\/pages\/2025\/revisions\/2026"}],"up":[{"embeddable":true,"href":"https:\/\/impulzus-pszichologia.hu\/index.php?rest_route=\/wp\/v2\/pages\/1999"}],"wp:attachment":[{"href":"https:\/\/impulzus-pszichologia.hu\/index.php?rest_route=%2Fwp%2Fv2%2Fmedia&parent=2025"}],"curies":[{"name":"wp","href":"https:\/\/api.w.org\/{rel}","templated":true}]}}