{"id":2031,"date":"2020-11-24T10:49:54","date_gmt":"2020-11-24T10:49:54","guid":{"rendered":"http:\/\/www.pszich.u-szeged.hu\/impulzus\/?page_id=2031"},"modified":"2020-11-24T10:49:54","modified_gmt":"2020-11-24T10:49:54","slug":"a-szingli-nok-tarsadalmi-megitelese","status":"publish","type":"page","link":"https:\/\/impulzus-pszichologia.hu\/?page_id=2031","title":{"rendered":"A szingli n\u0151k t\u00e1rsadalmi meg\u00edt\u00e9l\u00e9se"},"content":{"rendered":"<p><a href=\"http:\/\/www.impulzus-pszichologia.hu\/wp-content\/uploads\/2020\/11\/7-toth.pdf\"><img decoding=\"async\" class=\"alignright size-full wp-image-1684\" src=\"http:\/\/www.impulzus-pszichologia.hu\/wp-content\/uploads\/2014\/09\/pdf-icon.png\" alt=\"pdf-icon\" width=\"80\" srcset=\"https:\/\/impulzus-pszichologia.hu\/wp-content\/uploads\/2014\/09\/pdf-icon.png 256w, https:\/\/impulzus-pszichologia.hu\/wp-content\/uploads\/2014\/09\/pdf-icon-150x150.png 150w\" sizes=\"(max-width: 256px) 100vw, 256px\" \/><\/a><strong>T\u00f3th No\u00e9mi<\/strong><br \/>\nPPKE BTK Pszichol\u00f3gia Int\u00e9zet<\/p>\n<p>Jelen dolgozat a szingli n\u0151k t\u00e1rsadalmi meg\u00edt\u00e9l\u00e9s\u00e9t vizsg\u00e1lja. A kutat\u00e1s f\u00f3kusz\u00e1ban a szoci\u00e1lis reprezent\u00e1ci\u00f3, a szinglikkel szembeni sztereot\u00edpia \u00e9s a szoci\u00e1lis dominancia orient\u00e1ci\u00f3 elemz\u00e9se \u00e1ll. A kapott adatokat a nem \u00e9s a kapcsolati st\u00e1tusz tekintet\u00e9ben \u00e9rtelmezt\u00fck. Keresztmetszeti elrendez\u00e9s\u0171 k\u00e9rd\u0151\u00edves kutat\u00e1sunkban 540 vizsg\u00e1lati szem\u00e9ly (M=25,47 \u00e9v, SD=8,45) vett r\u00e9szt. Az eszk\u00f6z\u00f6ket a <i>A Szingli Szem\u00e9lyek Negat\u00edv Sztereotipiz\u00e1l\u00e1sa Sk\u00e1la<\/i> (NSSP), a <i>Szoci\u00e1lis Dominancia Orient\u00e1ci\u00f3 Sk\u00e1la<\/i> (SDO7), illetve szoci\u00e1lis reprezent\u00e1ci\u00f3 vizsg\u00e1lat alkotta. Az eredm\u00e9nyek szerint a nemek elk\u00fcl\u00f6n\u00fclnek a szoci\u00e1lis reprezent\u00e1ci\u00f3k, a negat\u00edv sztereot\u00edpi\u00e1k \u00e9s a szoci\u00e1lis dominancia orient\u00e1ci\u00f3 szempontj\u00e1b\u00f3l egyar\u00e1nt. A f\u00e9rfiak eset\u00e9ben t\u00f6bb negat\u00edv jelent\u00e9s\u0171, a n\u0151k eset\u00e9ben t\u00f6bb pozit\u00edv jelent\u00e9s\u0171 kifejez\u00e9s jelenik meg. A f\u00e9rfiakat illet\u0151en ink\u00e1bb jellemz\u0151 az sztereotip gondolkod\u00e1s \u00e9s a szoci\u00e1lis dominancia orient\u00e1ci\u00f3. A kapcsolati st\u00e1tusz szint\u00e9n \u00f6sszef\u00fcgg a sztereotip gondolkod\u00e1ssal. Az elk\u00f6telezett kapcsolatban \u00e9l\u0151kre jellemz\u0151bb az el\u0151\u00edt\u00e9letess\u00e9g. A szinglikkel szembeni sztereot\u00edpia szignifik\u00e1nsan korrel\u00e1l a szoci\u00e1lis dominancia orient\u00e1ci\u00f3val.<\/p>\n<p><strong>Kulcsszavak<\/strong>: Szinglis\u00e9g, szoci\u00e1lis reprezent\u00e1ci\u00f3, sztereot\u00edpia, igazs\u00e1gos vil\u00e1gba vetett hit, a h\u00e1zass\u00e1g ideol\u00f3gi\u00e1jag<\/p>\n<p>[hr\/]<\/p>\n<h3>English abstract<\/h3>\n<p><strong>The social judgement of single women<\/strong><\/p>\n<p>This paper examines the social judgement of single women. The research focuses on the social representation, the stereotypes against single women and the social dominance orientation. The obtained data was interpreted based on the gender and the relationship status. The following measurement tools were used in the study: <i>Negative Stereotyping of Single Persons Scale<\/i> (NSSP), <i>Social Dominance Orientation Scale<\/i> (SDO7) and the examination of social representation. 540 people participated in the study (M=25,47, SD=8,45). The results showed a significant difference in the social representation, negative stereotypes and social dominance orientation between the genders. The appearance of negative phrases were more dominant in case of men while women tended to be associated with more positive phrases. Men are more characterized by stereotypical thinking and social dominance orientation. There is a correlation between the relationship status and stereotypical thinking. People in committed relationship are more prone to prejudice. The stereotype against single people is in significant correlation with social dominance orientation.<\/p>\n<p><strong>Keywords<\/strong>: Singlehood, social representation, stereotype, system justification theory, the ideology of marriage<\/p>\n<p><\/p>\n<p><a href=\"http:\/\/www.impulzus-pszichologia.hu\/?page_id=1999\" title=\"2020 november\">&laquo; Vissza a tartalomjegyz\u00e9khez<\/a><\/p>\n","protected":false},"excerpt":{"rendered":"<p>T\u00f3th No\u00e9mi PPKE BTK Pszichol\u00f3gia Int\u00e9zet Jelen dolgozat a szingli n\u0151k t\u00e1rsadalmi meg\u00edt\u00e9l\u00e9s\u00e9t vizsg\u00e1lja. A kutat\u00e1s f\u00f3kusz\u00e1ban a szoci\u00e1lis reprezent\u00e1ci\u00f3, a szinglikkel szembeni sztereot\u00edpia \u00e9s a szoci\u00e1lis dominancia orient\u00e1ci\u00f3 elemz\u00e9se \u00e1ll. A kapott adatokat a nem \u00e9s a kapcsolati st\u00e1tusz tekintet\u00e9ben \u00e9rtelmezt\u00fck. Keresztmetszeti elrendez\u00e9s\u0171 k\u00e9rd\u0151\u00edves kutat\u00e1sunkban 540 vizsg\u00e1lati szem\u00e9ly (M=25,47 \u00e9v, SD=8,45) vett r\u00e9szt. Az [&hellip;]<\/p>\n","protected":false},"author":1,"featured_media":0,"parent":1999,"menu_order":0,"comment_status":"closed","ping_status":"closed","template":"template_fullwidth.php","meta":{"footnotes":""},"_links":{"self":[{"href":"https:\/\/impulzus-pszichologia.hu\/index.php?rest_route=\/wp\/v2\/pages\/2031"}],"collection":[{"href":"https:\/\/impulzus-pszichologia.hu\/index.php?rest_route=\/wp\/v2\/pages"}],"about":[{"href":"https:\/\/impulzus-pszichologia.hu\/index.php?rest_route=\/wp\/v2\/types\/page"}],"author":[{"embeddable":true,"href":"https:\/\/impulzus-pszichologia.hu\/index.php?rest_route=\/wp\/v2\/users\/1"}],"replies":[{"embeddable":true,"href":"https:\/\/impulzus-pszichologia.hu\/index.php?rest_route=%2Fwp%2Fv2%2Fcomments&post=2031"}],"version-history":[{"count":1,"href":"https:\/\/impulzus-pszichologia.hu\/index.php?rest_route=\/wp\/v2\/pages\/2031\/revisions"}],"predecessor-version":[{"id":2032,"href":"https:\/\/impulzus-pszichologia.hu\/index.php?rest_route=\/wp\/v2\/pages\/2031\/revisions\/2032"}],"up":[{"embeddable":true,"href":"https:\/\/impulzus-pszichologia.hu\/index.php?rest_route=\/wp\/v2\/pages\/1999"}],"wp:attachment":[{"href":"https:\/\/impulzus-pszichologia.hu\/index.php?rest_route=%2Fwp%2Fv2%2Fmedia&parent=2031"}],"curies":[{"name":"wp","href":"https:\/\/api.w.org\/{rel}","templated":true}]}}