{"id":2034,"date":"2020-11-24T10:54:11","date_gmt":"2020-11-24T10:54:11","guid":{"rendered":"http:\/\/www.pszich.u-szeged.hu\/impulzus\/?page_id=2034"},"modified":"2020-11-24T10:54:11","modified_gmt":"2020-11-24T10:54:11","slug":"helykotodes-es-topologiai-identitas-vizsgalata-szeged-telepuleskepi-szempontbol-eltero-karakteru-teruletein","status":"publish","type":"page","link":"https:\/\/impulzus-pszichologia.hu\/?page_id=2034","title":{"rendered":"Helyk\u00f6t\u0151d\u00e9s \u00e9s topol\u00f3giai identit\u00e1s vizsg\u00e1lata Szeged telep\u00fcl\u00e9sk\u00e9pi szempontb\u00f3l elt\u00e9r\u0151 karakter\u0171 ter\u00fcletein"},"content":{"rendered":"<p><a href=\"http:\/\/www.impulzus-pszichologia.hu\/wp-content\/uploads\/2020\/11\/8-varkonyi.pdf\"><img decoding=\"async\" class=\"alignright size-full wp-image-1684\" src=\"http:\/\/www.impulzus-pszichologia.hu\/wp-content\/uploads\/2014\/09\/pdf-icon.png\" alt=\"pdf-icon\" width=\"80\" srcset=\"https:\/\/impulzus-pszichologia.hu\/wp-content\/uploads\/2014\/09\/pdf-icon.png 256w, https:\/\/impulzus-pszichologia.hu\/wp-content\/uploads\/2014\/09\/pdf-icon-150x150.png 150w\" sizes=\"(max-width: 256px) 100vw, 256px\" \/><\/a><strong>V\u00e1rkonyi G\u00e1bor Istv\u00e1n<\/strong><br \/>\nSZTE BTK Pszichol\u00f3gia Int\u00e9zet<\/p>\n<p>Kutat\u00e1som a helyk\u00f6t\u0151d\u00e9s \u00e9s topol\u00f3giai identit\u00e1s \u00f6sszef\u00fcgg\u00e9seivel foglalkozik. Megalkottam a Topol\u00f3giai Identit\u00e1s Sk\u00e1la (F\u00e9lonneau, 2004) \u00e9s egy helyk\u00f6t\u0151d\u00e9st m\u00e9r\u0151 eszk\u00f6z (Hernandez et al., 2007) magyar nyelv\u0171 v\u00e1ltozat\u00e1t, melyek a felt\u00e1r\u00f3- \u00e9s meger\u0151s\u00edt\u0151 faktorelemz\u00e9seket k\u00f6vet\u0151en az eredetiekt\u0151l elt\u00e9r\u0151 faktorszerkezettel, de j\u00f3 illeszked\u00e9si mutat\u00f3kkal \u00e9s megb\u00edzhat\u00f3s\u00e1gi \u00e9rt\u00e9kekkel rendelkez\u0151, \u00e9rv\u00e9nyes m\u00e9r\u0151eszk\u00f6z\u00f6knek bizonyultak. Online vizsg\u00e1latom sor\u00e1n a szegedi mint\u00e1n (N=254) a vizsg\u00e1lt telep\u00fcl\u00e9sr\u00e9szeket a Telep\u00fcl\u00e9sk\u00e9pi Arculati K\u00e9zik\u00f6nyv telep\u00fcl\u00e9sk\u00e9pi szempontb\u00f3l elt\u00e9r\u0151 jelleg\u0171 ter\u00fcletei alapj\u00e1n hat\u00e1roltam le \u00e9s hasonl\u00edtottam \u00f6ssze. A t\u00f6rt\u00e9neti ter\u00fcleteken \u00e9l\u0151k topol\u00f3giai identit\u00e1sa szignifik\u00e1nsan alacsonyabb volt a lak\u00f3telepek, lak\u00f3parkok \u00e9s alacsony intenzit\u00e1s\u00fa ter\u00fcletek lakosaihoz k\u00e9pest. A helyk\u00f6t\u0151d\u00e9s tekintet\u00e9ben nem mutatkozott k\u00fcl\u00f6nbs\u00e9g. Az urbanofil \u00e9s urbanof\u00f3b attit\u0171ddel rendelkez\u0151k sz\u00e1mar\u00e1ny\u00e1ban sem mutatkozott jelent\u0151s k\u00fcl\u00f6nbs\u00e9g az egyes telep\u00fcl\u00e9sr\u00e9szeken. Az urbanofil attit\u0171d az extroverz\u00edv szem\u00e9lyis\u00e9gvon\u00e1ssal szignifik\u00e1ns kapcsolatban \u00e1llt, a topol\u00f3giai identit\u00e1ssal azonban nem f\u00fcgg\u00f6tt \u00f6ssze. A t\u0151sgy\u00f6keres szegedi lakosok topol\u00f3giai identit\u00e1sa szignifik\u00e1nsan magasabb a betelep\u00fcltek\u00e9n\u00e9l, m\u00edg helyk\u00f6t\u0151d\u00e9s tekintet\u00e9ben nincs k\u00fcl\u00f6nbs\u00e9g. A n\u0151k helyk\u00f6t\u0151d\u00e9se \u00e9s topol\u00f3giai identit\u00e1sa szignifik\u00e1nsan er\u0151sebb, mint a f\u00e9rfiak\u00e9. Az \u00e9letkor a helyk\u00f6t\u0151d\u00e9ssel gyenge, a topol\u00f3giai identit\u00e1ssal k\u00f6zepesen er\u0151s egy\u00fctt j\u00e1r\u00e1st mutatott a vizsg\u00e1lat eredm\u00e9nyei szerint.<\/p>\n<p><strong>Kulcsszavak<\/strong>: helyk\u00f6t\u0151d\u00e9s, helyidentit\u00e1s, topol\u00f3giai identit\u00e1s, urbanofil attit\u0171d, urbanof\u00f3b attit\u0171d, extroverzi\u00f3<\/p>\n<p>[hr\/]<\/p>\n<h3>English abstract<\/h3>\n<p><strong>Investigating Place Attachment and Topological Identity in Areas with Different Aspects of Urban Image in Szeged<\/strong><\/p>\n<p>In my research I investigated place attachment and topological identity of residents living in the city of Szeged.  I created the Hungarian version of the Topological Identity Scale (F\u00e9lonneau, 2004) and a scale for assessing city attachment (Hernandez et al., 2007). According to the exploratory and confirmatory factor analyses they proved to be valid questionnaires with different factor structure from the original ones but with good fit indicators and reliability statistics. Participants (N=255) were living in various districts of the city.  Districts were chosen from the Szeged Urban Image Guide so that they represented different urban characters. According to results people living in the historical part of the city had weaker topological identity than those living in the residential complexes, residential communities, and in low intensity areas. Regarding place attachment there were no differences. There were also no evidence for differences in urbanophile and urbanophobe attitudes among those living in various parts of the city. The urbanophile attitude correlated significantly with extroversive personality feature but did not relate to topological identity. Extroversion in women showed connection with topological identity at a statistical tendency level. The topological identity of natives was significantly higher compared to the settlers coming from other places but concerning place attachment there were no differences. Women\u2019s topological identity and place attachment were significantly higher than that of men. Age showed weak correlation with place attachment but was moderately strong with topological identity, according to present results.<\/p>\n<p><strong>Keywords<\/strong>: place attachment, place identity, topological identity, urbanophile attitude, urbanophobe attitude, extroversion<\/p>\n<p><\/p>\n<p><a href=\"http:\/\/www.impulzus-pszichologia.hu\/?page_id=1999\" title=\"2020 november\">&laquo; Vissza a tartalomjegyz\u00e9khez<\/a><\/p>\n","protected":false},"excerpt":{"rendered":"<p>V\u00e1rkonyi G\u00e1bor Istv\u00e1n SZTE BTK Pszichol\u00f3gia Int\u00e9zet Kutat\u00e1som a helyk\u00f6t\u0151d\u00e9s \u00e9s topol\u00f3giai identit\u00e1s \u00f6sszef\u00fcgg\u00e9seivel foglalkozik. Megalkottam a Topol\u00f3giai Identit\u00e1s Sk\u00e1la (F\u00e9lonneau, 2004) \u00e9s egy helyk\u00f6t\u0151d\u00e9st m\u00e9r\u0151 eszk\u00f6z (Hernandez et al., 2007) magyar nyelv\u0171 v\u00e1ltozat\u00e1t, melyek a felt\u00e1r\u00f3- \u00e9s meger\u0151s\u00edt\u0151 faktorelemz\u00e9seket k\u00f6vet\u0151en az eredetiekt\u0151l elt\u00e9r\u0151 faktorszerkezettel, de j\u00f3 illeszked\u00e9si mutat\u00f3kkal \u00e9s megb\u00edzhat\u00f3s\u00e1gi \u00e9rt\u00e9kekkel rendelkez\u0151, \u00e9rv\u00e9nyes m\u00e9r\u0151eszk\u00f6z\u00f6knek [&hellip;]<\/p>\n","protected":false},"author":1,"featured_media":0,"parent":1999,"menu_order":0,"comment_status":"closed","ping_status":"closed","template":"template_fullwidth.php","meta":{"footnotes":""},"_links":{"self":[{"href":"https:\/\/impulzus-pszichologia.hu\/index.php?rest_route=\/wp\/v2\/pages\/2034"}],"collection":[{"href":"https:\/\/impulzus-pszichologia.hu\/index.php?rest_route=\/wp\/v2\/pages"}],"about":[{"href":"https:\/\/impulzus-pszichologia.hu\/index.php?rest_route=\/wp\/v2\/types\/page"}],"author":[{"embeddable":true,"href":"https:\/\/impulzus-pszichologia.hu\/index.php?rest_route=\/wp\/v2\/users\/1"}],"replies":[{"embeddable":true,"href":"https:\/\/impulzus-pszichologia.hu\/index.php?rest_route=%2Fwp%2Fv2%2Fcomments&post=2034"}],"version-history":[{"count":1,"href":"https:\/\/impulzus-pszichologia.hu\/index.php?rest_route=\/wp\/v2\/pages\/2034\/revisions"}],"predecessor-version":[{"id":2035,"href":"https:\/\/impulzus-pszichologia.hu\/index.php?rest_route=\/wp\/v2\/pages\/2034\/revisions\/2035"}],"up":[{"embeddable":true,"href":"https:\/\/impulzus-pszichologia.hu\/index.php?rest_route=\/wp\/v2\/pages\/1999"}],"wp:attachment":[{"href":"https:\/\/impulzus-pszichologia.hu\/index.php?rest_route=%2Fwp%2Fv2%2Fmedia&parent=2034"}],"curies":[{"name":"wp","href":"https:\/\/api.w.org\/{rel}","templated":true}]}}