{"id":2037,"date":"2020-11-24T10:57:45","date_gmt":"2020-11-24T10:57:45","guid":{"rendered":"http:\/\/www.pszich.u-szeged.hu\/impulzus\/?page_id=2037"},"modified":"2020-11-24T10:58:03","modified_gmt":"2020-11-24T10:58:03","slug":"a-meddoseg-psziches-es-pszichoterapias-vonatkozasai-attekinto-tanulmany","status":"publish","type":"page","link":"https:\/\/impulzus-pszichologia.hu\/?page_id=2037","title":{"rendered":"A medd\u0151s\u00e9g pszich\u00e9s \u00e9s pszichoter\u00e1pi\u00e1s vonatkoz\u00e1sai. \u00c1ttekint\u0151 tanulm\u00e1ny"},"content":{"rendered":"<p><a href=\"http:\/\/www.impulzus-pszichologia.hu\/wp-content\/uploads\/2020\/11\/9-pap.pdf\"><img decoding=\"async\" class=\"alignright size-full wp-image-1684\" src=\"http:\/\/www.impulzus-pszichologia.hu\/wp-content\/uploads\/2014\/09\/pdf-icon.png\" alt=\"pdf-icon\" width=\"80\" srcset=\"https:\/\/impulzus-pszichologia.hu\/wp-content\/uploads\/2014\/09\/pdf-icon.png 256w, https:\/\/impulzus-pszichologia.hu\/wp-content\/uploads\/2014\/09\/pdf-icon-150x150.png 150w\" sizes=\"(max-width: 256px) 100vw, 256px\" \/><\/a><strong>Pap Ildik\u00f3<\/strong><br \/>\nSZTE BTK Pszichol\u00f3gia Int\u00e9zet<\/p>\n<p>\u00c1ttekint\u0151 tanulm\u00e1nyomban a medd\u0151s\u00e9g pszich\u00e9s \u00e9s pszichoter\u00e1pi\u00e1s vonatkoz\u00e1sainak bemutat\u00e1s\u00e1t t\u0171ztem ki c\u00e9lul. Ezen bel\u00fcl a munk\u00e1m k\u00f6zponti k\u00e9rd\u00e9sk\u00f6re a medd\u0151s\u00e9ggel kapcsolatos pszichoszoci\u00e1lis seg\u00edts\u00e9gny\u00fajt\u00e1s lehet\u0151s\u00e9geinek ismertet\u00e9se, az empirikus kutat\u00e1sokkal al\u00e1t\u00e1masztott pszichoter\u00e1pi\u00e1s kezel\u00e9sek, intervenci\u00f3k szakirodalmi \u00e1ttekint\u00e9se \u00e9s bemutat\u00e1sa, tov\u00e1bb\u00e1 a term\u00e9ketlens\u00e9gre gyakorolt hat\u00e1smechanizmusaik vizsg\u00e1lata. Tekintettel a 21. sz\u00e1zadi orvosl\u00e1sban mindink\u00e1bb el\u0151re t\u00f6r\u0151 holisztikus szeml\u00e9letm\u00f3dra, c\u00e9lom f\u00f3kuszba \u00e1ll\u00edtani az infertilit\u00e1ssal \u00f6sszef\u00fcgg\u0151 pszich\u00e9s \u00e9s a t\u00e1rsas faktorok s\u00faly\u00e1t, illetve ehhez kapcsol\u00f3d\u00f3an kiemelni a term\u00e9ketlens\u00e9ggel k\u00fczd\u0151 szem\u00e9lyek, valamint a medd\u0151s\u00e9gi kezel\u00e9seken r\u00e9sztvev\u0151 kliensek pszich\u00e9s t\u00e1mogat\u00e1s\u00e1nak jelent\u0151s\u00e9g\u00e9t. Az elm\u00e9leti munk\u00e1mban bemutatott szakirodalmi \u00e1ttekint\u00e9s \u00e9s empirikus vizsg\u00e1latok eredm\u00e9nyek\u00e9ppen elmondhat\u00f3, hogy a c\u00e9lzott pszichoszoci\u00e1lis intervenci\u00f3k \u00e1ltal &#8211; melynek sor\u00e1n f\u00f3kuszban a test, a l\u00e9lek \u00e9s a t\u00e1rsas faktorok \u00f6sszef\u00fcgg\u00e9sei \u00e1llnak &#8211; nemcsak a v\u00e1rand\u00f3ss\u00e1g es\u00e9lye n\u00f6vekedhet, hanem az \u00e9rintettek fizikai, ment\u00e1lis, lelki \u00e9s szoci\u00e1lis j\u00f3ll\u00e9te is pozit\u00edv ir\u00e1nyba fordulhat.<\/p>\n<p><strong>Kulcsszavak<\/strong>: medd\u0151s\u00e9g, stressz, depresszi\u00f3, szorong\u00e1s, pszichoter\u00e1pia<\/p>\n<p>[hr\/]<\/p>\n<h3>English abstract<\/h3>\n<p><strong>Psychological and Psychotherapy Aspects of Infertility. Literature Review<\/strong><\/p>\n<p>In this review study I aim to present current knowledge of major psychological and psychotherapeutic aspects of infertility. My goal is to describe the possibilities of psychosocial assistance related to infertility, to review available psychotherapeutic treatments and interventions supported by empirical research, and to point out their mechanisms of effect on infertility. Given the increasingly holistic orientation of 21st century medicine, my goal is to focus on the weight of psychiatric and social factors associated with infertility, and to highlight the importance of psychological aspects in infertility research and in the support of infertility clients. In conclusion of the review we can say that targeted psychosocial interventions that focus on the relationships between body, soul and social factors can increase not only the chances of pregnancy but also the physical, mental, spiritual and social well-being of persons affected by infertility.<\/p>\n<p><strong>Keywords<\/strong>: infertility, stress, depression, anxiety, psychotherapy<\/p>\n<p><\/p>\n<p><a href=\"http:\/\/www.impulzus-pszichologia.hu\/?page_id=1999\" title=\"2020 november\">&laquo; Vissza a tartalomjegyz\u00e9khez<\/a><\/p>\n","protected":false},"excerpt":{"rendered":"<p>Pap Ildik\u00f3 SZTE BTK Pszichol\u00f3gia Int\u00e9zet \u00c1ttekint\u0151 tanulm\u00e1nyomban a medd\u0151s\u00e9g pszich\u00e9s \u00e9s pszichoter\u00e1pi\u00e1s vonatkoz\u00e1sainak bemutat\u00e1s\u00e1t t\u0171ztem ki c\u00e9lul. Ezen bel\u00fcl a munk\u00e1m k\u00f6zponti k\u00e9rd\u00e9sk\u00f6re a medd\u0151s\u00e9ggel kapcsolatos pszichoszoci\u00e1lis seg\u00edts\u00e9gny\u00fajt\u00e1s lehet\u0151s\u00e9geinek ismertet\u00e9se, az empirikus kutat\u00e1sokkal al\u00e1t\u00e1masztott pszichoter\u00e1pi\u00e1s kezel\u00e9sek, intervenci\u00f3k szakirodalmi \u00e1ttekint\u00e9se \u00e9s bemutat\u00e1sa, tov\u00e1bb\u00e1 a term\u00e9ketlens\u00e9gre gyakorolt hat\u00e1smechanizmusaik vizsg\u00e1lata. Tekintettel a 21. sz\u00e1zadi orvosl\u00e1sban mindink\u00e1bb el\u0151re [&hellip;]<\/p>\n","protected":false},"author":1,"featured_media":0,"parent":1999,"menu_order":0,"comment_status":"closed","ping_status":"closed","template":"template_fullwidth.php","meta":{"footnotes":""},"_links":{"self":[{"href":"https:\/\/impulzus-pszichologia.hu\/index.php?rest_route=\/wp\/v2\/pages\/2037"}],"collection":[{"href":"https:\/\/impulzus-pszichologia.hu\/index.php?rest_route=\/wp\/v2\/pages"}],"about":[{"href":"https:\/\/impulzus-pszichologia.hu\/index.php?rest_route=\/wp\/v2\/types\/page"}],"author":[{"embeddable":true,"href":"https:\/\/impulzus-pszichologia.hu\/index.php?rest_route=\/wp\/v2\/users\/1"}],"replies":[{"embeddable":true,"href":"https:\/\/impulzus-pszichologia.hu\/index.php?rest_route=%2Fwp%2Fv2%2Fcomments&post=2037"}],"version-history":[{"count":1,"href":"https:\/\/impulzus-pszichologia.hu\/index.php?rest_route=\/wp\/v2\/pages\/2037\/revisions"}],"predecessor-version":[{"id":2038,"href":"https:\/\/impulzus-pszichologia.hu\/index.php?rest_route=\/wp\/v2\/pages\/2037\/revisions\/2038"}],"up":[{"embeddable":true,"href":"https:\/\/impulzus-pszichologia.hu\/index.php?rest_route=\/wp\/v2\/pages\/1999"}],"wp:attachment":[{"href":"https:\/\/impulzus-pszichologia.hu\/index.php?rest_route=%2Fwp%2Fv2%2Fmedia&parent=2037"}],"curies":[{"name":"wp","href":"https:\/\/api.w.org\/{rel}","templated":true}]}}