{"id":2045,"date":"2021-12-22T16:22:12","date_gmt":"2021-12-22T16:22:12","guid":{"rendered":"http:\/\/www.pszich.u-szeged.hu\/impulzus\/?page_id=2045"},"modified":"2021-12-22T18:24:16","modified_gmt":"2021-12-22T18:24:16","slug":"2021-december","status":"publish","type":"page","link":"https:\/\/impulzus-pszichologia.hu\/?page_id=2045","title":{"rendered":"2021 december"},"content":{"rendered":"<p><img decoding=\"async\" class=\"alignleft size-full wp-image-1676\" src=\"http:\/\/www.impulzus-pszichologia.hu\/wp-content\/uploads\/2021\/12\/impulzus-vol8-cover.jpg\" alt=\"impulzus vol6-7\" width=\"250\" \/><\/p>\n<p>SZEGEDI PSZICHOL\u00d3GIAI TANULM\u00c1NYOK<br \/>\nDI\u00c1KSZERZ\u0150K PUBLIK\u00c1CI\u00d3S F\u00d3RUMA<br \/>\n8. \u00c9VFOLYAM, 1. SZ\u00c1M<br \/>\n2021 DECEMBER<\/p>\n<p>Az Impulzus \u2013 Szegedi Pszichol\u00f3giai Tanulm\u00e1nyok 2020-ban felh\u00edv\u00e1st tett k\u00f6zz\u00e9 pszichol\u00f3giat\u00f6rt\u00e9neti k\u00fcl\u00f6nsz\u00e1mban val\u00f3 publik\u00e1ci\u00f3k beny\u00fajt\u00e1s\u00e1ra. Ezt a Magyar Pszichol\u00f3giai T\u00e1rsas\u00e1g \u00e1ltal 2020-ra meghirdetett Ranschburg P\u00e1l eml\u00e9k\u00e9v tette aktu\u00e1liss\u00e1, nyitott t\u00e9mav\u00e1laszt\u00e1ssal. A jelen sz\u00e1mban a felh\u00edv\u00e1sra be\u00e9rkezett \u00edr\u00e1sokat tessz\u00fck k\u00f6zz\u00e9, illetve a Dienes Val\u00e9ri\u00e1r\u00f3l sz\u00f3l\u00f3 tanulm\u00e1nyhoz kapcsol\u00f3d\u00f3an interj\u00fat k\u00f6zl\u00fcnk Ranschburg \u00c1gnes Hildegarddal. A sz\u00e1m emellett a megszokott m\u00f3don \u00e1ltal\u00e1nos tematik\u00e1j\u00fa tanulm\u00e1nyokat is k\u00f6z\u00f6l.<\/p>\n<h2>Tartalomjegyz\u00e9k<\/h2>\n<ul>\n<li><a href=\"http:\/\/www.impulzus-pszichologia.hu\/wp-content\/uploads\/2021\/12\/1-colophon.pdf\">Kolofon<\/a>\n<\/ul>\n<h3>I. Pszichol\u00f3giat\u00f6rt\u00e9neti tanulm\u00e1nyok<\/h3>\n<ul>\n<li><a href=\"http:\/\/www.impulzus-pszichologia.hu\/?page_id=2064\">\u00d6tven \u00e9v a Magyar Pszichol\u00f3giai Szemle t\u00f6rt\u00e9net\u00e9b\u0151l<\/a><br \/>\n<em>Balla Gy\u00f6rgyi<\/em>, SZTE BTK Pszichol\u00f3giai Int\u00e9zet<\/li>\n<li><a href=\"http:\/\/www.impulzus-pszichologia.hu\/?page_id=2067\">Gimn\u00e1ziumi l\u00e9lektan-oktat\u00e1s 1868 \u00e9s 1989 k\u00f6z\u00f6tt. \u00c1ttekint\u00e9s rendszerv\u00e1ltoz\u00e1st\u00f3l rendszerv\u00e1ltoz\u00e1sig<\/a><br \/>\n<em>M\u00fcller Vanessa, B\u00e1r\u00e1ny Istv\u00e1n<\/em>, SZTE Nevel\u00e9studom\u00e1nyi Doktori Iskola, SZTE Pszichol\u00f3giai Int\u00e9zet<\/li>\n<li><a href=\"http:\/\/www.impulzus-pszichologia.hu\/?page_id=2070\">Politikai pszichi\u00e1tria a szocialista Magyarorsz\u00e1gon<\/a><br \/>\n<em>S\u00fck\u00f6sd Anik\u00f3, Bodor P\u00e9ter<\/em>, ELTE Szociol\u00f3giai Doktori Iskola, ELTE Szociol\u00f3gia Int\u00e9zet<\/li>\n<li><a href=\"http:\/\/www.impulzus-pszichologia.hu\/?page_id=2073\">Hogyan mutatta be a korabeli pszichol\u00f3gi\u00e1t Dienes Val\u00e9ria, 1914-ben \u00edrt \u201eA mai l\u00e9lektan f\u0151bb ir\u00e1nyai\u201d c. munk\u00e1j\u00e1ban?<\/a><br \/>\n<em>T\u00f3th Enik\u0151, Szokolszky \u00c1gnes<\/em>, SZTE BTK Pszichol\u00f3giai Int\u00e9zet<\/li>\n<li><a href=\"http:\/\/www.impulzus-pszichologia.hu\/?page_id=2076\">Kapcsolatom Dienes Val\u00e9ri\u00e1val. Interj\u00fa Ranschburg \u00c1gnes Hildegarddal<\/a><br \/>\n<em>Szokolszky \u00c1gnes<\/em>, SZTE BTK Pszichol\u00f3giai Int\u00e9zet<\/li>\n<\/ul>\n<h3>II. \u00c1ltal\u00e1nos tematik\u00e1j\u00fa tanulm\u00e1nyok<\/h3>\n<ul>\n<li><a href=\"http:\/\/www.impulzus-pszichologia.hu\/?page_id=2079\">Professzion\u00e1lis online p\u00f3kerj\u00e1t\u00e9kosok teljes\u00edtm\u00e9ny\u00e9t befoly\u00e1sol\u00f3 kognit\u00edv t\u00e9nyez\u0151k<\/a><br \/>\n<em>Simon Tam\u00e1s, Cs\u00e1bi Eszter<\/em>, SZTE Pszichol\u00f3giai Int\u00e9zet<\/li>\n<li><a href=\"http:\/\/www.impulzus-pszichologia.hu\/?page_id=2082\">\u201eElk\u00e9pzelem, de ugyan\u00fagy?\u201d A szagl\u00e1s min\u0151s\u00e9ge befoly\u00e1solhatja, hogyan<br \/>\nk\u00e9pzelj\u00fck el a tereket<\/a><br \/>\n<em>F\u0171r\u00e9sz Enik\u0151<\/em>, SZTE BTK Pszichol\u00f3giai Int\u00e9zet<\/li>\n<li><a href=\"http:\/\/www.impulzus-pszichologia.hu\/?page_id=2085\">A b\u00e9lfl\u00f3ra \u00e9s az \u00e9trend hat\u00e1sai az idegrendszer m\u0171k\u00f6d\u00e9s\u00e9re \u00e9s a ment\u00e1lis eg\u00e9szs\u00e9gre. Szakirodalmi \u00e1ttekint\u00e9s<\/a><br \/>\n<em>Szigetv\u00e1ri Krisztina<\/em>, SZTE BTK Pszichol\u00f3giai Int\u00e9zet<\/li>\n<\/ul>\n","protected":false},"excerpt":{"rendered":"<p>SZEGEDI PSZICHOL\u00d3GIAI TANULM\u00c1NYOK DI\u00c1KSZERZ\u0150K PUBLIK\u00c1CI\u00d3S F\u00d3RUMA 8. \u00c9VFOLYAM, 1. SZ\u00c1M 2021 DECEMBER Az Impulzus \u2013 Szegedi Pszichol\u00f3giai Tanulm\u00e1nyok 2020-ban felh\u00edv\u00e1st tett k\u00f6zz\u00e9 pszichol\u00f3giat\u00f6rt\u00e9neti k\u00fcl\u00f6nsz\u00e1mban val\u00f3 publik\u00e1ci\u00f3k beny\u00fajt\u00e1s\u00e1ra. Ezt a Magyar Pszichol\u00f3giai T\u00e1rsas\u00e1g \u00e1ltal 2020-ra meghirdetett Ranschburg P\u00e1l eml\u00e9k\u00e9v tette aktu\u00e1liss\u00e1, nyitott t\u00e9mav\u00e1laszt\u00e1ssal. A jelen sz\u00e1mban a felh\u00edv\u00e1sra be\u00e9rkezett \u00edr\u00e1sokat tessz\u00fck k\u00f6zz\u00e9, illetve a Dienes Val\u00e9ri\u00e1r\u00f3l [&hellip;]<\/p>\n","protected":false},"author":1,"featured_media":0,"parent":1378,"menu_order":0,"comment_status":"closed","ping_status":"closed","template":"template_fullwidth.php","meta":{"footnotes":""},"_links":{"self":[{"href":"https:\/\/impulzus-pszichologia.hu\/index.php?rest_route=\/wp\/v2\/pages\/2045"}],"collection":[{"href":"https:\/\/impulzus-pszichologia.hu\/index.php?rest_route=\/wp\/v2\/pages"}],"about":[{"href":"https:\/\/impulzus-pszichologia.hu\/index.php?rest_route=\/wp\/v2\/types\/page"}],"author":[{"embeddable":true,"href":"https:\/\/impulzus-pszichologia.hu\/index.php?rest_route=\/wp\/v2\/users\/1"}],"replies":[{"embeddable":true,"href":"https:\/\/impulzus-pszichologia.hu\/index.php?rest_route=%2Fwp%2Fv2%2Fcomments&post=2045"}],"version-history":[{"count":16,"href":"https:\/\/impulzus-pszichologia.hu\/index.php?rest_route=\/wp\/v2\/pages\/2045\/revisions"}],"predecessor-version":[{"id":2096,"href":"https:\/\/impulzus-pszichologia.hu\/index.php?rest_route=\/wp\/v2\/pages\/2045\/revisions\/2096"}],"up":[{"embeddable":true,"href":"https:\/\/impulzus-pszichologia.hu\/index.php?rest_route=\/wp\/v2\/pages\/1378"}],"wp:attachment":[{"href":"https:\/\/impulzus-pszichologia.hu\/index.php?rest_route=%2Fwp%2Fv2%2Fmedia&parent=2045"}],"curies":[{"name":"wp","href":"https:\/\/api.w.org\/{rel}","templated":true}]}}