{"id":2100,"date":"2022-12-21T08:26:24","date_gmt":"2022-12-21T08:26:24","guid":{"rendered":"http:\/\/www.pszich.u-szeged.hu\/impulzus\/?page_id=2100"},"modified":"2022-12-21T08:32:35","modified_gmt":"2022-12-21T08:32:35","slug":"kornyezettudatos-cselekedetek-motivacioi-magyar-diakok-koreben","status":"publish","type":"page","link":"https:\/\/impulzus-pszichologia.hu\/?page_id=2100","title":{"rendered":"<strong>K\u00f6rnyezettudatos cselekedetek motiv\u00e1ci\u00f3i magyar di\u00e1kok k\u00f6r\u00e9ben<\/strong>"},"content":{"rendered":"\n<p><a href=\"http:\/\/www.impulzus-pszichologia.hu\/wp-content\/uploads\/2022\/12\/2-szabo-kristof-agoston.pdf\"><img decoding=\"async\" class=\"alignright size-full wp-image-1684\" src=\"http:\/\/www.impulzus-pszichologia.hu\/wp-content\/uploads\/2014\/09\/pdf-icon.png\" alt=\"pdf-icon\" width=\"80\" srcset=\"https:\/\/impulzus-pszichologia.hu\/wp-content\/uploads\/2014\/09\/pdf-icon.png 256w, https:\/\/impulzus-pszichologia.hu\/wp-content\/uploads\/2014\/09\/pdf-icon-150x150.png 150w\" sizes=\"(max-width: 256px) 100vw, 256px\" \/><\/a><strong>Szab\u00f3 Zolt\u00e1n \u00c1bel<sup>1<\/sup>, Krist\u00f3f Hanna Em\u00edlia<sup>2<\/sup>, \u00c1goston Csilla<sup>3<\/sup><\/strong><br \/><sup>1<\/sup> ELTE PPK Pszichol\u00f3giai Int\u00e9zet, szaboabel@student.elte.hu<br \/>\n<sup>2<\/sup> ELTE PPK Pszichol\u00f3giai Int\u00e9zet<br \/>\n<sup>3<\/sup> ELTE PPK Ember-K\u00f6rnyezet Tranzakci\u00f3 Int\u00e9zet\n<\/p>\n<p>A k\u00f6rnyezettudatoss\u00e1g korunk fontos k\u00e9rd\u00e9sk\u00f6re, ennek megfelel\u0151en m\u00e1r t\u00f6bb pszichol\u00f3giai kutat\u00e1s is foglalkozott azzal, milyen aspektusok hat\u00e1rozz\u00e1k meg, hogy az egy\u00e9nek v\u00e9grehajtanak-e k\u00f6rnyezetbar\u00e1t cselekedeteket. Azonban a magyar popul\u00e1ci\u00f3 k\u00f6r\u00e9ben ezen \u2013 m\u00e1r megl\u00e9v\u0151 \u2013 elm\u00e9letek \u00e9s modellek alkalmazhat\u00f3s\u00e1ga nincs megfelel\u0151en felm\u00e9rve. Ez\u00e9rt ebben a kutat\u00e1sban kvalitat\u00edv m\u00f3dszertannal, interj\u00fakon kereszt\u00fcl vizsg\u00e1ljuk, hogy a magyar fiatalok milyen motiv\u00e1l\u00f3 er\u0151ket eml\u00edtenek, melyek saj\u00e1t \u00e9s m\u00e1sok cselekedeteit ir\u00e1ny\u00edtj\u00e1k k\u00f6rnyezettudatos cselekedetek elv\u00e9gz\u00e9s\u00e9re. A minta 10 f\u0151, 22 \u00e9ven aluli magyar fiatalb\u00f3l \u00e1llt (16-22 \u00e9v, M=18,9 \u00e9v, SD=2,13). A vel\u00fck k\u00e9sz\u00fclt interj\u00fak \u00e1tiratainak elemz\u00e9se \u00e9s k\u00f3dol\u00e1sa sor\u00e1n t\u00f6bb motiv\u00e1ci\u00f3s c\u00edmke ker\u00fclt azonos\u00edt\u00e1sra, melyeket a Theory of Planned Behaviour (Tervezett cselekv\u00e9s elm\u00e9lete, tov\u00e1bbiakban TPB) \u00e9s a Value-Belief-Norm (\u00c9rt\u00e9k-meggy\u0151z\u0151d\u00e9s-norma elm\u00e9let, tov\u00e1bbiakban VBN) elm\u00e9let modelljeinek elemeivel hasonl\u00edtottunk \u00f6ssze. Az eredm\u00e9nyek alapj\u00e1n az el\u0151bb eml\u00edtett k\u00e9t modell aspektusai megjelennek az interj\u00fak \u00e1tirataiban, de hi\u00e1nyoznak az elm\u00e9letekb\u0151l az interj\u00fakban t\u00f6bbsz\u00f6r is eml\u00edtett \u00e9rzelmi \u00e9s a lehets\u00e9ges t\u00e1rsas, vagy anyagi nyeres\u00e9gek hat\u00e1sai. \u00cdgy \u00f6sszesen 4 t\u00e9m\u00e1t: <em>T\u00e1rsas motiv\u00e1ci\u00f3k, Nyeres\u00e9g, Intrinzik, szem\u00e9lyes motiv\u00e1l\u00f3 t\u00e9nyez\u0151k \u00e9s Nem t\u00e1rsas k\u00fcls\u0151 motiv\u00e1l\u00f3 t\u00e9nyez\u0151k<\/em> lehetett megk\u00fcl\u00f6nb\u00f6ztetni, melyek j\u00f3l lefedik a felmer\u00fclt sz\u00f6vegtartalmakat. Ezeken fel\u00fcl a VBN \u00e9s TPB modellek egyes r\u00e9szeinek megjelen\u00e9se kev\u00e9sb\u00e9 volt k\u00f6zponti az eredeti nyugat-eur\u00f3pai \u00e9s amerikai popul\u00e1ci\u00f3hoz k\u00e9pest. Az elt\u00e9r\u00e9s h\u00e1tter\u00e9ben kultur\u00e1lis \u00e9s gazdas\u00e1gi okok is \u00e1llhatnak.<\/p>\n<p><strong>Kulcsszavak<\/strong>: k\u00f6rnyezettudatoss\u00e1g, tematikus tartalomelemz\u00e9s, Tervezett cselekv\u00e9s elm\u00e9lete, Value-Belief-Norm elm\u00e9let<\/p>\n<p>[hr\/]<\/p>\n<h3>English abstract<\/h3>\n<p>Environmentalism is a topic of utmost importance in our age; thus, numerous psychological research papers have tried to unveil what aspects determine a person\u2019s engagement in environmentally friendly activities. These theories and models, however, have not been tested adequately on Hungarian populations. In this paper, we examine the motivations of environmentally conscious behaviours through interviews with Hungarian young persons, using qualitative methodology. Our sample consists of 10 people, all Hungarians under the age of 22 (16-22 years, M=18.9 years; SD=2.13). During the transcripts&#8217; analysis and coding, we identified numerous motivational labels, which we compared with the elements of the Theory of planned behaviour (TPB) and the Value-Belief-Norm (VBN) theory-based model. According to our results, the models\u2019 aspects are present in the interviews, although the effect of emotions and possible social or material gains \u2013 which have been mentioned by the interviewees \u2013 are missing from them. We managed to form four themes, that cover the mentioned topics well: <em>Social motivations, Gains, Intrinsic, personal motivating aspects, and Non &#8211; social motivating aspects<\/em>. Besides these findings, other elements of the VBN and TPB models were not as central in the present study as in the Western European and American populations. Behind this difference, cultural and economic reasons are suspected.<\/p>\n<p><strong>Keywords<\/strong>: environmentalism, thematic analysis, Theory of Planned Behaviour, Value-Belief-Norm theory<\/p>\n<p>\u00a0<\/p>\n<p><a title=\"2022 december\" href=\"http:\/\/www.impulzus-pszichologia.hu\/?page_id=2095\">\u00ab Vissza a tartalomjegyz\u00e9khez<\/a><\/p>\n","protected":false},"excerpt":{"rendered":"<p>Szab\u00f3 Zolt\u00e1n \u00c1bel1, Krist\u00f3f Hanna Em\u00edlia2, \u00c1goston Csilla31 ELTE PPK Pszichol\u00f3giai Int\u00e9zet, szaboabel@student.elte.hu 2 ELTE PPK Pszichol\u00f3giai Int\u00e9zet 3 ELTE PPK Ember-K\u00f6rnyezet Tranzakci\u00f3 Int\u00e9zet A k\u00f6rnyezettudatoss\u00e1g korunk fontos k\u00e9rd\u00e9sk\u00f6re, ennek megfelel\u0151en m\u00e1r t\u00f6bb pszichol\u00f3giai kutat\u00e1s is foglalkozott azzal, milyen aspektusok hat\u00e1rozz\u00e1k meg, hogy az egy\u00e9nek v\u00e9grehajtanak-e k\u00f6rnyezetbar\u00e1t cselekedeteket. Azonban a magyar popul\u00e1ci\u00f3 k\u00f6r\u00e9ben ezen \u2013 [&hellip;]<\/p>\n","protected":false},"author":1,"featured_media":0,"parent":2095,"menu_order":0,"comment_status":"closed","ping_status":"closed","template":"template_fullwidth.php","meta":{"footnotes":""},"_links":{"self":[{"href":"https:\/\/impulzus-pszichologia.hu\/index.php?rest_route=\/wp\/v2\/pages\/2100"}],"collection":[{"href":"https:\/\/impulzus-pszichologia.hu\/index.php?rest_route=\/wp\/v2\/pages"}],"about":[{"href":"https:\/\/impulzus-pszichologia.hu\/index.php?rest_route=\/wp\/v2\/types\/page"}],"author":[{"embeddable":true,"href":"https:\/\/impulzus-pszichologia.hu\/index.php?rest_route=\/wp\/v2\/users\/1"}],"replies":[{"embeddable":true,"href":"https:\/\/impulzus-pszichologia.hu\/index.php?rest_route=%2Fwp%2Fv2%2Fcomments&post=2100"}],"version-history":[{"count":4,"href":"https:\/\/impulzus-pszichologia.hu\/index.php?rest_route=\/wp\/v2\/pages\/2100\/revisions"}],"predecessor-version":[{"id":2108,"href":"https:\/\/impulzus-pszichologia.hu\/index.php?rest_route=\/wp\/v2\/pages\/2100\/revisions\/2108"}],"up":[{"embeddable":true,"href":"https:\/\/impulzus-pszichologia.hu\/index.php?rest_route=\/wp\/v2\/pages\/2095"}],"wp:attachment":[{"href":"https:\/\/impulzus-pszichologia.hu\/index.php?rest_route=%2Fwp%2Fv2%2Fmedia&parent=2100"}],"curies":[{"name":"wp","href":"https:\/\/api.w.org\/{rel}","templated":true}]}}