{"id":2109,"date":"2022-12-21T08:40:42","date_gmt":"2022-12-21T08:40:42","guid":{"rendered":"http:\/\/www.pszich.u-szeged.hu\/impulzus\/?page_id=2109"},"modified":"2022-12-21T08:41:29","modified_gmt":"2022-12-21T08:41:29","slug":"a-munkahelyi-pszichoterror-alakulasa-az-egeszsegugyben-a-covid-19-jarvany-alatt","status":"publish","type":"page","link":"https:\/\/impulzus-pszichologia.hu\/?page_id=2109","title":{"rendered":"A munkahelyi pszichoterror alakul\u00e1sa az eg\u00e9szs\u00e9g\u00fcgyben a COVID-19 j\u00e1rv\u00e1ny alatt"},"content":{"rendered":"\n<p><a href=\"http:\/\/www.impulzus-pszichologia.hu\/wp-content\/uploads\/2022\/12\/3-soos-czibor.pdf\"><img decoding=\"async\" class=\"alignright size-full wp-image-1684\" src=\"http:\/\/www.impulzus-pszichologia.hu\/wp-content\/uploads\/2014\/09\/pdf-icon.png\" alt=\"pdf-icon\" width=\"80\" srcset=\"https:\/\/impulzus-pszichologia.hu\/wp-content\/uploads\/2014\/09\/pdf-icon.png 256w, https:\/\/impulzus-pszichologia.hu\/wp-content\/uploads\/2014\/09\/pdf-icon-150x150.png 150w\" sizes=\"(max-width: 256px) 100vw, 256px\" \/><\/a><strong>So\u00f3s Adri\u00e1n Rich\u00e1rd, Czibor Andrea<\/strong><br \/>PTE BTK, Pszichol\u00f3gia Int\u00e9zet, soosar0507@gmail.com<\/p>\n<p>Kutat\u00e1sunk c\u00e9lja, hogy k\u00e9pet kapjunk az eg\u00e9szs\u00e9g\u00fcgyi dolgoz\u00f3kat \u00e9rint\u0151 munkahelyi pszichoterror (mobbing) m\u00e9rt\u00e9k\u00e9nek pand\u00e9mia alatti alakul\u00e1s\u00e1r\u00f3l. A kutat\u00e1sban 205 eg\u00e9szs\u00e9g\u00fcgyi dolgoz\u00f3 vett r\u00e9szt, 101 f\u0151 2018-ban, 104 f\u0151 pedig 2021-ben t\u00f6lt\u00f6tte ki t\u00f6bb m\u00e1s m\u00e9r\u0151eszk\u00f6z mellett a Mobbing Inzultusok Jegyz\u00e9k\u00e9t tartalmaz\u00f3 k\u00e9rd\u0151\u00edvcsomagot. Ugyanezt a k\u00e9rd\u0151\u00edvcsomagot 2021-ben 284 oktat\u00e1s, 62 vend\u00e9gl\u00e1t\u00e1s \u00e9s 73 kereskedelem ter\u00fclet\u00e9n dolgoz\u00f3 munkav\u00e1llal\u00f3 is kit\u00f6lt\u00f6tte. Felt\u00e9telezt\u00fck, hogy a koronav\u00edrus harmadik hull\u00e1ma alatt az eg\u00e9szs\u00e9g\u00fcgyi dolgoz\u00f3k magasabb mobbing-\u00e9rintetts\u00e9gr\u0151l sz\u00e1molnak be, mint a vil\u00e1gj\u00e1rv\u00e1ny el\u0151tt; illetve, hogy az eg\u00e9szs\u00e9g\u00fcgyi dolgoz\u00f3k mobbing \u00e9rintetts\u00e9ge m\u00e1s szakter\u00fcletekhez k\u00e9pest magasabb \u00e9rt\u00e9keket mutat a COVID-19 harmadik hull\u00e1ma alatt. Hipot\u00e9ziseink nem igazol\u00f3dtak be, ugyanis elemz\u00e9seink azt mutatt\u00e1k, hogy a j\u00e1rv\u00e1ny id\u0151szak\u00e1ban alacsonyabb mobbing-\u00e9rintetts\u00e9g mutatkozott az eg\u00e9szs\u00e9g\u00fcgyi dolgoz\u00f3k k\u00f6r\u00e9ben, mint a j\u00e1rv\u00e1nyt megel\u0151z\u0151 id\u0151szakban. Emellett, a k\u00fcl\u00f6nb\u00f6z\u0151 szakmacsoportok COVID-19 alatti mobbing-\u00e9rintetts\u00e9g\u00e9nek \u00f6sszehasonl\u00edt\u00e1sa is azt igazolta, hogy az eg\u00e9szs\u00e9g\u00fcgyi dolgoz\u00f3k \u00e9rintetts\u00e9g\u00e9t meghaladja a kereskedelem \u00e9s vend\u00e9gl\u00e1t\u00e1s ter\u00fclet\u00e9n dolgoz\u00f3k pszichoterror-\u00e9rintetts\u00e9ge. Az eredm\u00e9nyeket pszichoszoci\u00e1lis h\u00e1tt\u00e9rt\u00e9nyez\u0151k ment\u00e9n \u00e9rtelmezz\u00fck.<\/p>\n<p><strong>Kulcsszavak<\/strong>: mobbing, munkahelyi pszichoterror eg\u00e9szs\u00e9g\u00fcgy, oktat\u00e1s, kereskedelem, vend\u00e9gl\u00e1t\u00e1s\/turizmus, LIPT-k\u00e9rd\u0151\u00edv<\/p>\n<p>[hr\/]<\/p>\n<h3>English abstract<\/h3>\n<p>This study aimed to provide an overview of the prevalence of workplace mobbing among healthcare workers during the COVID-19 pandemic. Hungarian healthcare workers (N=205) participated in the study. 101 employees completed the questionnaire package including the Leymann Inventory of Psychological Terror in year 2018, while 104 employees participated in year 2021. The same questionnaire package was administered among employees from the fields of education (N=284), catering (N=62), and commerce (N=73) in 2021. We hypothesized that among healthcare employees exposure to mobbing would be higher in times of the pandemic than in 2018. Furthermore, the prevalence of mobbing was hypothesized to be higher among healthcare workers than among other occupational groups in 2021. Our hypotheses were not confirmed. Among healthcare workers, the prevalence of mobbing was higher in 2018 than in times of coronavirus. Compared to other occupations, exposure to bullying was higher in the fields of commerce and catering, than in the healthcare field. Results are discussed considering the underlying psychosocial factors.<\/p>\n<p><strong>Keywords<\/strong>: mobbing, healthcare, education, commerce, catering \/ tourism, LIPT-questionnaire<\/p>\n<p>\u00a0<\/p>\n<p><a title=\"2022 december\" href=\"http:\/\/www.impulzus-pszichologia.hu\/?page_id=2095\">\u00ab Vissza a tartalomjegyz\u00e9khez<\/a><\/p>\n","protected":false},"excerpt":{"rendered":"<p>So\u00f3s Adri\u00e1n Rich\u00e1rd, Czibor AndreaPTE BTK, Pszichol\u00f3gia Int\u00e9zet, soosar0507@gmail.com Kutat\u00e1sunk c\u00e9lja, hogy k\u00e9pet kapjunk az eg\u00e9szs\u00e9g\u00fcgyi dolgoz\u00f3kat \u00e9rint\u0151 munkahelyi pszichoterror (mobbing) m\u00e9rt\u00e9k\u00e9nek pand\u00e9mia alatti alakul\u00e1s\u00e1r\u00f3l. A kutat\u00e1sban 205 eg\u00e9szs\u00e9g\u00fcgyi dolgoz\u00f3 vett r\u00e9szt, 101 f\u0151 2018-ban, 104 f\u0151 pedig 2021-ben t\u00f6lt\u00f6tte ki t\u00f6bb m\u00e1s m\u00e9r\u0151eszk\u00f6z mellett a Mobbing Inzultusok Jegyz\u00e9k\u00e9t tartalmaz\u00f3 k\u00e9rd\u0151\u00edvcsomagot. Ugyanezt a k\u00e9rd\u0151\u00edvcsomagot 2021-ben [&hellip;]<\/p>\n","protected":false},"author":1,"featured_media":0,"parent":2095,"menu_order":0,"comment_status":"closed","ping_status":"closed","template":"template_fullwidth.php","meta":{"footnotes":""},"_links":{"self":[{"href":"https:\/\/impulzus-pszichologia.hu\/index.php?rest_route=\/wp\/v2\/pages\/2109"}],"collection":[{"href":"https:\/\/impulzus-pszichologia.hu\/index.php?rest_route=\/wp\/v2\/pages"}],"about":[{"href":"https:\/\/impulzus-pszichologia.hu\/index.php?rest_route=\/wp\/v2\/types\/page"}],"author":[{"embeddable":true,"href":"https:\/\/impulzus-pszichologia.hu\/index.php?rest_route=\/wp\/v2\/users\/1"}],"replies":[{"embeddable":true,"href":"https:\/\/impulzus-pszichologia.hu\/index.php?rest_route=%2Fwp%2Fv2%2Fcomments&post=2109"}],"version-history":[{"count":3,"href":"https:\/\/impulzus-pszichologia.hu\/index.php?rest_route=\/wp\/v2\/pages\/2109\/revisions"}],"predecessor-version":[{"id":2128,"href":"https:\/\/impulzus-pszichologia.hu\/index.php?rest_route=\/wp\/v2\/pages\/2109\/revisions\/2128"}],"up":[{"embeddable":true,"href":"https:\/\/impulzus-pszichologia.hu\/index.php?rest_route=\/wp\/v2\/pages\/2095"}],"wp:attachment":[{"href":"https:\/\/impulzus-pszichologia.hu\/index.php?rest_route=%2Fwp%2Fv2%2Fmedia&parent=2109"}],"curies":[{"name":"wp","href":"https:\/\/api.w.org\/{rel}","templated":true}]}}