{"id":2127,"date":"2022-12-22T09:14:03","date_gmt":"2022-12-22T09:14:03","guid":{"rendered":"http:\/\/www.pszich.u-szeged.hu\/impulzus\/?page_id=2127"},"modified":"2022-12-22T09:14:03","modified_gmt":"2022-12-22T09:14:03","slug":"az-eszlelt-agresszio-nemi-kulonbsegei","status":"publish","type":"page","link":"https:\/\/impulzus-pszichologia.hu\/?page_id=2127","title":{"rendered":"<strong>Az \u00e9szlelt agresszi\u00f3 nemi k\u00fcl\u00f6nbs\u00e9gei<\/strong>"},"content":{"rendered":"\n<p><a href=\"http:\/\/www.impulzus-pszichologia.hu\/wp-content\/uploads\/2022\/12\/4-kovacs.pdf\"><img decoding=\"async\" class=\"alignright size-full wp-image-1684\" src=\"http:\/\/www.impulzus-pszichologia.hu\/wp-content\/uploads\/2014\/09\/pdf-icon.png\" alt=\"pdf-icon\" width=\"80\" srcset=\"https:\/\/impulzus-pszichologia.hu\/wp-content\/uploads\/2014\/09\/pdf-icon.png 256w, https:\/\/impulzus-pszichologia.hu\/wp-content\/uploads\/2014\/09\/pdf-icon-150x150.png 150w\" sizes=\"(max-width: 256px) 100vw, 256px\" \/><\/a><strong>Kov\u00e1cs Fanni Merc\u00e9desz<\/strong><br>SZTE BTK Pszichol\u00f3giai Int\u00e9zet, kovacsfanni020@gmail.com<\/p>\n<p>Kutat\u00e1som k\u00e9rd\u00e9se az volt, hogy f\u00fcgg-e az agresszi\u00f3 k\u00fcl\u00f6nb\u00f6z\u0151 fajt\u00e1inak meg\u00edt\u00e9l\u00e9se az elk\u00f6vet\u0151 nem\u00e9t\u0151l. Az online vizsg\u00e1latban \u00f6sszesen 237 f\u0151, fiatal feln\u0151tt vett r\u00e9szt (\u00e1tlag \u00e9letkor: 22,30 \u00e9v, (SD = 2,67), 118 f\u00e9rfi\/119 n\u0151). A kutat\u00e1sban Chandler \u00e9s munkat\u00e1rsai (2010) \u00e1ltal l\u00e9trehozott k\u00e9rd\u0151\u00edv magyarra ford\u00edtott \u00e9s kib\u0151v\u00edtett v\u00e1ltozat\u00e1t alkalmaztam, melynek sor\u00e1n k\u00fcl\u00f6nb\u00f6z\u0151 nem\u0171 agresszor rel\u00e1ci\u00f3s, illetve fizikai agresszi\u00f3it tartalmaz\u00f3 szitu\u00e1ci\u00f3kat kellett \u00e9rt\u00e9kelni. Az eredeti k\u00e9rd\u0151\u00edvben a szitu\u00e1ci\u00f3k eset\u00e9ben vagy n\u0151 vagy f\u00e9rfi volt az elk\u00f6vet\u0151. Ezt eg\u00e9sz\u00edtettem ki egy olyan felt\u00e9tellel, amikor nem der\u00fclt ki az elk\u00f6vet\u0151 neme (semleges helyzet), \u00e9s a k\u00e9rdezettnek el kell d\u00f6nteni, hogy milyen val\u00f3sz\u00edn\u0171s\u00e9ggel lehetett n\u0151 vagy f\u00e9rfi az elk\u00f6vet\u0151. Az eredm\u00e9nyek szerint a rel\u00e1ci\u00f3s agresszi\u00f3 eset\u00e9ben nem befoly\u00e1solta az agresszor neme az elfogadhat\u00f3s\u00e1got, \u00e9s az agresszi\u00f3 m\u00e9rt\u00e9k\u00e9nek meg\u00edt\u00e9l\u00e9s\u00e9t, valamint az elk\u00f6vet\u0151t ugyanakkora val\u00f3sz\u00edn\u0171s\u00e9ggel felt\u00e9telezt\u00e9k n\u0151nek \u00e9s f\u00e9rfinak. Azonban a v\u00e1laszad\u00f3k magasabb \u201emeglepetts\u00e9g\u201d \u00e9rt\u00e9ket mutattak, ha a rel\u00e1ci\u00f3s agresszi\u00f3t f\u00e9rfi k\u00f6vette el, mintha n\u0151.  A fizikai agresszi\u00f3 s\u00falyoss\u00e1g\u00e1nak meg\u00edt\u00e9l\u00e9s\u00e9t sem befoly\u00e1solta az elk\u00f6vet\u0151 neme, ugyanakkor semleges helyzetben az elk\u00f6vet\u0151t nagyobb val\u00f3sz\u00edn\u0171s\u00e9ggel felt\u00e9telezt\u00e9k f\u00e9rfinak. A r\u00e9sztvev\u0151k neme szint\u00e9n befoly\u00e1solta a fizikai agresszi\u00f3 \u00e9rt\u00e9k\u00e9kel\u00e9s\u00e9t, de a rel\u00e1ci\u00f3s agresszi\u00f3 meg\u00edt\u00e9l\u00e9s\u00e9t nem. Eredm\u00e9nyeim alapj\u00e1n az agresszi\u00f3 meg\u00edt\u00e9l\u00e9s\u00e9t agresszi\u00f3 t\u00edpus\u00e1t\u00f3l f\u00fcgg\u0151en befoly\u00e1solhatja a nemi sztereot\u00edpia, illetve a kit\u00f6lt\u0151k neme adott v\u00e1ltoz\u00f3k eset\u00e9ben.<\/p>\n<p><strong>Kulcsszavak<\/strong>: \u00e9szlelt agresszi\u00f3, indirekt agresszi\u00f3, fizikai agresszi\u00f3, nemi sztereot\u00edpia, nemi k\u00fcl\u00f6nbs\u00e9gek <\/p>\n<p>[hr\/]<\/p>\n<h3>English abstract<\/h3>\n<p>The aim of the study is to investigate whether different kinds of aggression are viewed differently depending on the sex of the aggressor. 118 men and 119 women participated in the study (mean age: 22.30 yrs, (SD = 2.67). Chandler et al.\u2019s (2010)  questionnaire was used in the study which had been extended and translated into Hungarian. In this questionnaire, different situations had to be evaluated, which varied depending on relational and physical aggression and the sex of the aggressor. I added a condition to this version of the questionnaire, where the sex of the aggressor hadn\u2019t been given (neutral condition), so the participants had to decide the sex of the aggressor. Our results showed that the sex of the aggressor didn\u2019t affect the acceptability or the level of aggression in the case of relational aggression, and the aggressor was considered to be male and female with the same probability. Nevertheless, a significant difference was found in the variable \u2019\u2019How surprised were you by this reaction?\u201d- if a man was the aggressor, as the situation was considered as more surprising. The level of aggression of physical aggression wasn\u2019t affected by sex; that is, it wasn\u2019t found to be more aggressive if a male was the aggressor, however, the aggressor was considered to be male rather than female. The sex of the participants affected the evaluation of physical aggression, except in the case of relational aggression. Our results indicate that the perception of aggression can be affected in certain variables by gender stereotypes and the sex of participants, depending on the type of aggression.<\/p>\n<p><strong>Keywords<\/strong>: perceived aggression, indirect aggression, physical aggression, gender stereotypes, gender differences<\/p>\n<p>&nbsp;<\/p>\n<p><a title=\"2022 december\" href=\"http:\/\/www.impulzus-pszichologia.hu\/?page_id=2095\">\u00ab Vissza a tartalomjegyz\u00e9khez<\/a><\/p>\n","protected":false},"excerpt":{"rendered":"<p>Kov\u00e1cs Fanni Merc\u00e9deszSZTE BTK Pszichol\u00f3giai Int\u00e9zet, kovacsfanni020@gmail.com Kutat\u00e1som k\u00e9rd\u00e9se az volt, hogy f\u00fcgg-e az agresszi\u00f3 k\u00fcl\u00f6nb\u00f6z\u0151 fajt\u00e1inak meg\u00edt\u00e9l\u00e9se az elk\u00f6vet\u0151 nem\u00e9t\u0151l. Az online vizsg\u00e1latban \u00f6sszesen 237 f\u0151, fiatal feln\u0151tt vett r\u00e9szt (\u00e1tlag \u00e9letkor: 22,30 \u00e9v, (SD = 2,67), 118 f\u00e9rfi\/119 n\u0151). A kutat\u00e1sban Chandler \u00e9s munkat\u00e1rsai (2010) \u00e1ltal l\u00e9trehozott k\u00e9rd\u0151\u00edv magyarra ford\u00edtott \u00e9s kib\u0151v\u00edtett v\u00e1ltozat\u00e1t [&hellip;]<\/p>\n","protected":false},"author":1,"featured_media":0,"parent":2095,"menu_order":0,"comment_status":"closed","ping_status":"closed","template":"template_fullwidth.php","meta":{"footnotes":""},"_links":{"self":[{"href":"https:\/\/impulzus-pszichologia.hu\/index.php?rest_route=\/wp\/v2\/pages\/2127"}],"collection":[{"href":"https:\/\/impulzus-pszichologia.hu\/index.php?rest_route=\/wp\/v2\/pages"}],"about":[{"href":"https:\/\/impulzus-pszichologia.hu\/index.php?rest_route=\/wp\/v2\/types\/page"}],"author":[{"embeddable":true,"href":"https:\/\/impulzus-pszichologia.hu\/index.php?rest_route=\/wp\/v2\/users\/1"}],"replies":[{"embeddable":true,"href":"https:\/\/impulzus-pszichologia.hu\/index.php?rest_route=%2Fwp%2Fv2%2Fcomments&post=2127"}],"version-history":[{"count":1,"href":"https:\/\/impulzus-pszichologia.hu\/index.php?rest_route=\/wp\/v2\/pages\/2127\/revisions"}],"predecessor-version":[{"id":2129,"href":"https:\/\/impulzus-pszichologia.hu\/index.php?rest_route=\/wp\/v2\/pages\/2127\/revisions\/2129"}],"up":[{"embeddable":true,"href":"https:\/\/impulzus-pszichologia.hu\/index.php?rest_route=\/wp\/v2\/pages\/2095"}],"wp:attachment":[{"href":"https:\/\/impulzus-pszichologia.hu\/index.php?rest_route=%2Fwp%2Fv2%2Fmedia&parent=2127"}],"curies":[{"name":"wp","href":"https:\/\/api.w.org\/{rel}","templated":true}]}}