{"id":2132,"date":"2022-12-22T09:26:09","date_gmt":"2022-12-22T09:26:09","guid":{"rendered":"http:\/\/www.pszich.u-szeged.hu\/impulzus\/?page_id=2132"},"modified":"2022-12-22T09:26:41","modified_gmt":"2022-12-22T09:26:41","slug":"a-problemas-kozossegimedia-hasznalat-es-a-mentalis-egeszseg-kapcsolata-magyar-kamaszok-koreben","status":"publish","type":"page","link":"https:\/\/impulzus-pszichologia.hu\/?page_id=2132","title":{"rendered":"<strong>A probl\u00e9m\u00e1s k\u00f6z\u00f6ss\u00e9gim\u00e9dia-haszn\u00e1lat \u00e9s a ment\u00e1lis eg\u00e9szs\u00e9g kapcsolata <\/strong><strong>magyar kamaszok k\u00f6r\u00e9ben<\/strong>"},"content":{"rendered":"\n<p><a href=\"http:\/\/www.impulzus-pszichologia.hu\/wp-content\/uploads\/2022\/12\/6-szabo-koncz-kiraly-koronczai-paksi-demetrovics.pdf\"><img decoding=\"async\" class=\"alignright size-full wp-image-1684\" src=\"http:\/\/www.impulzus-pszichologia.hu\/wp-content\/uploads\/2014\/09\/pdf-icon.png\" alt=\"pdf-icon\" width=\"80\" srcset=\"https:\/\/impulzus-pszichologia.hu\/wp-content\/uploads\/2014\/09\/pdf-icon.png 256w, https:\/\/impulzus-pszichologia.hu\/wp-content\/uploads\/2014\/09\/pdf-icon-150x150.png 150w\" sizes=\"(max-width: 256px) 100vw, 256px\" \/><\/a><strong>Szab\u00f3 Barbara<sup>1*<\/sup>, Koncz Patrik<sup>1,2<\/sup>, Kir\u00e1ly Orsolya<sup>1<\/sup>, Koronczai Beatrix<sup>1<\/sup>, Paksi Borb\u00e1la<sup>3<\/sup>, Demetrovics Zsolt<sup>1,4<\/sup><\/strong><br><sup>1<\/sup>ELTE E\u00f6tv\u00f6s Lor\u00e1nd Tudom\u00e1nyegyetem, Pszichol\u00f3giai Int\u00e9zet<br>\n<sup>2<\/sup>ELTE E\u00f6tv\u00f6s Lor\u00e1nd Tudom\u00e1nyegyetem, Pszichol\u00f3giai Doktori Iskola<br>\n<sup>3<\/sup>ELTE E\u00f6tv\u00f6s Lor\u00e1nd Tudom\u00e1nyegyetem, Nevel\u00e9studom\u00e1nyi Int\u00e9zet<br>\n<sup>4<\/sup>University of Gibraltar, Centre of Excellence in Responsible Gaming<br>\n<sup>*<\/sup>szb.barbra@gmail.com\n<\/p>\n<p>H\u00e1tt\u00e9r \u00e9s c\u00e9lok: A probl\u00e9m\u00e1s k\u00f6z\u00f6ss\u00e9gim\u00e9dia-haszn\u00e1lat \u00e9s a fizikai, valamint a ment\u00e1lis eg\u00e9szs\u00e9g k\u00f6z\u00f6tt sz\u00e1mos kutat\u00e1s szignifik\u00e1ns negat\u00edv kapcsolatot t\u00e1rt fel. A t\u00falzott k\u00f6z\u00f6ss\u00e9gim\u00e9dia-haszn\u00e1latot \u00f6sszef\u00fcgg\u00e9sbe hozt\u00e1k t\u00f6bbek k\u00f6z\u00f6tt a depressz\u00edv \u00e9s a szomatikus t\u00fcnetk\u00e9pz\u0151d\u00e9ssel. A maladapt\u00edv \u00e9rzelemszab\u00e1lyoz\u00e1s (pl. a rumin\u00e1ci\u00f3) k\u00f6zvet\u00edt\u0151 szerep\u00e9t t\u00f6bb tanulm\u00e1ny is hangs\u00falyozta. Jelen tanulm\u00e1ny c\u00e9lja a probl\u00e9m\u00e1s k\u00f6z\u00f6ss\u00e9gim\u00e9dia-haszn\u00e1lat \u00e9s a depressz\u00edv t\u00fcnetek, valamint a fizikai panaszok kapcsolat\u00e1nak felt\u00e9rk\u00e9pez\u00e9se magyar serd\u00fcl\u0151k k\u00f6r\u00e9ben, kiemelt figyelmet ford\u00edtva a nemi elt\u00e9r\u00e9s \u00e9s a ruminat\u00edv v\u00e1laszst\u00edlus szerep\u00e9re. M\u00f3dszer: Az elemz\u00e9s a Budapesti Longitudin\u00e1lis Kutat\u00e1s  els\u0151 hull\u00e1m\u00e1nak adatain t\u00f6rt\u00e9nt. Az adatfelv\u00e9tel a budapesti k\u00f6zoktat\u00e1si int\u00e9zm\u00e9nyek 5. \u00e9vfolyamos, t\u00falnyom\u00f3r\u00e9szt 10-11 \u00e9ves (<i>M<\/i> = 10,74; <i>SD<\/i> = 0,54) tanul\u00f3inak reprezentat\u00edv mint\u00e1j\u00e1n, a 2018\/2019-es tan\u00e9vben k\u00e9sz\u00fclt. A nett\u00f3 minta nagys\u00e1ga 2126 f\u0151: 48,8%-\u00e1t (<i>N<\/i> = 1030) fi\u00fak, 51,2%-\u00e1t (<i>N<\/i> = 1079) l\u00e1nyok alkott\u00e1k. A r\u00e9sztvev\u0151k iskolai k\u00f6r\u00fclm\u00e9nyek k\u00f6z\u00f6tt egy \u00f6nkit\u00f6lt\u0151s k\u00e9rd\u0151\u00edvcsomagot t\u00f6lt\u00f6ttek ki, melynek r\u00e9szek\u00e9nt a probl\u00e9m\u00e1s k\u00f6z\u00f6ss\u00e9gim\u00e9dia-haszn\u00e1lat, a depresszi\u00f3, a testi t\u00fcnetek \u00e9s a rumin\u00e1ci\u00f3 is felm\u00e9r\u00e9sre ker\u00fcltek. A nemi elt\u00e9r\u00e9st Mann-Whitney pr\u00f3b\u00e1val \u00e9s Kh\u00ed-n\u00e9gyzet pr\u00f3b\u00e1val, az eml\u00edtett konstruktumok k\u00f6z\u00f6tti kapcsolatot pedig medi\u00e1ci\u00f3s elj\u00e1r\u00e1ssal vizsg\u00e1ltuk. Eredm\u00e9nyek: A probl\u00e9m\u00e1s k\u00f6z\u00f6ss\u00e9gim\u00e9dia-haszn\u00e1lat szignifik\u00e1nsan nagyobb m\u00e9rt\u00e9kben fordult el\u0151 a l\u00e1nyokn\u00e1l, mint a fi\u00fakn\u00e1l, tov\u00e1bb\u00e1 mind a depresszi\u00f3val, mind a testi t\u00fcnetekkel szignifik\u00e1ns kapcsolatot mutatott, melyet a rumin\u00e1ci\u00f3 jelent\u0151sen medi\u00e1lt. K\u00f6vetkeztet\u00e9s: A l\u00e1nyok eset\u00e9ben magasabb lehet a rizik\u00f3 a probl\u00e9m\u00e1s k\u00f6z\u00f6ss\u00e9gim\u00e9dia-haszn\u00e1lat t\u00fcneteinek megjelen\u00e9s\u00e9re. A probl\u00e9m\u00e1s felhaszn\u00e1l\u00f3k \u00e1ltal alkalmazott ruminat\u00edv v\u00e1laszst\u00edlus pedig megn\u00f6velheti az es\u00e9ly\u00e9t a depresszi\u00f3 \u00e9s a testi t\u00fcnetek megjelen\u00e9s\u00e9nek.<\/p>\n<p><strong>Kulcsszavak<\/strong>: probl\u00e9m\u00e1s k\u00f6z\u00f6ss\u00e9gim\u00e9dia-haszn\u00e1lat, depresszi\u00f3, testi t\u00fcnetek, rumin\u00e1ci\u00f3<\/p>\n<p>[hr\/]<\/p>\n<h3>English abstract<\/h3>\n<p>Background and aims: Several studies have found significant negative correlation between problematic social media use and physical as well as mental health. Excessive social media use has been associated with depressive and somatic symptoms among others. The mediating role of maladaptive emotion regulation (such as rumination) has been highlighted in several studies. The aim of the present study is to explore the relationship between problematic social media use and depressive symptoms and physical complaints among Hungarian adolescents,  with a particular focus on the role of gender difference and ruminative response style. Method: The analysis was based on data from the first wave of the Budapest Longitudinal Study. The data were collected from a representative sample of 5th grade students in primary schools in Budapest, predominantly aged 10-11 (<i>M<\/i> = 10,74; <i>SD<\/i> = 0,54), in the 2018\/2019 school year. The net sample consisted of 2126 students: 48,8% (<i>N<\/i> = 1030) boys, 51,2% (<i>N<\/i> = 1079) girls. Participants completed a self-completion questionnaire, which included measures of problematic social media use, depression, physical symptoms and rumination, in school setting. Gender differences were assessed using Mann-Whitney test and Chi-square test, and the relationship between these constructs was assessed using a mediation analysis. Results: Problematic social media use was significantly more severe in girls than in boys, and showed a significant correlation with both depression and physical symptoms, significantly mediated by rumination. Conclusion: Girls may be at higher risk for symptoms of problematic social media use. The ruminative response style used by problematic users may increase the risk of depression and physical symptoms.<\/p>\n<p><strong>Keywords<\/strong>: problematic social media use, depression, somatic symptoms, rumination<\/p>\n<p>&nbsp;<\/p>\n<p><a title=\"2022 december\" href=\"http:\/\/www.impulzus-pszichologia.hu\/?page_id=2095\">\u00ab Vissza a tartalomjegyz\u00e9khez<\/a><\/p>\n","protected":false},"excerpt":{"rendered":"<p>Szab\u00f3 Barbara1*, Koncz Patrik1,2, Kir\u00e1ly Orsolya1, Koronczai Beatrix1, Paksi Borb\u00e1la3, Demetrovics Zsolt1,41ELTE E\u00f6tv\u00f6s Lor\u00e1nd Tudom\u00e1nyegyetem, Pszichol\u00f3giai Int\u00e9zet 2ELTE E\u00f6tv\u00f6s Lor\u00e1nd Tudom\u00e1nyegyetem, Pszichol\u00f3giai Doktori Iskola 3ELTE E\u00f6tv\u00f6s Lor\u00e1nd Tudom\u00e1nyegyetem, Nevel\u00e9studom\u00e1nyi Int\u00e9zet 4University of Gibraltar, Centre of Excellence in Responsible Gaming *szb.barbra@gmail.com H\u00e1tt\u00e9r \u00e9s c\u00e9lok: A probl\u00e9m\u00e1s k\u00f6z\u00f6ss\u00e9gim\u00e9dia-haszn\u00e1lat \u00e9s a fizikai, valamint a ment\u00e1lis eg\u00e9szs\u00e9g k\u00f6z\u00f6tt sz\u00e1mos [&hellip;]<\/p>\n","protected":false},"author":1,"featured_media":0,"parent":2095,"menu_order":0,"comment_status":"closed","ping_status":"closed","template":"template_fullwidth.php","meta":{"footnotes":""},"_links":{"self":[{"href":"https:\/\/impulzus-pszichologia.hu\/index.php?rest_route=\/wp\/v2\/pages\/2132"}],"collection":[{"href":"https:\/\/impulzus-pszichologia.hu\/index.php?rest_route=\/wp\/v2\/pages"}],"about":[{"href":"https:\/\/impulzus-pszichologia.hu\/index.php?rest_route=\/wp\/v2\/types\/page"}],"author":[{"embeddable":true,"href":"https:\/\/impulzus-pszichologia.hu\/index.php?rest_route=\/wp\/v2\/users\/1"}],"replies":[{"embeddable":true,"href":"https:\/\/impulzus-pszichologia.hu\/index.php?rest_route=%2Fwp%2Fv2%2Fcomments&post=2132"}],"version-history":[{"count":1,"href":"https:\/\/impulzus-pszichologia.hu\/index.php?rest_route=\/wp\/v2\/pages\/2132\/revisions"}],"predecessor-version":[{"id":2133,"href":"https:\/\/impulzus-pszichologia.hu\/index.php?rest_route=\/wp\/v2\/pages\/2132\/revisions\/2133"}],"up":[{"embeddable":true,"href":"https:\/\/impulzus-pszichologia.hu\/index.php?rest_route=\/wp\/v2\/pages\/2095"}],"wp:attachment":[{"href":"https:\/\/impulzus-pszichologia.hu\/index.php?rest_route=%2Fwp%2Fv2%2Fmedia&parent=2132"}],"curies":[{"name":"wp","href":"https:\/\/api.w.org\/{rel}","templated":true}]}}