{"id":2134,"date":"2022-12-22T09:30:40","date_gmt":"2022-12-22T09:30:40","guid":{"rendered":"http:\/\/www.pszich.u-szeged.hu\/impulzus\/?page_id=2134"},"modified":"2022-12-22T09:30:53","modified_gmt":"2022-12-22T09:30:53","slug":"egyetemi-hallgatok-kiegesenek-vizsgalata-a-kovetelmeny-eroforras-modell-segitsegevel","status":"publish","type":"page","link":"https:\/\/impulzus-pszichologia.hu\/?page_id=2134","title":{"rendered":"Egyetemi hallgat\u00f3k ki\u00e9g\u00e9s\u00e9nek vizsg\u00e1lata a K\u00f6vetelm\u00e9ny-Er\u0151forr\u00e1s Modell seg\u00edts\u00e9g\u00e9vel"},"content":{"rendered":"\n<p><a href=\"http:\/\/www.impulzus-pszichologia.hu\/wp-content\/uploads\/2022\/12\/7-toth-jagodics.pdf\"><img decoding=\"async\" class=\"alignright size-full wp-image-1684\" src=\"http:\/\/www.impulzus-pszichologia.hu\/wp-content\/uploads\/2014\/09\/pdf-icon.png\" alt=\"pdf-icon\" width=\"80\" srcset=\"https:\/\/impulzus-pszichologia.hu\/wp-content\/uploads\/2014\/09\/pdf-icon.png 256w, https:\/\/impulzus-pszichologia.hu\/wp-content\/uploads\/2014\/09\/pdf-icon-150x150.png 150w\" sizes=\"(max-width: 256px) 100vw, 256px\" \/><\/a><strong>T\u00f3th Enik\u0151<sup>1<\/sup>, Dr. Jagodics Bal\u00e1zs<sup>2<\/sup><\/strong><br><sup>1<\/sup>SZTE BTK Pszichol\u00f3giai Int\u00e9zet, totheniko0721@gmail.com <br>\n<sup>2<\/sup>SZTE BTK Pszichol\u00f3giai Int\u00e9zet<\/p>\n<p>A ki\u00e9g\u00e9s egy elterjedt ment\u00e1lhigi\u00e9n\u00e9s probl\u00e9ma, jellemz\u0151i: deperszonaliz\u00e1ci\u00f3, \u00e9rzelmi kimer\u00fcl\u00e9s, teljes\u00edtm\u00e9nycs\u00f6kken\u00e9s. Sokszor \u00f6sszef\u00fcgg\u00e9sbe hozz\u00e1k a tanulm\u00e1nyi motiv\u00e1ci\u00f3val is. Meg\u00e9rt\u00e9s\u00e9re a K\u00f6vetelm\u00e9ny-Er\u0151forr\u00e1s Modellt haszn\u00e1ltuk. A dolgozat c\u00e9lja meg\u00e1llap\u00edtani a k\u00f6vetelm\u00e9nyek, er\u0151forr\u00e1sok \u00f6sszef\u00fcgg\u00e9seit a ki\u00e9g\u00e9ssel \u00e9s a tanulm\u00e1nyi motiv\u00e1ci\u00f3val. Az el\u0151feltev\u00e9sek szerint a k\u00f6vetelm\u00e9nyek pozit\u00edv, az er\u0151forr\u00e1sok negat\u00edv kapcsolatban \u00e1llnak a ki\u00e9g\u00e9ssel, a tanulm\u00e1nyi motiv\u00e1ci\u00f3val pedig ezzel ellenkez\u0151 eredm\u00e9nyt v\u00e1rtunk. Az oktatat\u00f3i t\u00e1mogat\u00e1s \u00e9s a tanulm\u00e1nyi motiv\u00e1ci\u00f3 k\u00f6z\u00f6tt pozit\u00edv \u00f6sszef\u00fcgg\u00e9st felt\u00e9telezt\u00fcnk, ahogy az \u00e9szlelt oktat\u00f3i \u00e9s a hallgat\u00f3i ki\u00e9g\u00e9s k\u00f6z\u00f6tt is. Az online adatfelv\u00e9telben 532 alap-\u00e9s mesterszakos egyetemi hallgat\u00f3 vett r\u00e9szt. A felvett m\u00e9r\u0151eszk\u00f6z\u00f6k: Tanulm\u00e1nyi Motiv\u00e1ci\u00f3 K\u00e9rd\u0151\u00edv, Maslach-f\u00e9le Ki\u00e9g\u00e9s K\u00e9rd\u0151\u00edv Hallgat\u00f3i V\u00e1ltozata, Egyetemi K\u00f6vetelm\u00e9ny-Er\u0151forr\u00e1s K\u00e9rd\u0151\u00edv, \u00c9szlelt Oktat\u00f3i Ki\u00e9g\u00e9s K\u00e9rd\u0151\u00edv. A korrel\u00e1ci\u00f3elemz\u00e9sek nagyr\u00e9szt meger\u0151s\u00edtett\u00e9k hipot\u00e9ziseinket. Min\u00e9l magasabb k\u00f6vetelm\u00e9nyekkel \u00e1llnak szemben a hallgat\u00f3k \u00e9s min\u00e9l kisebb er\u0151forr\u00e1sokkal rendelkeznek, ann\u00e1l nagyobb a ki\u00e9g\u00e9s m\u00e9rt\u00e9ke. Ez \u00f6sszef\u00fcgg motiv\u00e1ci\u00f3jukkal. \u00c9rdemes nagyobb hangs\u00falyt fektetni az egyetemeken az oktat\u00f3k \u00e9s a hallgat\u00f3k k\u00f6z\u00f6tti j\u00f3 viszonyra, ezzel cs\u00f6kkenteni a ki\u00e9g\u00e9st.<\/p>\n<p><strong>Kulcsszavak<\/strong>: hallgat\u00f3i ki\u00e9g\u00e9s, k\u00f6vetelm\u00e9ny-er\u0151forr\u00e1s modell, tanulm\u00e1nyi motiv\u00e1ci\u00f3, oktat\u00f3i t\u00e1mogat\u00e1s, \u00e9szlelt oktat\u00f3i ki\u00e9g\u00e9s<\/p>\n<p>[hr\/]<\/p>\n<h3>English abstract<\/h3>\n<p>Burnout is a common mental health problem, which is characterized by: depersonalization, emotional exhaustion, performance degradation and it is often associated with study motivation. in the current stuy we used the Demand-Resource Model to gain better understanding of it. The assumptions were that the demands are positively related and the resources are negatively related to burnout and with study motivation we expected the opposite result. We assumed positive correlation between teacher support and study motivation as well as between perceived teacher burnout and student burnout. 532 students of Bachelor and Master of Arts\/Science participated in the online survey. The recorded meters: Academic Motivation Scale, Students Version of Maslach\u2019s Burnout Inventory, University Demand-Resources Questionnaire, Perceived Teacher Burnout Questionnaire. Correlation analyzes largely confirmed our hypotheses as demands were positively linked to burnout, while resources related negatively to it. Academic motivation was positively linked to resources and negatively to burnout. The results confirmed that it is worth focusing more on the good relationship between teachers and students in universities, thereby reducing burnout.<\/p>\n<p><strong>Keywords<\/strong>: students burnout, Demand-Resources Model, student motivation, teacher support, perceived teacher burnout<\/p>\n<p>&nbsp;<\/p>\n<p><a title=\"2022 december\" href=\"http:\/\/www.impulzus-pszichologia.hu\/?page_id=2095\">\u00ab Vissza a tartalomjegyz\u00e9khez<\/a><\/p>\n","protected":false},"excerpt":{"rendered":"<p>T\u00f3th Enik\u01511, Dr. Jagodics Bal\u00e1zs21SZTE BTK Pszichol\u00f3giai Int\u00e9zet, totheniko0721@gmail.com 2SZTE BTK Pszichol\u00f3giai Int\u00e9zet A ki\u00e9g\u00e9s egy elterjedt ment\u00e1lhigi\u00e9n\u00e9s probl\u00e9ma, jellemz\u0151i: deperszonaliz\u00e1ci\u00f3, \u00e9rzelmi kimer\u00fcl\u00e9s, teljes\u00edtm\u00e9nycs\u00f6kken\u00e9s. Sokszor \u00f6sszef\u00fcgg\u00e9sbe hozz\u00e1k a tanulm\u00e1nyi motiv\u00e1ci\u00f3val is. Meg\u00e9rt\u00e9s\u00e9re a K\u00f6vetelm\u00e9ny-Er\u0151forr\u00e1s Modellt haszn\u00e1ltuk. A dolgozat c\u00e9lja meg\u00e1llap\u00edtani a k\u00f6vetelm\u00e9nyek, er\u0151forr\u00e1sok \u00f6sszef\u00fcgg\u00e9seit a ki\u00e9g\u00e9ssel \u00e9s a tanulm\u00e1nyi motiv\u00e1ci\u00f3val. Az el\u0151feltev\u00e9sek szerint a k\u00f6vetelm\u00e9nyek [&hellip;]<\/p>\n","protected":false},"author":1,"featured_media":0,"parent":2095,"menu_order":0,"comment_status":"closed","ping_status":"closed","template":"template_fullwidth.php","meta":{"footnotes":""},"_links":{"self":[{"href":"https:\/\/impulzus-pszichologia.hu\/index.php?rest_route=\/wp\/v2\/pages\/2134"}],"collection":[{"href":"https:\/\/impulzus-pszichologia.hu\/index.php?rest_route=\/wp\/v2\/pages"}],"about":[{"href":"https:\/\/impulzus-pszichologia.hu\/index.php?rest_route=\/wp\/v2\/types\/page"}],"author":[{"embeddable":true,"href":"https:\/\/impulzus-pszichologia.hu\/index.php?rest_route=\/wp\/v2\/users\/1"}],"replies":[{"embeddable":true,"href":"https:\/\/impulzus-pszichologia.hu\/index.php?rest_route=%2Fwp%2Fv2%2Fcomments&post=2134"}],"version-history":[{"count":1,"href":"https:\/\/impulzus-pszichologia.hu\/index.php?rest_route=\/wp\/v2\/pages\/2134\/revisions"}],"predecessor-version":[{"id":2135,"href":"https:\/\/impulzus-pszichologia.hu\/index.php?rest_route=\/wp\/v2\/pages\/2134\/revisions\/2135"}],"up":[{"embeddable":true,"href":"https:\/\/impulzus-pszichologia.hu\/index.php?rest_route=\/wp\/v2\/pages\/2095"}],"wp:attachment":[{"href":"https:\/\/impulzus-pszichologia.hu\/index.php?rest_route=%2Fwp%2Fv2%2Fmedia&parent=2134"}],"curies":[{"name":"wp","href":"https:\/\/api.w.org\/{rel}","templated":true}]}}