{"id":2136,"date":"2022-12-22T09:34:17","date_gmt":"2022-12-22T09:34:17","guid":{"rendered":"http:\/\/www.pszich.u-szeged.hu\/impulzus\/?page_id=2136"},"modified":"2022-12-22T09:34:49","modified_gmt":"2022-12-22T09:34:49","slug":"reziliencia-a-szuloi-banasmod-tukreben","status":"publish","type":"page","link":"https:\/\/impulzus-pszichologia.hu\/?page_id=2136","title":{"rendered":"<strong>Reziliencia a sz\u00fcl\u0151i b\u00e1n\u00e1sm\u00f3d t\u00fckr\u00e9ben<\/strong>"},"content":{"rendered":"\n<p><a href=\"http:\/\/www.impulzus-pszichologia.hu\/wp-content\/uploads\/2022\/12\/8-gergely.pdf\"><img decoding=\"async\" class=\"alignright size-full wp-image-1684\" src=\"http:\/\/www.impulzus-pszichologia.hu\/wp-content\/uploads\/2014\/09\/pdf-icon.png\" alt=\"pdf-icon\" width=\"80\" srcset=\"https:\/\/impulzus-pszichologia.hu\/wp-content\/uploads\/2014\/09\/pdf-icon.png 256w, https:\/\/impulzus-pszichologia.hu\/wp-content\/uploads\/2014\/09\/pdf-icon-150x150.png 150w\" sizes=\"(max-width: 256px) 100vw, 256px\" \/><\/a><strong>Gergely Aletta<\/strong><br>Debreceni Egyetem, \u00c1ltal\u00e1nos Orvostudom\u00e1nyi Kar, Magatart\u00e1studom\u00e1nyi Int\u00e9zet, alettagergely@gmail.com<\/p>\n<p>Kutat\u00e1somban megvizsg\u00e1lom, hogy milyen \u00f6sszef\u00fcgg\u00e9s lehets\u00e9ges a  sz\u00fcl\u0151i b\u00e1n\u00e1sm\u00f3d \u00e9s a feln\u0151ttkori pszichol\u00f3giai reziliencia k\u00f6z\u00f6tt, mivel sz\u00e1mos gyermek az el\u00e9gtelen sz\u00fcl\u0151i b\u00e1n\u00e1sm\u00f3d ellen\u00e9re is reziliens feln\u0151tt\u00e9 v\u00e1lik. A vizsg\u00e1latban a Connor Davidson Reziliencia K\u00e9rd\u0151\u00edv 25 itemes v\u00e1ltozat\u00e1t (CD-RISC, Connor \u00e9s Davidson, 2003, Kiss \u00e9s mtsai, 2015), \u00e9s a Sz\u00fcl\u0151i B\u00e1n\u00e1sm\u00f3d K\u00e9rd\u0151\u00edvet (Parker, Tulping \u00e9s Brown 1979, T\u00f3th \u00e9s Gervai, 1999) haszn\u00e1ltam. A kutat\u00e1sban 18 \u00e9s 70 \u00e9v k\u00f6z\u00f6tti eg\u00e9szs\u00e9ges feln\u0151ttek vettek r\u00e9szt. A statisztikai pr\u00f3b\u00e1k alkalm\u00e1val korrel\u00e1ci\u00f3t sz\u00e1moltam, \u00e9s f\u00fcggetlen mint\u00e1k egyszempontos \u00f6sszehasonl\u00edt\u00e1s\u00e1t v\u00e9geztem. Kutat\u00e1somban nem nyert igazol\u00e1st a sz\u00fcl\u0151i b\u00e1n\u00e1sm\u00f3d \u00e9s a feln\u0151ttkori reziliencia k\u00f6z\u00f6tti egy\u00fcttj\u00e1r\u00e1s. Eredm\u00e9nyeim meger\u0151s\u00edtett\u00e9k, hogy a reziliencia emelked\u00e9se \u00e9s az \u00e9letkor n\u00f6veked\u00e9se k\u00f6z\u00f6tti \u00f6sszef\u00fcgg\u00e9st. A statisztikai pr\u00f3b\u00e1k nem t\u00e1masztott\u00e1k al\u00e1 a reziliencia \u00e9rt\u00e9keiben val\u00f3 szignifik\u00e1ns k\u00fcl\u00f6nbs\u00e9get a n\u0151i \u00e9s f\u00e9rfi csoportokban.<\/p>\n<p><strong>Kulcsszavak<\/strong>: pszichol\u00f3giai rezilienca, sz\u00fcl\u0151i nevel\u00e9si st\u00edlus, sz\u00fcl\u0151i b\u00e1n\u00e1sm\u00f3d, protekt\u00edv faktorok<\/p>\n<p>[hr\/]<\/p>\n<h3>English abstract<\/h3>\n<p>Guided by the observation that a number of children grow up to resilient adulthood despite having experienced suboptimal parenting styles, I examine the relationship between parenting styles during childhood and psychological resilience in adulthood. The 25 point version of the Connor Davidson Resilience Questionnaire (CD-RISC, Connor and Davidson, 2003, Kiss and mtsai, 2015) and the Parenting Style Questionnaire (Parker,Tupling and Brown 1979 Toth and Gervai, 1999) were used. Healthy adults in the range of 18 to 70 years old took part in the study. Correlation was calculated and  independent variables were analyzed using univariate comparison. My study showed no correlation between parental styles and adulthood resiliency. The results did confirm increasing resiliency scores associated with increasing age. Comparing men and women, the tests did not demonstrate a statistical difference in resilience scores among the genders.<\/p>\n<p><strong>Keywords<\/strong>: psychological resilience, parenting styles, parental upbringing, protective factors, resiliency factors<\/p>\n<p>&nbsp;<\/p>\n<p><a title=\"2022 december\" href=\"http:\/\/www.impulzus-pszichologia.hu\/?page_id=2095\">\u00ab Vissza a tartalomjegyz\u00e9khez<\/a><\/p>\n","protected":false},"excerpt":{"rendered":"<p>Gergely AlettaDebreceni Egyetem, \u00c1ltal\u00e1nos Orvostudom\u00e1nyi Kar, Magatart\u00e1studom\u00e1nyi Int\u00e9zet, alettagergely@gmail.com Kutat\u00e1somban megvizsg\u00e1lom, hogy milyen \u00f6sszef\u00fcgg\u00e9s lehets\u00e9ges a sz\u00fcl\u0151i b\u00e1n\u00e1sm\u00f3d \u00e9s a feln\u0151ttkori pszichol\u00f3giai reziliencia k\u00f6z\u00f6tt, mivel sz\u00e1mos gyermek az el\u00e9gtelen sz\u00fcl\u0151i b\u00e1n\u00e1sm\u00f3d ellen\u00e9re is reziliens feln\u0151tt\u00e9 v\u00e1lik. A vizsg\u00e1latban a Connor Davidson Reziliencia K\u00e9rd\u0151\u00edv 25 itemes v\u00e1ltozat\u00e1t (CD-RISC, Connor \u00e9s Davidson, 2003, Kiss \u00e9s mtsai, 2015), [&hellip;]<\/p>\n","protected":false},"author":1,"featured_media":0,"parent":2095,"menu_order":0,"comment_status":"closed","ping_status":"closed","template":"template_fullwidth.php","meta":{"footnotes":""},"_links":{"self":[{"href":"https:\/\/impulzus-pszichologia.hu\/index.php?rest_route=\/wp\/v2\/pages\/2136"}],"collection":[{"href":"https:\/\/impulzus-pszichologia.hu\/index.php?rest_route=\/wp\/v2\/pages"}],"about":[{"href":"https:\/\/impulzus-pszichologia.hu\/index.php?rest_route=\/wp\/v2\/types\/page"}],"author":[{"embeddable":true,"href":"https:\/\/impulzus-pszichologia.hu\/index.php?rest_route=\/wp\/v2\/users\/1"}],"replies":[{"embeddable":true,"href":"https:\/\/impulzus-pszichologia.hu\/index.php?rest_route=%2Fwp%2Fv2%2Fcomments&post=2136"}],"version-history":[{"count":2,"href":"https:\/\/impulzus-pszichologia.hu\/index.php?rest_route=\/wp\/v2\/pages\/2136\/revisions"}],"predecessor-version":[{"id":2138,"href":"https:\/\/impulzus-pszichologia.hu\/index.php?rest_route=\/wp\/v2\/pages\/2136\/revisions\/2138"}],"up":[{"embeddable":true,"href":"https:\/\/impulzus-pszichologia.hu\/index.php?rest_route=\/wp\/v2\/pages\/2095"}],"wp:attachment":[{"href":"https:\/\/impulzus-pszichologia.hu\/index.php?rest_route=%2Fwp%2Fv2%2Fmedia&parent=2136"}],"curies":[{"name":"wp","href":"https:\/\/api.w.org\/{rel}","templated":true}]}}