{"id":2143,"date":"2022-12-22T09:42:56","date_gmt":"2022-12-22T09:42:56","guid":{"rendered":"http:\/\/www.pszich.u-szeged.hu\/impulzus\/?page_id=2143"},"modified":"2022-12-22T09:43:36","modified_gmt":"2022-12-22T09:43:36","slug":"gyerekkori-allatbantalmazas-mi-all-a-jelenseg-hattereben-milyen-kapcsolatban-all-az-interperszonalis-agresszioval-es-a-mentalis-egeszseggel","status":"publish","type":"page","link":"https:\/\/impulzus-pszichologia.hu\/?page_id=2143","title":{"rendered":"<strong>Gyerekkori \u00e1llatb\u00e1ntalmaz\u00e1s: Mi \u00e1ll a jelens\u00e9g h\u00e1tter\u00e9ben, milyen kapcsolatban \u00e1ll az interperszon\u00e1lis agresszi\u00f3val \u00e9s a ment\u00e1lis eg\u00e9szs\u00e9ggel?<\/strong>"},"content":{"rendered":"\n<p><a href=\"http:\/\/www.impulzus-pszichologia.hu\/wp-content\/uploads\/2022\/12\/10-vass.pdf\"><img decoding=\"async\" class=\"alignright size-full wp-image-1684\" src=\"http:\/\/www.impulzus-pszichologia.hu\/wp-content\/uploads\/2014\/09\/pdf-icon.png\" alt=\"pdf-icon\" width=\"80\" srcset=\"https:\/\/impulzus-pszichologia.hu\/wp-content\/uploads\/2014\/09\/pdf-icon.png 256w, https:\/\/impulzus-pszichologia.hu\/wp-content\/uploads\/2014\/09\/pdf-icon-150x150.png 150w\" sizes=\"(max-width: 256px) 100vw, 256px\" \/><\/a><strong>Vass Em\u00edlia Anna<\/strong><br>PTE BTK Pszichol\u00f3gia Int\u00e9zet, vass.emilia.anna@gmail.com<\/p>\n<p>A gyerekkori \u00e1llatb\u00e1ntalmaz\u00e1s nem \u00fajkelet\u0171, ma is l\u00e9tez\u0151 jelens\u00e9g, amely komoly probl\u00e9m\u00e1t jelent mind az egy\u00e9n, mind a t\u00e1rsadalom szempontj\u00e1b\u00f3l. Fakadhat abb\u00f3l a k\u00edv\u00e1ncsis\u00e1gb\u00f3l is, ahogyan a gyermek megismerni k\u00edv\u00e1nja az \u00e1llatokat, ha azonban ez az ismerked\u00e9s nem megfelel\u0151 fel\u00fcgyelet mellett t\u00f6rt\u00e9nik, vagy a sz\u00fcl\u0151k elhanyagolj\u00e1k, esetleg maguk is b\u00e1ntalmazz\u00e1k gyermek\u00fcket, akkor el\u0151fordulhat, hogy a gyermek nem l\u00e1tja \u00e1t az \u00e1llatb\u00e1ntalmaz\u00e1s helytelens\u00e9g\u00e9t, ami az enyh\u00e9t\u0151l a s\u00falyos, \u00e1rtalmas vagy hal\u00e1los tettekig vezethet. \u00cdr\u00e1somban arra v\u00e1llalkozom, hogy a szakirodalom \u00e1ttekint\u00e9se alapj\u00e1n bemutassam a gyermekkori \u00e1llatb\u00e1ntalmaz\u00e1s jelens\u00e9g\u00e9t \u00e9s h\u00e1tt\u00e9rt\u00e9nyez\u0151it, valamint potenci\u00e1lis kapcsolat\u00e1t a szem\u00e9lyk\u00f6zi er\u0151szak form\u00e1ival \u00e9s egyes pszichol\u00f3giai zavarokkal. A gyerekkori \u00e1llatb\u00e1ntalmaz\u00e1ssal fontos foglalkozni, mivel nem csak a potenci\u00e1lisan diszfunkcion\u00e1lis csal\u00e1di l\u00e9gk\u00f6rre, a b\u00e1ntalmaz\u00f3 k\u00f6rnyezetre der\u00fclhet f\u00e9ny, hanem r\u00e1mutathat a k\u00e9s\u0151bbi szem\u00e9lyk\u00f6zi er\u0151szakra utal\u00f3 jelekre \u00e9s pszichol\u00f3giai zavarok megl\u00e9t\u00e9re \u00e9s motiv\u00e1ci\u00f3s h\u00e1tter\u00e9re. A konkl\u00fazi\u00f3 felh\u00edvja a figyelmet a t\u00e9m\u00e1ban v\u00e9gzett hazai kutat\u00e1sok el\u00e9gtelens\u00e9g\u00e9re \u00e9s az el\u00e9rhet\u0151 angol nyelv\u0171 k\u00e9rd\u0151\u00edvek j\u00f6v\u0151beli adapt\u00e1l\u00e1s\u00e1nak fontoss\u00e1g\u00e1ra.<\/p>\n<p><strong>Kulcsszavak<\/strong>: gyerekkori agresszi\u00f3, \u00e1llatb\u00e1ntalmaz\u00e1s, szem\u00e9lyk\u00f6zi er\u0151szak, ment\u00e1lis zavar, \u00f6szt\u00f6n, tanult cselekv\u00e9s<\/p>\n<p>[hr\/]<\/p>\n<h3>English abstract<\/h3>\n<p>Animal abuse in childhood is an ever-existing phenomenon that creates serious problems for both the individual and society. It can be caused by sheer curiosity by the child in getting to know animals. However, if this process is poorly supervised by adults or the child is neglected, even abused, the child may not see the impropriety of this kind of behavior, which can lead to serious, harmful, or deadly actions. In my writing, I introduce the phenomenon of animal abuse in childhood, review its background factors, and examine its potential connections to forms of interpersonal violence and psychological disorders. Dealing with childhood animal cruelty and abuse is particularly important, because through this phenomenon not only dysfunctional or abusive family environments but also later occurring interpersonal violence and potential mental disorders can be detected. Furthermore, we can gain information about its motivational background and about the role of the environment. My conclusion calls attention to the shortage of research on this subject in Hungary and the need to adapt the available English language questionnaires.<\/p>\n<p><strong>Keywords<\/strong>: childhood aggression, animal abuse, interpersonal violence, mental disorder, instinct, learned behaviour<\/p>\n<p>&nbsp;<\/p>\n<p><a title=\"2022 december\" href=\"http:\/\/www.impulzus-pszichologia.hu\/?page_id=2095\">\u00ab Vissza a tartalomjegyz\u00e9khez<\/a><\/p>\n","protected":false},"excerpt":{"rendered":"<p>Vass Em\u00edlia AnnaPTE BTK Pszichol\u00f3gia Int\u00e9zet, vass.emilia.anna@gmail.com A gyerekkori \u00e1llatb\u00e1ntalmaz\u00e1s nem \u00fajkelet\u0171, ma is l\u00e9tez\u0151 jelens\u00e9g, amely komoly probl\u00e9m\u00e1t jelent mind az egy\u00e9n, mind a t\u00e1rsadalom szempontj\u00e1b\u00f3l. Fakadhat abb\u00f3l a k\u00edv\u00e1ncsis\u00e1gb\u00f3l is, ahogyan a gyermek megismerni k\u00edv\u00e1nja az \u00e1llatokat, ha azonban ez az ismerked\u00e9s nem megfelel\u0151 fel\u00fcgyelet mellett t\u00f6rt\u00e9nik, vagy a sz\u00fcl\u0151k elhanyagolj\u00e1k, esetleg maguk [&hellip;]<\/p>\n","protected":false},"author":1,"featured_media":0,"parent":2095,"menu_order":0,"comment_status":"closed","ping_status":"closed","template":"template_fullwidth.php","meta":{"footnotes":""},"_links":{"self":[{"href":"https:\/\/impulzus-pszichologia.hu\/index.php?rest_route=\/wp\/v2\/pages\/2143"}],"collection":[{"href":"https:\/\/impulzus-pszichologia.hu\/index.php?rest_route=\/wp\/v2\/pages"}],"about":[{"href":"https:\/\/impulzus-pszichologia.hu\/index.php?rest_route=\/wp\/v2\/types\/page"}],"author":[{"embeddable":true,"href":"https:\/\/impulzus-pszichologia.hu\/index.php?rest_route=\/wp\/v2\/users\/1"}],"replies":[{"embeddable":true,"href":"https:\/\/impulzus-pszichologia.hu\/index.php?rest_route=%2Fwp%2Fv2%2Fcomments&post=2143"}],"version-history":[{"count":1,"href":"https:\/\/impulzus-pszichologia.hu\/index.php?rest_route=\/wp\/v2\/pages\/2143\/revisions"}],"predecessor-version":[{"id":2144,"href":"https:\/\/impulzus-pszichologia.hu\/index.php?rest_route=\/wp\/v2\/pages\/2143\/revisions\/2144"}],"up":[{"embeddable":true,"href":"https:\/\/impulzus-pszichologia.hu\/index.php?rest_route=\/wp\/v2\/pages\/2095"}],"wp:attachment":[{"href":"https:\/\/impulzus-pszichologia.hu\/index.php?rest_route=%2Fwp%2Fv2%2Fmedia&parent=2143"}],"curies":[{"name":"wp","href":"https:\/\/api.w.org\/{rel}","templated":true}]}}