{"id":2149,"date":"2022-12-22T09:54:27","date_gmt":"2022-12-22T09:54:27","guid":{"rendered":"http:\/\/www.pszich.u-szeged.hu\/impulzus\/?page_id=2149"},"modified":"2022-12-22T09:54:56","modified_gmt":"2022-12-22T09:54:56","slug":"a-logosz-pszichologiautja-es-kiteljesedese-viktor-frankl-logoterapiajaban","status":"publish","type":"page","link":"https:\/\/impulzus-pszichologia.hu\/?page_id=2149","title":{"rendered":"<strong>A \u201elogosz pszichol\u00f3gia\u201d<\/strong><strong>\u00fatja \u00e9s kiteljesed\u00e9se Viktor Frankl logoter\u00e1pi\u00e1j\u00e1ban<\/strong>"},"content":{"rendered":"\n<p><a href=\"http:\/\/www.impulzus-pszichologia.hu\/wp-content\/uploads\/2022\/12\/13-szabo.pdf\"><img decoding=\"async\" class=\"alignright size-full wp-image-1684\" src=\"http:\/\/www.impulzus-pszichologia.hu\/wp-content\/uploads\/2014\/09\/pdf-icon.png\" alt=\"pdf-icon\" width=\"80\" srcset=\"https:\/\/impulzus-pszichologia.hu\/wp-content\/uploads\/2014\/09\/pdf-icon.png 256w, https:\/\/impulzus-pszichologia.hu\/wp-content\/uploads\/2014\/09\/pdf-icon-150x150.png 150w\" sizes=\"(max-width: 256px) 100vw, 256px\" \/><\/a><strong>Szab\u00f3 Zsanett<\/strong><br>SZTE Pszichol\u00f3gia Int\u00e9zet<\/p>\n<p>\u00cdr\u00e1som a \u201elogosz\u201d fogalomra \u00e9p\u00edtett pszichol\u00f3gia \u00fatj\u00e1t mutatja be az \u00f3kori g\u00f6r\u00f6g\u00f6kn\u00e9l val\u00f3 megjelen\u00e9s\u00e9t\u0151l kezdve Viktor Frank logoter\u00e1pi\u00e1j\u00e1ban bek\u00f6vetkezett kiteljesed\u00e9s\u00e9ig.  A \u201elogosz pszichol\u00f3gia\u201d fogalma azt a gondolatot testes\u00edti meg, hogy az emberi l\u00e9t jelleg\u00e9n\u00e9l fogva t\u00falmutat \u00f6nmag\u00e1n \u00e9s valamilyen \u00e9rtelemre ir\u00e1nyul. \u00cdgy az ember sz\u00e1m\u00e1ra nem az \u00e9lvezet, a hatalom vagy az \u00f6nmegval\u00f3s\u00edt\u00e1s az els\u0151dleges, hanem az \u00e9rtelem beteljes\u00edt\u00e9se. A legkidolgozottabb logosz pszichol\u00f3gia Viktor Frankl logoter\u00e1pi\u00e1ja, melynek bemutat\u00e1sa \u00e1ll \u00edr\u00e1som k\u00f6z\u00e9ppontj\u00e1ban. A logoter\u00e1pia az a szem\u00e9lyk\u00f6zpont\u00fa pszichoter\u00e1pi\u00e1s megk\u00f6zel\u00edt\u00e9s, amely kiemelked\u0151en vizsg\u00e1lja az \u00e9let \u00e9rtelm\u00e9nek megtal\u00e1l\u00e1sa, az eg\u00e9szs\u00e9g \u00e9s a j\u00f3ll\u00e9t k\u00f6z\u00f6tti kapcsolatot. A logoter\u00e1pi\u00e1t \u00e9s az ehhez kapcsol\u00f3d\u00f3 egzisztenci\u00e1lis elemz\u00e9st a Harmadik B\u00e9csi Pszichoter\u00e1pi\u00e1s Iskola egyik alap\u00edt\u00f3ja, a n\u00e9hai neves  osztr\u00e1k pszichi\u00e1ter \u00e9s neurol\u00f3gus, Viktor Frankl (1905\u20131997) dolgozta ki, aki eg\u00e9sz \u00e9let\u00e9t az emberi akarat \u00e9s \u00e9rtelemkeres\u00e9s t\u00e9mak\u00f6r\u00e9nek szentelte, felhaszn\u00e1lva saj\u00e1t \u00e9let\u00e9ben meg\u00e9lt \u00e9s \u00e1t\u00e9lt tapasztalatait.<\/p>\n<p><strong>Kulcsszavak<\/strong>: logosz, \u00f3kori filoz\u00f3fusok, pszichoanal\u00edzis, Viktor Frankl, logoter\u00e1pia, pszichoter\u00e1pia<\/p>\n<p>[hr\/]<\/p>\n<h3>English abstract<\/h3>\n<p>In this paper, I review the history of the concept of logos from its appearance in ancient Greek thinkers, through its use in later philosophy and its full development in Viktor Frankl\u2019s logotherapy.  I also compare logotherapy and psychoanalysis. The concept of logos psychology means that human existence goes beyond itself and is directed towards some kind of meaning. For humans, the fulfillment of meaning is the primary principle, not pleasure, power, or self-realization. The most developed logos psychology is Viktor Frankl\u2019s logotherapy, the presentation of which is the focus of my paper. Logotherapy is person-centered psychotherapy that examines the relationship between finding the meaning of life, health, and well-being. Frankl dedicated his entire life to the topic of human will and the search for meaning based on his own life experiences.<\/p>\n<p><strong>Keywords<\/strong>: Logos, logos psychology, logotherapy, psychoanalysis, Viktor Frankl<\/p>\n<p>&nbsp;<\/p>\n<p><a title=\"2022 december\" href=\"http:\/\/www.impulzus-pszichologia.hu\/?page_id=2095\">\u00ab Vissza a tartalomjegyz\u00e9khez<\/a><\/p>\n","protected":false},"excerpt":{"rendered":"<p>Szab\u00f3 ZsanettSZTE Pszichol\u00f3gia Int\u00e9zet \u00cdr\u00e1som a \u201elogosz\u201d fogalomra \u00e9p\u00edtett pszichol\u00f3gia \u00fatj\u00e1t mutatja be az \u00f3kori g\u00f6r\u00f6g\u00f6kn\u00e9l val\u00f3 megjelen\u00e9s\u00e9t\u0151l kezdve Viktor Frank logoter\u00e1pi\u00e1j\u00e1ban bek\u00f6vetkezett kiteljesed\u00e9s\u00e9ig. A \u201elogosz pszichol\u00f3gia\u201d fogalma azt a gondolatot testes\u00edti meg, hogy az emberi l\u00e9t jelleg\u00e9n\u00e9l fogva t\u00falmutat \u00f6nmag\u00e1n \u00e9s valamilyen \u00e9rtelemre ir\u00e1nyul. \u00cdgy az ember sz\u00e1m\u00e1ra nem az \u00e9lvezet, a hatalom vagy [&hellip;]<\/p>\n","protected":false},"author":1,"featured_media":0,"parent":2095,"menu_order":0,"comment_status":"closed","ping_status":"closed","template":"template_fullwidth.php","meta":{"footnotes":""},"_links":{"self":[{"href":"https:\/\/impulzus-pszichologia.hu\/index.php?rest_route=\/wp\/v2\/pages\/2149"}],"collection":[{"href":"https:\/\/impulzus-pszichologia.hu\/index.php?rest_route=\/wp\/v2\/pages"}],"about":[{"href":"https:\/\/impulzus-pszichologia.hu\/index.php?rest_route=\/wp\/v2\/types\/page"}],"author":[{"embeddable":true,"href":"https:\/\/impulzus-pszichologia.hu\/index.php?rest_route=\/wp\/v2\/users\/1"}],"replies":[{"embeddable":true,"href":"https:\/\/impulzus-pszichologia.hu\/index.php?rest_route=%2Fwp%2Fv2%2Fcomments&post=2149"}],"version-history":[{"count":1,"href":"https:\/\/impulzus-pszichologia.hu\/index.php?rest_route=\/wp\/v2\/pages\/2149\/revisions"}],"predecessor-version":[{"id":2150,"href":"https:\/\/impulzus-pszichologia.hu\/index.php?rest_route=\/wp\/v2\/pages\/2149\/revisions\/2150"}],"up":[{"embeddable":true,"href":"https:\/\/impulzus-pszichologia.hu\/index.php?rest_route=\/wp\/v2\/pages\/2095"}],"wp:attachment":[{"href":"https:\/\/impulzus-pszichologia.hu\/index.php?rest_route=%2Fwp%2Fv2%2Fmedia&parent=2149"}],"curies":[{"name":"wp","href":"https:\/\/api.w.org\/{rel}","templated":true}]}}