{"id":2165,"date":"2023-12-11T16:15:20","date_gmt":"2023-12-11T16:15:20","guid":{"rendered":"https:\/\/www.pszich.u-szeged.hu\/impulzus\/?page_id=2165"},"modified":"2023-12-15T13:22:55","modified_gmt":"2023-12-15T13:22:55","slug":"2023-december","status":"publish","type":"page","link":"https:\/\/impulzus-pszichologia.hu\/?page_id=2165","title":{"rendered":"2023 December"},"content":{"rendered":"\n<figure class=\"wp-block-image alignleft size-large is-resized\"><a href=\"http:\/\/www.impulzus-pszichologia.hu\/wp-content\/uploads\/2023\/12\/impulzus-vol10-cover.jpg\"><img loading=\"lazy\" decoding=\"async\" width=\"724\" height=\"1024\" src=\"https:\/\/www.impulzus-pszichologia.hu\/wp-content\/uploads\/2023\/12\/impulzus-vol10-cover-724x1024.jpg\" alt=\"\" class=\"wp-image-2166\" style=\"width:250px;height:-332px\" srcset=\"https:\/\/impulzus-pszichologia.hu\/wp-content\/uploads\/2023\/12\/impulzus-vol10-cover-724x1024.jpg 724w, https:\/\/impulzus-pszichologia.hu\/wp-content\/uploads\/2023\/12\/impulzus-vol10-cover-212x300.jpg 212w, https:\/\/impulzus-pszichologia.hu\/wp-content\/uploads\/2023\/12\/impulzus-vol10-cover-768x1087.jpg 768w, https:\/\/impulzus-pszichologia.hu\/wp-content\/uploads\/2023\/12\/impulzus-vol10-cover.jpg 1080w\" sizes=\"(max-width: 724px) 100vw, 724px\" \/><\/a><\/figure>\n\n\n\n<p>SZEGEDI PSZICHOL\u00d3GIAI TANULM\u00c1NYOK<br>DI\u00c1KSZERZ\u0150K PUBLIK\u00c1CI\u00d3S F\u00d3RUMA<br>10. \u00c9VFOLYAM, 1. SZ\u00c1M<br>2023 DECEMBER<\/p>\n\n\n\n<h2 class=\"wp-block-heading\">Tartalomjegyz\u00e9k<\/h2>\n\n\n\n<ul>\n<li><a href=\"http:\/\/www.impulzus-pszichologia.hu\/wp-content\/uploads\/2023\/12\/1-colophon.pdf\">Kolofon<\/a><\/li>\n<\/ul>\n\n\n\n<ul>\n<li><a href=\"https:\/\/www.impulzus-pszichologia.hu\/?page_id=2181\" data-type=\"page\" data-id=\"2181\">A wac\u00f3i ostrom kr\u00edzist\u00e1rgyal\u00e1s\u00e1nak kvalitat\u00edv tartalomelemz\u00e9se<br><\/a><em>Orb\u00e1n Fl\u00f3ra L\u00eddia<\/em><\/li>\n\n\n\n<li><a href=\"https:\/\/www.impulzus-pszichologia.hu\/?page_id=2188\" data-type=\"page\" data-id=\"2188\">A hal\u00e1lr\u00f3l val\u00f3 gondolkod\u00e1s tartalmi r\u00e9tegeinek felt\u00e1r\u00e1sa<\/a><br><em>T\u00f3th Domonkos<\/em><\/li>\n\n\n\n<li><a href=\"https:\/\/www.impulzus-pszichologia.hu\/?page_id=2193\" data-type=\"page\" data-id=\"2193\">Hal\u00e1lf\u00e9lelem a foglalkoz\u00e1s t\u00fckr\u00e9ben<\/a><br><em>T\u00f3th Vikt\u00f3ria, Simon-Z\u00e1mbori Petra<\/em><\/li>\n\n\n\n<li><a href=\"https:\/\/www.impulzus-pszichologia.hu\/?page_id=2197\" data-type=\"page\" data-id=\"2197\">A nem \u00f6ngyilkoss\u00e1gi sz\u00e1nd\u00e9k\u00fa \u00f6ns\u00e9rt\u00e9s az \u00f6nkritikus rumin\u00e1ci\u00f3 \u00e9s a sz\u00e9gyen \u00f6sszef\u00fcgg\u00e9srendszer\u00e9ben, feln\u0151tt mint\u00e1ban<\/a><br><em>Magyar Csilla, Reinhardt Melinda<\/em><\/li>\n\n\n\n<li><a href=\"https:\/\/www.impulzus-pszichologia.hu\/?page_id=2201\" data-type=\"page\" data-id=\"2201\">&#8222;Commeare necesse est\u2026&#8221; (\u201eK\u00f6zlekedni musz\u00e1j\u2026\u201d). Vak szem\u00e9lyek v\u00e1rosi k\u00f6zleked\u00e9s\u00e9nek kvalitat\u00edv<\/a> vizsg\u00e1lata<br><em>Bernhardt J\u00f3zsef<\/em><\/li>\n\n\n\n<li><a href=\"https:\/\/www.impulzus-pszichologia.hu\/?page_id=2205\" data-type=\"page\" data-id=\"2205\">Gondolkodni \u00e9r! \u2013 avagy a kogn\u00edci\u00f3 hat\u00e1sa az \u00e1lh\u00edrek felismer\u00e9s\u00e9re<\/a><br><em>Gy\u0151ry R\u00e9ka, Farag\u00f3 Laura<\/em><\/li>\n\n\n\n<li><a href=\"https:\/\/www.impulzus-pszichologia.hu\/?page_id=2210\" data-type=\"page\" data-id=\"2210\">A v\u00e1rand\u00f3ss\u00e1g alatt meg\u00e9lt t\u00e9nyez\u0151k hat\u00e1sa a sz\u00fcl\u00e9s\u00e9lm\u00e9nyre<\/a><br><em>Mercz-Madarassy Kitti<\/em><\/li>\n\n\n\n<li><a href=\"https:\/\/www.impulzus-pszichologia.hu\/?page_id=2214\" data-type=\"page\" data-id=\"2214\">A ment\u00e1lis betegs\u00e9gek neme<\/a><br><em>Toronyi Aliz, Lantos N\u00f3ra, Szab\u00f3 Zsolt P\u00e9ter<\/em><\/li>\n\n\n\n<li><a href=\"https:\/\/www.impulzus-pszichologia.hu\/?page_id=2230\" data-type=\"page\" data-id=\"2230\">Pszichol\u00f3gia a sports\u00e9r\u00fcl\u00e9sek m\u00f6g\u00f6tt<\/a><br><em>T\u00f3th Laura Luca<\/em><\/li>\n<\/ul>\n","protected":false},"excerpt":{"rendered":"<p>SZEGEDI PSZICHOL\u00d3GIAI TANULM\u00c1NYOKDI\u00c1KSZERZ\u0150K PUBLIK\u00c1CI\u00d3S F\u00d3RUMA10. \u00c9VFOLYAM, 1. SZ\u00c1M2023 DECEMBER Tartalomjegyz\u00e9k<\/p>\n","protected":false},"author":1,"featured_media":0,"parent":1378,"menu_order":0,"comment_status":"closed","ping_status":"closed","template":"template_fullwidth.php","meta":{"footnotes":""},"_links":{"self":[{"href":"https:\/\/impulzus-pszichologia.hu\/index.php?rest_route=\/wp\/v2\/pages\/2165"}],"collection":[{"href":"https:\/\/impulzus-pszichologia.hu\/index.php?rest_route=\/wp\/v2\/pages"}],"about":[{"href":"https:\/\/impulzus-pszichologia.hu\/index.php?rest_route=\/wp\/v2\/types\/page"}],"author":[{"embeddable":true,"href":"https:\/\/impulzus-pszichologia.hu\/index.php?rest_route=\/wp\/v2\/users\/1"}],"replies":[{"embeddable":true,"href":"https:\/\/impulzus-pszichologia.hu\/index.php?rest_route=%2Fwp%2Fv2%2Fcomments&post=2165"}],"version-history":[{"count":12,"href":"https:\/\/impulzus-pszichologia.hu\/index.php?rest_route=\/wp\/v2\/pages\/2165\/revisions"}],"predecessor-version":[{"id":2232,"href":"https:\/\/impulzus-pszichologia.hu\/index.php?rest_route=\/wp\/v2\/pages\/2165\/revisions\/2232"}],"up":[{"embeddable":true,"href":"https:\/\/impulzus-pszichologia.hu\/index.php?rest_route=\/wp\/v2\/pages\/1378"}],"wp:attachment":[{"href":"https:\/\/impulzus-pszichologia.hu\/index.php?rest_route=%2Fwp%2Fv2%2Fmedia&parent=2165"}],"curies":[{"name":"wp","href":"https:\/\/api.w.org\/{rel}","templated":true}]}}