{"id":2193,"date":"2023-12-11T17:23:03","date_gmt":"2023-12-11T17:23:03","guid":{"rendered":"https:\/\/www.pszich.u-szeged.hu\/impulzus\/?page_id=2193"},"modified":"2023-12-11T17:23:03","modified_gmt":"2023-12-11T17:23:03","slug":"halalfelelem-a-foglalkozas-tukreben","status":"publish","type":"page","link":"https:\/\/impulzus-pszichologia.hu\/?page_id=2193","title":{"rendered":"Hal\u00e1lf\u00e9lelem a foglalkoz\u00e1s t\u00fckr\u00e9ben"},"content":{"rendered":"\n<h2 class=\"wp-block-heading\"><strong><strong>Hal\u00e1lf\u00e9lelem a foglalkoz\u00e1s t\u00fckr\u00e9ben<\/strong><\/strong><\/h2>\n\n\n\n<figure class=\"wp-block-image alignright is-resized\"><a href=\"http:\/\/www.impulzus-pszichologia.hu\/wp-content\/uploads\/2023\/12\/4-toth-simon-zambori.pdf\"><img loading=\"lazy\" decoding=\"async\" width=\"256\" height=\"256\" src=\"http:\/\/www.impulzus-pszichologia.hu\/wp-content\/uploads\/2014\/09\/pdf-icon.png\" alt=\"pdf-icon\" class=\"wp-image-1684\" style=\"width:80px\" srcset=\"https:\/\/impulzus-pszichologia.hu\/wp-content\/uploads\/2014\/09\/pdf-icon.png 256w, https:\/\/impulzus-pszichologia.hu\/wp-content\/uploads\/2014\/09\/pdf-icon-150x150.png 150w\" sizes=\"(max-width: 256px) 100vw, 256px\" \/><\/a><\/figure>\n\n\n\n<p><strong><strong>T\u00f3th Vikt\u00f3ria<\/strong><sup>1<\/sup><strong>, Simon-Z\u00e1mbori Petra<\/strong><sup>2<\/sup><\/strong><br><\/p>\n\n\n\n<p><sup>1 <\/sup>SZTE BTK Pszichol\u00f3giai Int\u00e9zet, tothviktoria12@gmail.com; <sup>2 <\/sup>SZTE BTK Pszichol\u00f3giai Int\u00e9zet<\/p>\n\n\n\n<p>A kutat\u00e1s c\u00e9lja felt\u00e1rni a hal\u00e1lf\u00e9lelem m\u00e9rt\u00e9k\u00e9t az eg\u00e9szs\u00e9g\u00fcgyi dolgoz\u00f3k \u00e9s a rendv\u00e9delmi szervek hivat\u00e1sos tagjainak k\u00f6r\u00e9ben, egy \u201ecivil\u201d kontrollcsoporttal \u00f6sszehasonl\u00edtva. A minta elemsz\u00e1ma 500 f\u0151 volt, ebb\u0151l 272 f\u0151 a rendv\u00e9delmi szervek hivat\u00e1sos \u00e1llom\u00e1ny\u00fa tagja, 141 f\u0151 eg\u00e9szs\u00e9g\u00fcgyi dolgoz\u00f3 \u00e9s 87 f\u0151 a kontroll csoportba sorolt vizsg\u00e1lati szem\u00e9ly. Az\u00a0 eredm\u00e9nyek csup\u00e1n r\u00e9szben mutattak \u00f6sszef\u00fcgg\u00e9st a kor\u00e1bbi vizsg\u00e1latokban nyert eredm\u00e9nyekkel. Az els\u0151 hipot\u00e9zis\u00fcnk, mely szerint a \u201ecivil\u201d foglalkoz\u00e1s\u00faak nagyobb m\u00e9rt\u00e9k\u0171 hal\u00e1lf\u00e9lelmet tan\u00fas\u00edtanak, csak a Neimeyer \u00e9s Moore\u2013f\u00e9le Multidimenzion\u00e1lis Hal\u00e1lf\u00e9lelem Sk\u00e1la vonatkoz\u00e1s\u00e1ban ker\u00fclt al\u00e1t\u00e1maszt\u00e1sra, azonban a Lester Hal\u00e1l Ir\u00e1nti Attit\u0171d Sk\u00e1l\u00e1n a rendv\u00e9delmi \u00e1llom\u00e1ny \u00e9rt el magasabb pontsz\u00e1mot. A kutat\u00e1s eredm\u00e9nyei hozz\u00e1j\u00e1rulhatnak prevent\u00edv jelleg\u0171, ter\u00e1pi\u00e1s vagy rehabilit\u00e1ci\u00f3s strat\u00e9gi\u00e1k kidolgoz\u00e1s\u00e1hoz a rendv\u00e9delmi \u00e9s eg\u00e9szs\u00e9g\u00fcgyi dolgoz\u00f3k k\u00f6r\u00e9ben, akik\u00a0\u00a0 foglalkoz\u00e1suk term\u00e9szet\u00e9b\u0151l fakad\u00f3an \u00e9s a magas fok\u00fa ment\u00e1lis megterhel\u00e9s k\u00f6vetkezt\u00e9ben fokozottan vesz\u00e9lyeztetettek a ment\u00e1lis eg\u00e9szs\u00e9g szempontj\u00e1b\u00f3l.<\/p>\n\n\n\n<p><strong>Kulcsszavak<\/strong>: hal\u00e1lf\u00e9lelem, foglalkoz\u00e1s, eg\u00e9szs\u00e9g\u00fcgy, rendv\u00e9delem<\/p>\n\n\n<p>[hr\/]<\/p>\n\n\n\n<h3 class=\"wp-block-heading\">English abstract<\/h3>\n\n\n\n<p><strong><strong><strong>Fear of death in respective occupations<\/strong><\/strong><\/strong><\/p>\n\n\n\n<p>The research aims to explore the extent of fear of death among healthcare workers and members of law enforcement compared to a &#8222;civilian&#8221; control group. The sample (<em>N<\/em> = 500) consisted of 272 members of law enforcement, 141 healthcare workers, and 87 people in civilian occupations. The results were only partially correlated with the ones obtained in previous studies. Our first hypothesis, that people in civilian occupations would have a higher fear of death, was only confirmed for the Neimeyer and Moore Multidimensional Fear of Death Scale, but members of law enforcement scored higher on the Lester Attitude Toward Death Scale. The results of this study may contribute to the development of preventive, therapeutic, or rehabilitative strategies for members of law enforcement and healthcare workers who, due to the nature of their occupation and the high level of mental stress, are at increased risk of mental health problems.<\/p>\n\n\n\n<p><strong>Keywords<\/strong>: fear of death, occupation, healthcare, law enforcement<\/p>\n\n\n\n<p><a href=\"https:\/\/www.impulzus-pszichologia.hu\/?page_id=2165\" data-type=\"page\" data-id=\"2165\">\u00ab Vissza a tartalomjegyz\u00e9khez<\/a><\/p>\n","protected":false},"excerpt":{"rendered":"<p>Hal\u00e1lf\u00e9lelem a foglalkoz\u00e1s t\u00fckr\u00e9ben T\u00f3th Vikt\u00f3ria1, Simon-Z\u00e1mbori Petra2 1 SZTE BTK Pszichol\u00f3giai Int\u00e9zet, tothviktoria12@gmail.com; 2 SZTE BTK Pszichol\u00f3giai Int\u00e9zet A kutat\u00e1s c\u00e9lja felt\u00e1rni a hal\u00e1lf\u00e9lelem m\u00e9rt\u00e9k\u00e9t az eg\u00e9szs\u00e9g\u00fcgyi dolgoz\u00f3k \u00e9s a rendv\u00e9delmi szervek hivat\u00e1sos tagjainak k\u00f6r\u00e9ben, egy \u201ecivil\u201d kontrollcsoporttal \u00f6sszehasonl\u00edtva. A minta elemsz\u00e1ma 500 f\u0151 volt, ebb\u0151l 272 f\u0151 a rendv\u00e9delmi szervek hivat\u00e1sos \u00e1llom\u00e1ny\u00fa tagja, [&hellip;]<\/p>\n","protected":false},"author":1,"featured_media":0,"parent":2165,"menu_order":0,"comment_status":"closed","ping_status":"closed","template":"template_fullwidth.php","meta":{"footnotes":""},"_links":{"self":[{"href":"https:\/\/impulzus-pszichologia.hu\/index.php?rest_route=\/wp\/v2\/pages\/2193"}],"collection":[{"href":"https:\/\/impulzus-pszichologia.hu\/index.php?rest_route=\/wp\/v2\/pages"}],"about":[{"href":"https:\/\/impulzus-pszichologia.hu\/index.php?rest_route=\/wp\/v2\/types\/page"}],"author":[{"embeddable":true,"href":"https:\/\/impulzus-pszichologia.hu\/index.php?rest_route=\/wp\/v2\/users\/1"}],"replies":[{"embeddable":true,"href":"https:\/\/impulzus-pszichologia.hu\/index.php?rest_route=%2Fwp%2Fv2%2Fcomments&post=2193"}],"version-history":[{"count":1,"href":"https:\/\/impulzus-pszichologia.hu\/index.php?rest_route=\/wp\/v2\/pages\/2193\/revisions"}],"predecessor-version":[{"id":2194,"href":"https:\/\/impulzus-pszichologia.hu\/index.php?rest_route=\/wp\/v2\/pages\/2193\/revisions\/2194"}],"up":[{"embeddable":true,"href":"https:\/\/impulzus-pszichologia.hu\/index.php?rest_route=\/wp\/v2\/pages\/2165"}],"wp:attachment":[{"href":"https:\/\/impulzus-pszichologia.hu\/index.php?rest_route=%2Fwp%2Fv2%2Fmedia&parent=2193"}],"curies":[{"name":"wp","href":"https:\/\/api.w.org\/{rel}","templated":true}]}}