{"id":2214,"date":"2023-12-11T17:52:40","date_gmt":"2023-12-11T17:52:40","guid":{"rendered":"https:\/\/www.pszich.u-szeged.hu\/impulzus\/?page_id=2214"},"modified":"2023-12-11T17:52:40","modified_gmt":"2023-12-11T17:52:40","slug":"a-mentalis-betegsegek-neme","status":"publish","type":"page","link":"https:\/\/impulzus-pszichologia.hu\/?page_id=2214","title":{"rendered":"A ment\u00e1lis betegs\u00e9gek neme"},"content":{"rendered":"\n<p><strong><strong><strong>A ment\u00e1lis betegs\u00e9gek neme<\/strong><\/strong><\/strong><\/p>\n\n\n\n<figure class=\"wp-block-image alignright is-resized\"><a href=\"http:\/\/www.impulzus-pszichologia.hu\/wp-content\/uploads\/2023\/12\/9-toronyi-szabo-lantos.pdf\"><img loading=\"lazy\" decoding=\"async\" width=\"256\" height=\"256\" src=\"http:\/\/www.impulzus-pszichologia.hu\/wp-content\/uploads\/2014\/09\/pdf-icon.png\" alt=\"pdf-icon\" class=\"wp-image-1684\" style=\"width:80px\" srcset=\"https:\/\/impulzus-pszichologia.hu\/wp-content\/uploads\/2014\/09\/pdf-icon.png 256w, https:\/\/impulzus-pszichologia.hu\/wp-content\/uploads\/2014\/09\/pdf-icon-150x150.png 150w\" sizes=\"(max-width: 256px) 100vw, 256px\" \/><\/a><\/figure>\n\n\n\n<p><strong><strong><strong><strong><strong><strong><strong>Toronyi Aliz<sup>1<\/sup>, Lantos N\u00f3ra<sup>1<\/sup>, Szab\u00f3 Zsolt P\u00e9ter<sup>2<\/sup><\/strong><\/strong><\/strong><\/strong><\/strong><\/strong><\/strong><br><\/p>\n\n\n\n<p><sup>1<\/sup>E\u00f6tv\u00f6s Lor\u00e1nd Tudom\u00e1nyegyetem PPK PPI; <sup>2<\/sup>Budapesti M\u0171szaki \u00e9s Gazdas\u00e1gtudom\u00e1nyi Egyetem Ergon\u00f3mia \u00e9s Pszichol\u00f3gia Tansz\u00e9k<\/p>\n\n\n\n<p>Kutat\u00e1sunk vizsg\u00e1lat\u00e1nak t\u00e1rgya a nemi sztereot\u00edpi\u00e1k hat\u00e1sa a ment\u00e1lis betegeket \u00e9r\u0151 stigmatiz\u00e1ci\u00f3ra. K\u00e9t kor\u00e1bbi megk\u00f6zel\u00edt\u00e9se l\u00e9tezik a t\u00e9m\u00e1nak, az els\u0151 elk\u00e9pzel\u00e9s interakci\u00f3s hat\u00e1st felt\u00e9telez a nem \u00e9s a betegs\u00e9g k\u00f6z\u00f6tt, amely alapj\u00e1n tipikus \u00e9s atipikus mint\u00e1zatok k\u00fcl\u00f6n\u00edthet\u0151ek el. A m\u00e1sodik szerint a f\u00e9rfiasnak \u00e9szlelt betegs\u00e9gs\u00e9gekkel k\u00fczd\u0151 betegek r\u00e9szes\u00fclnek nagyobb stigmatiz\u00e1ci\u00f3ban. Vizsg\u00e1latunk mindk\u00e9t megk\u00f6zel\u00edt\u00e9st tesztelte, kieg\u00e9sz\u00edtve az el\u0151\u00edt\u00e9letess\u00e9g f\u00e9rfi \u00e9s n\u0151i kit\u00f6lt\u0151k k\u00f6z\u00f6tt felt\u00e9telezett k\u00fcl\u00f6nbs\u00e9gs\u00e9geinek a vizsg\u00e1lat\u00e1val. Online k\u00eds\u00e9rletet v\u00e9gezt\u00fcnk, ahol egy ment\u00e1lis betegr\u0151l sz\u00f3l\u00f3 vignetta sz\u00f6veg\u00e9nek manipul\u00e1l\u00e1s\u00e1val (amely a nem \u00e9s a betegs\u00e9g v\u00e1ltoz\u00f3kat vari\u00e1lta) \u00e9rt\u00fck el a n\u00e9gy k\u00fcl\u00f6nb\u00f6z\u0151 k\u00eds\u00e9rleti felt\u00e9tel egyik\u00e9be sorol\u00e1st, majd arra k\u00e9rt\u00fck a kit\u00f6lt\u0151ket (n=501), hogy v\u00e1laszoljanak a t\u00f6rt\u00e9netben szerepl\u0151 szem\u00e9llyel kapcsolatban n\u00e9h\u00e1ny k\u00e9rd\u00e9sre, amelyek a stigmatiz\u00e1ci\u00f3 m\u00e9r\u00e9s\u00e9re szolg\u00e1ltak (t\u00e1rsadalmi t\u00e1vols\u00e1gtart\u00e1s, attrib\u00faci\u00f3k). Eredm\u00e9nyeink alapj\u00e1n a betegs\u00e9g \u00e9szlelt f\u00e9rfiass\u00e1ga van els\u0151dleges hat\u00e1ssal a ment\u00e1lis betegeket \u00e9r\u0151 stigmatiz\u00e1ci\u00f3ra, m\u00edg a betegs\u00e9g \u00e9s nemi sztereot\u00edpi\u00e1k \u00f6sszeill\u00e9se nem mutatott ilyen er\u0151s hat\u00e1st. A negat\u00edv attrib\u00faci\u00f3k eset\u00e9n azonban a f\u00e9rfiak hajlamosabbak voltak negat\u00edv el\u0151\u00edt\u00e9letekkel fordulni a tipikus p\u00e1ros\u00edt\u00e1ssal \u00e9l\u0151 betegek fel\u00e9, \u00edgy nem vethet\u0151 el teljesen az interakci\u00f3t felt\u00e9telez\u0151 modell sem. A k\u00fcl\u00f6nbs\u00e9g egy lehets\u00e9ges magyar\u00e1zata a ment\u00e1lis zavarok kialakul\u00e1s\u00e1ban tulajdon\u00edtott felel\u0151ss\u00e9g elt\u00e9r\u0151 mivolta.<\/p>\n\n\n\n<p><strong>Kulcsszavak<\/strong>: ment\u00e1lis betegs\u00e9gek, depresszi\u00f3, alkoholizmus, stigma, nemi sztereot\u00edpi\u00e1k<\/p>\n\n\n<p>[hr\/]<\/p>\n\n\n\n<h3 class=\"wp-block-heading\">English abstract<\/h3>\n\n\n\n<p><strong><strong><strong>The gender of mental illnesses<\/strong><\/strong><\/strong><\/p>\n\n\n\n<p>Our research aimed to study the impact of gender stereotypes on the stigmatization of the mentally ill. There are two main previous approaches to this topic. The first assumes an interaction effect between gender and mental illness, thus creating typical and atypical pairings. According to the second theory, patients with diseases perceived as masculine receive greater stigmatization. Our research tested both approaches, as well as the presumed differences in prejudice between male and female respondents. We conducted an online experiment by manipulating a short story (vignette) about a mentally ill person (by the variation of the gender and the illness variables). This way every participant was cast into one of four groups (experimental conditions). We asked the respondents (n=501) to answer questions about the person in the story, which were used to measure stigmatization (social distancing, attributions). The results indicate that the perceived masculinity of the disease has a primary effect on the stigmatization of mental patients, while the combination of the disease and gender stereotypes did not show such a strong effect. However, men were more inclined to have negative prejudices towards patients living with a typical pairing only in variable negative attributions). Consequently, the first model (interaction between mental illness and gender) cannot be completely rejected either. A possible explanation for this phenomenon is the different levels of perceived responsibility in the development of mental disorders.<\/p>\n\n\n\n<p><strong>Keywords<\/strong>: mental illness, depression, alcoholism, stigma, gender stereotypes<\/p>\n\n\n\n<p><a href=\"https:\/\/www.impulzus-pszichologia.hu\/?page_id=2165\" data-type=\"page\" data-id=\"2165\">\u00ab Vissza a tartalomjegyz\u00e9khez<\/a><\/p>\n","protected":false},"excerpt":{"rendered":"<p>A ment\u00e1lis betegs\u00e9gek neme Toronyi Aliz1, Lantos N\u00f3ra1, Szab\u00f3 Zsolt P\u00e9ter2 1E\u00f6tv\u00f6s Lor\u00e1nd Tudom\u00e1nyegyetem PPK PPI; 2Budapesti M\u0171szaki \u00e9s Gazdas\u00e1gtudom\u00e1nyi Egyetem Ergon\u00f3mia \u00e9s Pszichol\u00f3gia Tansz\u00e9k Kutat\u00e1sunk vizsg\u00e1lat\u00e1nak t\u00e1rgya a nemi sztereot\u00edpi\u00e1k hat\u00e1sa a ment\u00e1lis betegeket \u00e9r\u0151 stigmatiz\u00e1ci\u00f3ra. K\u00e9t kor\u00e1bbi megk\u00f6zel\u00edt\u00e9se l\u00e9tezik a t\u00e9m\u00e1nak, az els\u0151 elk\u00e9pzel\u00e9s interakci\u00f3s hat\u00e1st felt\u00e9telez a nem \u00e9s a betegs\u00e9g k\u00f6z\u00f6tt, [&hellip;]<\/p>\n","protected":false},"author":1,"featured_media":0,"parent":2165,"menu_order":0,"comment_status":"closed","ping_status":"closed","template":"template_fullwidth.php","meta":{"footnotes":""},"_links":{"self":[{"href":"https:\/\/impulzus-pszichologia.hu\/index.php?rest_route=\/wp\/v2\/pages\/2214"}],"collection":[{"href":"https:\/\/impulzus-pszichologia.hu\/index.php?rest_route=\/wp\/v2\/pages"}],"about":[{"href":"https:\/\/impulzus-pszichologia.hu\/index.php?rest_route=\/wp\/v2\/types\/page"}],"author":[{"embeddable":true,"href":"https:\/\/impulzus-pszichologia.hu\/index.php?rest_route=\/wp\/v2\/users\/1"}],"replies":[{"embeddable":true,"href":"https:\/\/impulzus-pszichologia.hu\/index.php?rest_route=%2Fwp%2Fv2%2Fcomments&post=2214"}],"version-history":[{"count":1,"href":"https:\/\/impulzus-pszichologia.hu\/index.php?rest_route=\/wp\/v2\/pages\/2214\/revisions"}],"predecessor-version":[{"id":2215,"href":"https:\/\/impulzus-pszichologia.hu\/index.php?rest_route=\/wp\/v2\/pages\/2214\/revisions\/2215"}],"up":[{"embeddable":true,"href":"https:\/\/impulzus-pszichologia.hu\/index.php?rest_route=\/wp\/v2\/pages\/2165"}],"wp:attachment":[{"href":"https:\/\/impulzus-pszichologia.hu\/index.php?rest_route=%2Fwp%2Fv2%2Fmedia&parent=2214"}],"curies":[{"name":"wp","href":"https:\/\/api.w.org\/{rel}","templated":true}]}}