{"id":2261,"date":"2025-01-07T10:02:35","date_gmt":"2025-01-07T10:02:35","guid":{"rendered":"https:\/\/impulzus-pszichologia.hu\/?page_id=2261"},"modified":"2025-01-07T10:15:29","modified_gmt":"2025-01-07T10:15:29","slug":"a-let-es-a-panik","status":"publish","type":"page","link":"https:\/\/impulzus-pszichologia.hu\/?page_id=2261","title":{"rendered":"A L\u00c9T \u00c9S A P\u00c1NIK"},"content":{"rendered":"\n<h2 class=\"wp-block-heading has-large-font-size\"><strong><strong>AZ EGZISZTENCI\u00c1LIS SZORONG\u00c1SOK KAPCSOLATA A P\u00c1NIKROHAMOKKAL A K\u00d6T\u0150D\u00c9S, A KONTROLLHELY \u00c9S A VON\u00c1SSZORONG\u00c1S VONATKOZ\u00c1S\u00c1BAN<\/strong><\/strong><\/h2>\n\n\n\n<figure class=\"wp-block-image alignright is-resized\"><a href=\"https:\/\/impulzus-pszichologia.hu\/wp-content\/uploads\/2025\/01\/01-dobi.pdf\"><img loading=\"lazy\" decoding=\"async\" width=\"256\" height=\"256\" src=\"http:\/\/www.impulzus-pszichologia.hu\/wp-content\/uploads\/2014\/09\/pdf-icon.png\" alt=\"pdf-icon\" class=\"wp-image-1684\" style=\"width:80px\" srcset=\"https:\/\/impulzus-pszichologia.hu\/wp-content\/uploads\/2014\/09\/pdf-icon.png 256w, https:\/\/impulzus-pszichologia.hu\/wp-content\/uploads\/2014\/09\/pdf-icon-150x150.png 150w\" sizes=\"(max-width: 256px) 100vw, 256px\" \/><\/a><\/figure>\n\n\n\n<p><strong>Dobi Barka\u00b9, Nagy L\u00e1szl\u00f3\u00b9<\/strong><\/p>\n\n\n\n<p>\u00b9P\u00e9csi Tudom\u00e1nyegyetem BTK Pszichol\u00f3gia Int\u00e9zet,<\/p>\n\n\n\n<p class=\"has-text-color has-link-color wp-elements-e08989d54ca507c8b1099464f864f109\" style=\"color:#0051e9\"><a href=\"mailto:akrabibod@gmail.com\">akrabibod@gmail.com<\/a><\/p>\n\n\n\n<p>Az egzisztencialista filoz\u00f3fi\u00e1ban gy\u00f6kerez\u0151 fogalmak \u00e9s szorong\u00e1s koncepci\u00f3k a pszichol\u00f3giai elm\u00e9letek r\u00e9sz\u00e9v\u00e9 v\u00e1ltak. Erre t\u00e1maszkodva a kutat\u00e1sunkban arra a k\u00e9rd\u00e9sre kerest\u00fck a v\u00e1laszt, hogy az egzisztenci\u00e1lis szorong\u00e1sok hogyan kapcsol\u00f3dnak a p\u00e1nikrohamokhoz, \u00e9s milyen helyet kapnak a p\u00e1nik \u00e9szlelt s\u00falyoss\u00e1g\u00e1nak magyar\u00e1zat\u00e1ban a k\u00f6t\u0151d\u00e9s, a von\u00e1sszorong\u00e1s \u00e9s a kontrollhely attit\u0171d mellett. Egy online k\u00e9rd\u0151\u00edvcsomagot \u00e1ll\u00edtottunk \u00f6ssze, amelyet 162 f\u0151 t\u00f6lt\u00f6tt ki, k\u00f6z\u00fcl\u00fck 73 f\u0151 \u00e9lt \u00e1t kor\u00e1bban p\u00e1nikrohamot, m\u00edg 89 f\u0151 a kontrollcsoportot alkotta. A k\u00e9rd\u0151\u00edvcsomagban az egzisztenci\u00e1lis szorong\u00e1sokat az ECQ, a von\u00e1sszorong\u00e1st a STAI-T, a k\u00f6t\u0151d\u00e9st az ECR-R, a kontrollhely attit\u0171d\u00f6t a Levenson-f\u00e9le LC k\u00e9rd\u0151\u00edvvel m\u00e9rt\u00fck. A p\u00e1nik \u00e9szlelt s\u00falyoss\u00e1g\u00e1nak m\u00e9r\u00e9s\u00e9re a PDSS-t (Panic Disorder Severity Scale) alapul v\u00e9ve egy h\u00e9t t\u00e9teles sk\u00e1l\u00e1t hoztunk l\u00e9tre. Az adatokat statisztikai elemz\u00e9snek vetett\u00fck al\u00e1, amely alapj\u00e1n a p\u00e1nikrohamot \u00e1t\u00e9lt szem\u00e9lyeket kev\u00e9sb\u00e9 biztons\u00e1gos k\u00f6t\u0151d\u00e9s, alacsonyabb bels\u0151 kontroll \u00e9s magasabb k\u00fcls\u0151 kontroll, illetve er\u0151teljesebb egzisztenci\u00e1lis \u00e9s von\u00e1sszorong\u00e1s jellemezte szemben a kontrollszem\u00e9lyekkel. A p\u00e1nik szubjekt\u00edv s\u00falyoss\u00e1g\u00e1nak hierarchikusan fel\u00e9p\u00edtett magyar\u00e1z\u00f3 modellj\u00e9ben az egzisztenci\u00e1lis \u00e9s von\u00e1sszorong\u00e1s volt meghat\u00e1roz\u00f3 prediktor, azonban az egzisztenci\u00e1lis szorong\u00e1s hat\u00e1s\u00e1t a bels\u0151 kontroll attit\u0171d k\u00e9pes volt moder\u00e1lni. Az eredm\u00e9nyeink nagyr\u00e9szt igazolt\u00e1k hipot\u00e9ziseinket, \u00e9s al\u00e1t\u00e1masztott\u00e1k a kor\u00e1bbi kutat\u00e1sok eredm\u00e9nyeit, azonban a kev\u00e9sb\u00e9 felt\u00e1rt k\u00e9rd\u00e9sk\u00f6r komplex jellege miatt kvalitat\u00edv kutat\u00e1sok seg\u00edthetn\u00e9nek a j\u00f6v\u0151ben az \u00f6sszef\u00fcgg\u00e9sek meg\u00e9rt\u00e9s\u00e9ben.<\/p>\n\n\n\n<p><strong>Kulcsszavak<\/strong>: egzisztenci\u00e1lis szorong\u00e1s, p\u00e1nikroham, kontrollhely, k\u00f6t\u0151d\u00e9s, von\u00e1sszorong\u00e1s<\/p>\n\n\n\n<hr class=\"wp-block-separator has-alpha-channel-opacity\"\/>\n\n\n\n<p><a href=\"https:\/\/www.impulzus-pszichologia.hu\/?page_id=2269\" data-type=\"page\" data-id=\"2165\">\u00ab Vissza a tartalomjegyz\u00e9khez<\/a><\/p>\n","protected":false},"excerpt":{"rendered":"<p>AZ EGZISZTENCI\u00c1LIS SZORONG\u00c1SOK KAPCSOLATA A P\u00c1NIKROHAMOKKAL A K\u00d6T\u0150D\u00c9S, A KONTROLLHELY \u00c9S A VON\u00c1SSZORONG\u00c1S VONATKOZ\u00c1S\u00c1BAN Dobi Barka\u00b9, Nagy L\u00e1szl\u00f3\u00b9 \u00b9P\u00e9csi Tudom\u00e1nyegyetem BTK Pszichol\u00f3gia Int\u00e9zet, akrabibod@gmail.com Az egzisztencialista filoz\u00f3fi\u00e1ban gy\u00f6kerez\u0151 fogalmak \u00e9s szorong\u00e1s koncepci\u00f3k a pszichol\u00f3giai elm\u00e9letek r\u00e9sz\u00e9v\u00e9 v\u00e1ltak. Erre t\u00e1maszkodva a kutat\u00e1sunkban arra a k\u00e9rd\u00e9sre kerest\u00fck a v\u00e1laszt, hogy az egzisztenci\u00e1lis szorong\u00e1sok hogyan kapcsol\u00f3dnak a p\u00e1nikrohamokhoz, [&hellip;]<\/p>\n","protected":false},"author":1,"featured_media":0,"parent":2269,"menu_order":0,"comment_status":"closed","ping_status":"closed","template":"","meta":{"footnotes":""},"_links":{"self":[{"href":"https:\/\/impulzus-pszichologia.hu\/index.php?rest_route=\/wp\/v2\/pages\/2261"}],"collection":[{"href":"https:\/\/impulzus-pszichologia.hu\/index.php?rest_route=\/wp\/v2\/pages"}],"about":[{"href":"https:\/\/impulzus-pszichologia.hu\/index.php?rest_route=\/wp\/v2\/types\/page"}],"author":[{"embeddable":true,"href":"https:\/\/impulzus-pszichologia.hu\/index.php?rest_route=\/wp\/v2\/users\/1"}],"replies":[{"embeddable":true,"href":"https:\/\/impulzus-pszichologia.hu\/index.php?rest_route=%2Fwp%2Fv2%2Fcomments&post=2261"}],"version-history":[{"count":3,"href":"https:\/\/impulzus-pszichologia.hu\/index.php?rest_route=\/wp\/v2\/pages\/2261\/revisions"}],"predecessor-version":[{"id":2279,"href":"https:\/\/impulzus-pszichologia.hu\/index.php?rest_route=\/wp\/v2\/pages\/2261\/revisions\/2279"}],"up":[{"embeddable":true,"href":"https:\/\/impulzus-pszichologia.hu\/index.php?rest_route=\/wp\/v2\/pages\/2269"}],"wp:attachment":[{"href":"https:\/\/impulzus-pszichologia.hu\/index.php?rest_route=%2Fwp%2Fv2%2Fmedia&parent=2261"}],"curies":[{"name":"wp","href":"https:\/\/api.w.org\/{rel}","templated":true}]}}