{"id":2285,"date":"2025-01-07T10:13:04","date_gmt":"2025-01-07T10:13:04","guid":{"rendered":"https:\/\/impulzus-pszichologia.hu\/?page_id=2285"},"modified":"2025-01-07T10:15:10","modified_gmt":"2025-01-07T10:15:10","slug":"eveszavarok-es-a-kozossegi-media","status":"publish","type":"page","link":"https:\/\/impulzus-pszichologia.hu\/?page_id=2285","title":{"rendered":"EV\u00c9SZAVAROK \u00c9S A K\u00d6Z\u00d6SS\u00c9GI M\u00c9DIA"},"content":{"rendered":"\n<h2 class=\"wp-block-heading has-large-font-size\"><strong><strong><strong><strong>A K\u00d6Z\u00d6SS\u00c9GI M\u00c9DIA HAT\u00c1SA AZ EV\u00c9SZAVAROKRA \u00c9S A KAPCSOL\u00d3D\u00d3 TESTK\u00c9PZAVARRA<\/strong><\/strong><\/strong><\/strong><\/h2>\n\n\n\n<figure class=\"wp-block-image alignright is-resized\"><a href=\"https:\/\/impulzus-pszichologia.hu\/wp-content\/uploads\/2025\/01\/03-nemeth.pdf\"><img loading=\"lazy\" decoding=\"async\" width=\"256\" height=\"256\" src=\"http:\/\/www.impulzus-pszichologia.hu\/wp-content\/uploads\/2014\/09\/pdf-icon.png\" alt=\"pdf-icon\" class=\"wp-image-1684\" style=\"width:80px\" srcset=\"https:\/\/impulzus-pszichologia.hu\/wp-content\/uploads\/2014\/09\/pdf-icon.png 256w, https:\/\/impulzus-pszichologia.hu\/wp-content\/uploads\/2014\/09\/pdf-icon-150x150.png 150w\" sizes=\"(max-width: 256px) 100vw, 256px\" \/><\/a><\/figure>\n\n\n\n<p><strong><strong><strong>N\u00e9meth Gerda<\/strong><\/strong><\/strong><\/p>\n\n\n\n<p>SZTE BTK Pszichol\u00f3gia Int\u00e9zet<\/p>\n\n\n\n<p class=\"has-text-color has-link-color wp-elements-5fa15287582671b423f567ab77a49363\" style=\"color:#0051e9\"><a href=\"mailto:gerda.nemeth97@gmail.com\">gerda.nemeth97@gmail.com<\/a><\/p>\n\n\n\n<p>A kutat\u00e1si eredm\u00e9nyek azt mutatj\u00e1k, hogy az ev\u00e9szavarok kialakul\u00e1s\u00e1ban fontos szerepet j\u00e1tszanak a biol\u00f3giai, pszichol\u00f3giai \u00e9s szociokultur\u00e1lis t\u00e9nyez\u0151k. A t\u00e1rsadalmi hat\u00e1sok egyik legkiemelked\u0151bb ter\u00fclete a m\u00e9dia, ahol nagy hangs\u00faly helyez\u0151dik a tests\u00falyra, testalakra \u00e9s \u00e1ltal\u00e1noss\u00e1gba v\u00e9ve a k\u00fcls\u0151re. Kutat\u00e1som c\u00e9lja az volt, hogy felt\u00e9rk\u00e9pezzem a k\u00f6z\u00f6ss\u00e9gim\u00e9dia-haszn\u00e1lat \u00e9s az ev\u00e9szavarok k\u00f6z\u00f6tti kapcsolatot, k\u00fcl\u00f6n\u00f6s tekintettel az ev\u00e9szavarok egyik magt\u00fcnet\u00e9re, a testk\u00e9pzavarra. A kutat\u00e1s online t\u00e9rben zajlott egy ott el\u00e9rhet\u0151, hozz\u00e1f\u00e9r\u00e9s alap\u00fa k\u00e9rd\u0151\u00edvcsomag seg\u00edts\u00e9g\u00e9vel, melyet b\u00e1rki kit\u00f6lthetett, aki bet\u00f6lt\u00f6tte 18. \u00e9let\u00e9v\u00e9t. \u00d6sszesen 122 f\u0151 vett r\u00e9szt a kutat\u00e1sban (33,6% f\u00e9rfi, 66,4% n\u0151). A kutat\u00e1sban a legfiatalabb kit\u00f6lt\u0151 18 \u00e9ves, m\u00edg a legid\u0151sebb 73 \u00e9ves (<em>M <\/em>= 30,72, <em>SD <\/em>= 11,38) volt. A k\u00e9rd\u0151\u00edvcsomag tartalmazta t\u00f6bbek k\u00f6z\u00f6tt a Bergen K\u00f6z\u00f6ss\u00e9gim\u00e9dia-F\u00fcgg\u0151s\u00e9gi K\u00e9rd\u0151\u00edvet, Ev\u00e9si Zavar K\u00e9rd\u0151\u00edvet, SCOFF K\u00e9rd\u0151\u00edvet, Testi Attit\u0171d\u00f6k Tesztj\u00e9t, Vonz\u00f3s\u00e1gr\u00f3l Alkotott Hiedelmek Sk\u00e1la \u00e1tdolgozott v\u00e1ltozat\u00e1t \u00e9s az 5 t\u00e9teles WHO J\u00f3l-l\u00e9t K\u00e9rd\u0151\u00edvet, tov\u00e1bb\u00e1 demogr\u00e1fiai k\u00e9rd\u00e9seket. Eredm\u00e9nyeim alapj\u00e1n a k\u00f6z\u00f6ss\u00e9gim\u00e9dia-haszn\u00e1latnak direkt \u00e9s indirekt hat\u00e1sa volt mind az ev\u00e9szavarra, mind a testk\u00e9pzavarra utal\u00f3 t\u00fcnetekre. Ugyanakkor az \u00e9letkor nem mutatott kapcsolatot a k\u00e9t eml\u00edtett v\u00e1ltoz\u00f3val, tov\u00e1bb\u00e1 a nemek eset\u00e9ben is csak r\u00e9szben siker\u00fclt igazolni a hipot\u00e9zisem, ugyanis b\u00e1r az ev\u00e9szavarra utal\u00f3 t\u00fcnetek nem felt\u00e9tlen jelennek meg jobban n\u0151kn\u00e9l, az ev\u00e9szavarra utal\u00f3 rizik\u00f3t\u00e9nyez\u0151k igen. Az eredm\u00e9nyeimb\u0151l arra k\u00f6vetkeztethet\u00fcnk, hogy b\u00e1r sz\u00e1mos t\u00e9nyez\u0151 hat az ev\u00e9szavarok \u00e9s a testk\u00e9pzavar kialakul\u00e1s\u00e1ra, ezek k\u00f6z\u00fcl a k\u00f6z\u00f6ss\u00e9gim\u00e9dia- haszn\u00e1lat kiemelked\u0151 rizik\u00f3t\u00e9nyez\u0151 lehet, ennek vizsg\u00e1lata elengedhetetlen a prevenci\u00f3 \u00e9s a kezel\u00e9sek hat\u00e9kony fejleszt\u00e9s\u00e9hez \u00e9s kialak\u00edt\u00e1s\u00e1hoz.<\/p>\n\n\n\n<p><strong>Kulcsszavak: <\/strong>ev\u00e9szavar, testk\u00e9pzavar, k\u00f6z\u00f6ss\u00e9gim\u00e9dia-haszn\u00e1lat, rizik\u00f3t\u00e9nyez\u0151k<\/p>\n\n\n\n<hr class=\"wp-block-separator has-alpha-channel-opacity\"\/>\n\n\n\n<p><a href=\"https:\/\/www.impulzus-pszichologia.hu\/?page_id=2269\" data-type=\"page\" data-id=\"2165\">\u00ab Vissza a tartalomjegyz\u00e9khez<\/a><\/p>\n","protected":false},"excerpt":{"rendered":"<p>A K\u00d6Z\u00d6SS\u00c9GI M\u00c9DIA HAT\u00c1SA AZ EV\u00c9SZAVAROKRA \u00c9S A KAPCSOL\u00d3D\u00d3 TESTK\u00c9PZAVARRA N\u00e9meth Gerda SZTE BTK Pszichol\u00f3gia Int\u00e9zet gerda.nemeth97@gmail.com A kutat\u00e1si eredm\u00e9nyek azt mutatj\u00e1k, hogy az ev\u00e9szavarok kialakul\u00e1s\u00e1ban fontos szerepet j\u00e1tszanak a biol\u00f3giai, pszichol\u00f3giai \u00e9s szociokultur\u00e1lis t\u00e9nyez\u0151k. A t\u00e1rsadalmi hat\u00e1sok egyik legkiemelked\u0151bb ter\u00fclete a m\u00e9dia, ahol nagy hangs\u00faly helyez\u0151dik a tests\u00falyra, testalakra \u00e9s \u00e1ltal\u00e1noss\u00e1gba v\u00e9ve a k\u00fcls\u0151re. [&hellip;]<\/p>\n","protected":false},"author":1,"featured_media":0,"parent":2269,"menu_order":0,"comment_status":"closed","ping_status":"closed","template":"","meta":{"footnotes":""},"_links":{"self":[{"href":"https:\/\/impulzus-pszichologia.hu\/index.php?rest_route=\/wp\/v2\/pages\/2285"}],"collection":[{"href":"https:\/\/impulzus-pszichologia.hu\/index.php?rest_route=\/wp\/v2\/pages"}],"about":[{"href":"https:\/\/impulzus-pszichologia.hu\/index.php?rest_route=\/wp\/v2\/types\/page"}],"author":[{"embeddable":true,"href":"https:\/\/impulzus-pszichologia.hu\/index.php?rest_route=\/wp\/v2\/users\/1"}],"replies":[{"embeddable":true,"href":"https:\/\/impulzus-pszichologia.hu\/index.php?rest_route=%2Fwp%2Fv2%2Fcomments&post=2285"}],"version-history":[{"count":2,"href":"https:\/\/impulzus-pszichologia.hu\/index.php?rest_route=\/wp\/v2\/pages\/2285\/revisions"}],"predecessor-version":[{"id":2287,"href":"https:\/\/impulzus-pszichologia.hu\/index.php?rest_route=\/wp\/v2\/pages\/2285\/revisions\/2287"}],"up":[{"embeddable":true,"href":"https:\/\/impulzus-pszichologia.hu\/index.php?rest_route=\/wp\/v2\/pages\/2269"}],"wp:attachment":[{"href":"https:\/\/impulzus-pszichologia.hu\/index.php?rest_route=%2Fwp%2Fv2%2Fmedia&parent=2285"}],"curies":[{"name":"wp","href":"https:\/\/api.w.org\/{rel}","templated":true}]}}