{"id":2294,"date":"2025-01-07T10:23:09","date_gmt":"2025-01-07T10:23:09","guid":{"rendered":"https:\/\/impulzus-pszichologia.hu\/?page_id=2294"},"modified":"2025-01-07T10:23:29","modified_gmt":"2025-01-07T10:23:29","slug":"jatszani-is-engedd","status":"publish","type":"page","link":"https:\/\/impulzus-pszichologia.hu\/?page_id=2294","title":{"rendered":"\u201e&#8230;J\u00c1TSZANI IS ENGEDD&#8230;\u201d"},"content":{"rendered":"\n<p><strong>AZ APA-GYERMEK T\u00c1RSAS HELYZETBEN TAPASZTALT FLOW- \u00c9LM\u00c9NY: KAPCSOLAT A SZ\u00dcL\u0150I B\u00c1N\u00c1SM\u00d3DDAL, A HIPER\u00c9RZ\u00c9KENYS\u00c9GGEL, AZ \u00c9SZLELT APA-GYERMEK KAPCSOLATTAL \u00c9S A SZ\u00dcL\u0150I REZILIENCI\u00c1VAL<\/strong><\/p>\n\n\n\n<figure class=\"wp-block-image alignright is-resized\"><a href=\"https:\/\/impulzus-pszichologia.hu\/wp-content\/uploads\/2025\/01\/05-takacs.pdf\"><img loading=\"lazy\" decoding=\"async\" width=\"256\" height=\"256\" src=\"http:\/\/www.impulzus-pszichologia.hu\/wp-content\/uploads\/2014\/09\/pdf-icon.png\" alt=\"pdf-icon\" class=\"wp-image-1684\" style=\"width:80px\" srcset=\"https:\/\/impulzus-pszichologia.hu\/wp-content\/uploads\/2014\/09\/pdf-icon.png 256w, https:\/\/impulzus-pszichologia.hu\/wp-content\/uploads\/2014\/09\/pdf-icon-150x150.png 150w\" sizes=\"(max-width: 256px) 100vw, 256px\" \/><\/a><\/figure>\n\n\n\n<p><strong>Tak\u00e1cs Szilvia<\/strong><\/p>\n\n\n\n<p>SZTE BTK Pszichol\u00f3giai Int\u00e9zet<\/p>\n\n\n\n<p class=\"has-text-color has-link-color wp-elements-4718beaf4be0b54aabb1dd3b9c6b185d\" style=\"color:#0051e9\"><a href=\"mailto:szilv.takacs@gmail.com\">szilv.takacs@gmail.com<\/a><\/p>\n\n\n\n<p>Jelen kutat\u00e1s f\u00f3kusza az apa-gyermek k\u00f6z\u00f6s j\u00e1t\u00e9k sor\u00e1n \u00e1t\u00e9lt t\u00e1rsas flow-\u00e9lm\u00e9ny volt. Vizsg\u00e1ltam az apa saj\u00e1t gyermekkor\u00e1ban megtapasztalt sz\u00fcl\u0151i b\u00e1n\u00e1sm\u00f3d, valamint a hiper\u00e9rz\u00e9kenys\u00e9g szem\u00e9lyis\u00e9gvon\u00e1s hat\u00e1s\u00e1t az apa-gyermek k\u00f6z\u00f6s flow-\u00e9lm\u00e9nyre, tov\u00e1bb\u00e1 a t\u00e1rsas flow-\u00e9lm\u00e9ny \u00f6sszef\u00fcgg\u00e9seit az \u00e9szlelt apa-gyermek kapcsolattal \u00e9s a sz\u00fcl\u0151i rezilienci\u00e1val. 97 f\u0151 (\u00e1tlag \u00e9letkor: 37,56; SD = 5,95), 14 \u00e9vn\u00e9l fiatalabb gyermeket nevel\u0151 apa t\u00f6lt\u00f6tte ki a Flow \u00c1llapot K\u00e9rd\u0151\u00edvet (F\u00c1K), a Flow Szinkroniz\u00e1ci\u00f3 K\u00e9rd\u0151\u00edvet (FSZK), a Sz\u00fcl\u0151-gyermek kapcsolat sk\u00e1l\u00e1t (HMORS-SF), a Sz\u00fcl\u0151i Reziliencia K\u00e9rd\u0151\u00edvet (H- PREQ), a Hiper\u00e9rz\u00e9kenys\u00e9get m\u00e9r\u0151 sk\u00e1l\u00e1t (HSP-12 magyar ford\u00edt\u00e1s) \u00e9s a Sz\u00fcl\u0151i B\u00e1n\u00e1sm\u00f3d K\u00e9rd\u0151\u00edvet (H-PBI) anonim, online k\u00e9rd\u0151\u00edves kutat\u00e1sban. Az apa gyermekkor\u00e1ban megtapasztalt sz\u00fcl\u0151i b\u00e1n\u00e1sm\u00f3dnak nem volt kimutathat\u00f3 hat\u00e1sa a t\u00e1rsas flow- \u00e9lm\u00e9nyre. A hiper\u00e9rz\u00e9kenys\u00e9g szem\u00e9lyis\u00e9gvon\u00e1s, Eszt\u00e9tikai \u00e9rz\u00e9kenys\u00e9g faktor\u00e1nak szignifik\u00e1ns pozit\u00edv hat\u00e1sa volt: val\u00f3sz\u00edn\u0171s\u00edthet\u0151, hogy a magasabb eszt\u00e9tikai \u00e9rz\u00e9kenys\u00e9g\u0171 ap\u00e1k intenz\u00edvebb \u00e9s nagyobb m\u00e9rt\u00e9k\u0171 szinkroniz\u00e1ci\u00f3val j\u00e1r\u00f3 flow-\u00e9lm\u00e9nyt \u00e9lnek \u00e1t a k\u00f6z\u00f6s j\u00e1t\u00e9k sor\u00e1n. Szignifik\u00e1ns, negat\u00edv kapcsolatot tal\u00e1ltam a flow-\u00e9lm\u00e9ny \u00e9s a gyermek \u00e9szlelt dominanci\u00e1ja k\u00f6z\u00f6tt: a domin\u00e1ns gyermekek eset\u00e9ben kev\u00e9sb\u00e9 val\u00f3sz\u00edn\u0171, hogy l\u00e9trej\u00f6n az optim\u00e1lis elm\u00e9ly\u00fcl\u00e9s \u00e9s harmonikus interakci\u00f3 a j\u00e1t\u00e9k sor\u00e1n. A flow-\u00e9lm\u00e9ny \u00e9s a sz\u00fcl\u0151i reziliencia k\u00f6z\u00f6tt er\u0151s, pozit\u00edv kapcsolatot tal\u00e1ltam. A j\u00e1t\u00e9k sor\u00e1n \u00e1t\u00e9lt t\u00e1rsas flow-\u00e9lm\u00e9ny hozz\u00e1j\u00e1rulhat az apa sz\u00fcl\u0151i \u00f6nbizalm\u00e1nak \u00e9s kompetenci\u00e1j\u00e1nak n\u00f6veked\u00e9s\u00e9hez. A kutat\u00e1s gazdag\u00edtotta az apa-gyermek interakci\u00f3, a k\u00f6z\u00f6s j\u00e1t\u00e9k \u00e9s a t\u00e1rsas flow-\u00e9lm\u00e9ny hazai szakirodalm\u00e1t k\u00f6zvetlen\u00fcl az apai tapasztalatokon kereszt\u00fcl, valamint tov\u00e1bbi lehets\u00e9ges kutat\u00e1si k\u00e9rd\u00e9seket jel\u00f6lt ki.<\/p>\n\n\n\n<p><strong>Kulcsszavak<\/strong>: t\u00e1rsas flow, sz\u00fcl\u0151i b\u00e1n\u00e1sm\u00f3d, hiper\u00e9rz\u00e9kenys\u00e9g, sz\u00fcl\u0151i reziliencia, apa- gyermek kapcsolat<\/p>\n\n\n\n<p><strong>K\u00f6sz\u00f6netnyilv\u00e1n\u00edt\u00e1s<\/strong>: K\u00f6sz\u00f6netet szeretn\u00e9k mondani azoknak az ap\u00e1knak, akik a k\u00e9rd\u0151\u00edv kit\u00f6lt\u00e9s\u00e9vel hozz\u00e1j\u00e1rultak a kutat\u00e1somhoz. K\u00f6sz\u00f6n\u00f6m Dr. Csibri P\u00e9ter tan\u00e1r \u00far szakmai ir\u00e1nymutat\u00e1s\u00e1t.<\/p>\n\n\n\n<hr class=\"wp-block-separator has-alpha-channel-opacity\"\/>\n\n\n\n<p><a href=\"https:\/\/www.impulzus-pszichologia.hu\/?page_id=2269\" data-type=\"page\" data-id=\"2165\">\u00ab Vissza a tartalomjegyz\u00e9khez<\/a><\/p>\n","protected":false},"excerpt":{"rendered":"<p>AZ APA-GYERMEK T\u00c1RSAS HELYZETBEN TAPASZTALT FLOW- \u00c9LM\u00c9NY: KAPCSOLAT A SZ\u00dcL\u0150I B\u00c1N\u00c1SM\u00d3DDAL, A HIPER\u00c9RZ\u00c9KENYS\u00c9GGEL, AZ \u00c9SZLELT APA-GYERMEK KAPCSOLATTAL \u00c9S A SZ\u00dcL\u0150I REZILIENCI\u00c1VAL Tak\u00e1cs Szilvia SZTE BTK Pszichol\u00f3giai Int\u00e9zet szilv.takacs@gmail.com Jelen kutat\u00e1s f\u00f3kusza az apa-gyermek k\u00f6z\u00f6s j\u00e1t\u00e9k sor\u00e1n \u00e1t\u00e9lt t\u00e1rsas flow-\u00e9lm\u00e9ny volt. Vizsg\u00e1ltam az apa saj\u00e1t gyermekkor\u00e1ban megtapasztalt sz\u00fcl\u0151i b\u00e1n\u00e1sm\u00f3d, valamint a hiper\u00e9rz\u00e9kenys\u00e9g szem\u00e9lyis\u00e9gvon\u00e1s hat\u00e1s\u00e1t az apa-gyermek [&hellip;]<\/p>\n","protected":false},"author":1,"featured_media":0,"parent":2269,"menu_order":0,"comment_status":"closed","ping_status":"closed","template":"","meta":{"footnotes":""},"_links":{"self":[{"href":"https:\/\/impulzus-pszichologia.hu\/index.php?rest_route=\/wp\/v2\/pages\/2294"}],"collection":[{"href":"https:\/\/impulzus-pszichologia.hu\/index.php?rest_route=\/wp\/v2\/pages"}],"about":[{"href":"https:\/\/impulzus-pszichologia.hu\/index.php?rest_route=\/wp\/v2\/types\/page"}],"author":[{"embeddable":true,"href":"https:\/\/impulzus-pszichologia.hu\/index.php?rest_route=\/wp\/v2\/users\/1"}],"replies":[{"embeddable":true,"href":"https:\/\/impulzus-pszichologia.hu\/index.php?rest_route=%2Fwp%2Fv2%2Fcomments&post=2294"}],"version-history":[{"count":3,"href":"https:\/\/impulzus-pszichologia.hu\/index.php?rest_route=\/wp\/v2\/pages\/2294\/revisions"}],"predecessor-version":[{"id":2297,"href":"https:\/\/impulzus-pszichologia.hu\/index.php?rest_route=\/wp\/v2\/pages\/2294\/revisions\/2297"}],"up":[{"embeddable":true,"href":"https:\/\/impulzus-pszichologia.hu\/index.php?rest_route=\/wp\/v2\/pages\/2269"}],"wp:attachment":[{"href":"https:\/\/impulzus-pszichologia.hu\/index.php?rest_route=%2Fwp%2Fv2%2Fmedia&parent=2294"}],"curies":[{"name":"wp","href":"https:\/\/api.w.org\/{rel}","templated":true}]}}