{"id":2299,"date":"2025-01-07T10:28:02","date_gmt":"2025-01-07T10:28:02","guid":{"rendered":"https:\/\/impulzus-pszichologia.hu\/?page_id=2299"},"modified":"2025-01-07T10:28:02","modified_gmt":"2025-01-07T10:28:02","slug":"az-incelek-vizsgalata","status":"publish","type":"page","link":"https:\/\/impulzus-pszichologia.hu\/?page_id=2299","title":{"rendered":"AZ INCELEK VIZSG\u00c1LATA"},"content":{"rendered":"\n<p><strong><strong>Az incelek vizsg\u00e1lata \u00f6n\u00e9rt\u00e9kel\u00e9s\u00fck, n\u0151kkel kapcsolatos attit\u0171dj\u00fck \u00e9s feln\u0151tt k\u00f6t\u0151d\u00e9si t\u00edpusuk t\u00fckr\u00e9ben<\/strong><\/strong><\/p>\n\n\n\n<figure class=\"wp-block-image alignright is-resized\"><a href=\"https:\/\/impulzus-pszichologia.hu\/wp-content\/uploads\/2025\/01\/06-toth.pdf\"><img loading=\"lazy\" decoding=\"async\" width=\"256\" height=\"256\" src=\"http:\/\/www.impulzus-pszichologia.hu\/wp-content\/uploads\/2014\/09\/pdf-icon.png\" alt=\"pdf-icon\" class=\"wp-image-1684\" style=\"width:80px\" srcset=\"https:\/\/impulzus-pszichologia.hu\/wp-content\/uploads\/2014\/09\/pdf-icon.png 256w, https:\/\/impulzus-pszichologia.hu\/wp-content\/uploads\/2014\/09\/pdf-icon-150x150.png 150w\" sizes=\"(max-width: 256px) 100vw, 256px\" \/><\/a><\/figure>\n\n\n\n<p><strong>T\u00f3th Laura<\/strong><\/p>\n\n\n\n<p>PPKE BTK Pszichol\u00f3giai Int\u00e9zet<\/p>\n\n\n\n<p class=\"has-text-color has-link-color wp-elements-f42d12cd3b24b6f442803dd4bee1a951\" style=\"color:#0051e9\"><a href=\"mailto:lalatoth1@gmail.com\">lalatoth1@gmail.com<\/a><\/p>\n\n\n\n<p>Az elm\u00falt \u00e9vekben t\u00f6bb p\u00e9lda is volt incelek \u00e1ltal elk\u00f6vetett t\u00f6meggyilkoss\u00e1gokra, melyet szexu\u00e1lis kiel\u00e9g\u00fcletlens\u00e9g\u00fck, az elutas\u00edt\u00e1s f\u00e1jdalma \u00e9s a n\u0151k gy\u0171l\u00f6lete sz\u00edtott. A jelens\u00e9g nagy figyelmet \u00e9rdemel, \u00edgy az inceleket vizsg\u00e1lva az elm\u00falt \u00e9vekben t\u00f6bb kutat\u00e1s is napvil\u00e1got l\u00e1tott, ezek k\u00f6z\u00fcl azonban egy sem magyar mint\u00e1n k\u00e9sz\u00fclt. Kutat\u00e1som k\u00f6z\u00e9ppontj\u00e1ban az a k\u00e9rd\u00e9s \u00e1llt, hogy vizsg\u00e1lhat\u00f3-e az incelek csoportja magyar mint\u00e1n is, \u00e9s ha igen, milyen eddig ismert vagy ismeretlen jellemz\u0151kkel \u00edrhat\u00f3ak le.Kutat\u00e1somban a magyar inceleket \u00e9s nem-inceleket (N=382) vizsg\u00e1ltam szexista \u00e9s n\u0151gy\u0171l\u00f6l\u0151 hiedelmeik, \u00f6n\u00e9rt\u00e9kel\u00e9s\u00fck \u00e9s feln\u0151tt k\u00f6t\u0151d\u00e9si t\u00edpusuk t\u00fckr\u00e9ben. Emellett pedig illesztett mintav\u00e9tel seg\u00edts\u00e9g\u00e9vel \u00f6sszehasonl\u00edt\u00e1sra ker\u00fclt az incelek (N=31) \u00e9s a nem- incelek (N=35) csoportja is. A kutat\u00e1s els\u0151 fel\u00e9nek eredm\u00e9nyei szerint szignifik\u00e1ns kapcsolat \u00e1ll fenn az incel identit\u00e1ssal val\u00f3 azonosul\u00e1s \u00e9s az ellens\u00e9ges szexizmus, az internaliz\u00e1lt n\u0151gy\u0171l\u00f6let, a bizonytalan k\u00f6t\u0151d\u00e9s \u00e9s az \u00f6n\u00e9rt\u00e9kel\u00e9s k\u00f6z\u00f6tt, ut\u00f3bbi egyben prediktor v\u00e1ltoz\u00f3k\u00e9nt is azonos\u00edt\u00e1sra ker\u00fclt az internaliz\u00e1lt n\u0151gy\u0171l\u00f6lettel egy\u00fctt. A kutat\u00e1s m\u00e1sodik fel\u00e9nek eredm\u00e9nyei kimutatt\u00e1k, hogy a k\u00e9t csoport k\u00f6z\u00f6tt k\u00fcl\u00f6nbs\u00e9g fedezhet\u0151 fel minden vizsg\u00e1lt v\u00e1ltoz\u00f3t tekintve, kiv\u00e9ve a szorong\u00f3 k\u00f6t\u0151d\u00e9s eset\u00e9ben. A kapott eredm\u00e9nyekb\u0151l arra k\u00f6vetkeztethet\u00fcnk, hogy a magyar incelekre is jellemz\u0151ek azok a szexista attit\u0171d\u00f6k, a negat\u00edv \u00f6n\u00e9rt\u00e9kel\u00e9s \u00e9s a bizonytalan k\u00f6t\u0151d\u00e9s, mint a kor\u00e1bbi kutat\u00e1sokban vizsg\u00e1lt nemzetk\u00f6zi popul\u00e1ci\u00f3ra, \u00e9s ezekben k\u00fcl\u00f6nb\u00f6znek is nem-incel f\u00e9rfiakt\u00f3l. Az eredm\u00e9nyek f\u00e9ny\u00e9ben az incel identit\u00e1s, mint egyfajta megk\u00fczd\u00e9si strat\u00e9gia ker\u00fcl \u00e9rtelmez\u00e9sre.<\/p>\n\n\n\n<p><strong>Kulcsszavak<\/strong>: ambivalens szexizmus, feln\u0151tt k\u00f6t\u0151d\u00e9s, incel, internaliz\u00e1lt n\u0151gy\u0171l\u00f6let, \u00f6n\u00e9rt\u00e9kel\u00e9s<\/p>\n\n\n\n<p><strong>K\u00f6sz\u00f6netnyilv\u00e1n\u00edt\u00e1s<\/strong>: H\u00e1l\u00e1s k\u00f6sz\u00f6nettel tartozom t\u00e9mavezet\u0151mnek, Dr. Kengyel Judith Gabriell\u00e1nak, akinek t\u00fcrelme, t\u00e1mogat\u00e1sa, seg\u00edts\u00e9ge \u00e9s szakmai hozz\u00e1\u00e9rt\u00e9se n\u00e9lk\u00fcl ez a munka nem j\u00f6hetett volna l\u00e9tre.<\/p>\n\n\n\n<hr class=\"wp-block-separator has-alpha-channel-opacity\"\/>\n\n\n\n<p><a href=\"https:\/\/www.impulzus-pszichologia.hu\/?page_id=2269\" data-type=\"page\" data-id=\"2165\">\u00ab Vissza a tartalomjegyz\u00e9khez<\/a><\/p>\n","protected":false},"excerpt":{"rendered":"<p>Az incelek vizsg\u00e1lata \u00f6n\u00e9rt\u00e9kel\u00e9s\u00fck, n\u0151kkel kapcsolatos attit\u0171dj\u00fck \u00e9s feln\u0151tt k\u00f6t\u0151d\u00e9si t\u00edpusuk t\u00fckr\u00e9ben T\u00f3th Laura PPKE BTK Pszichol\u00f3giai Int\u00e9zet lalatoth1@gmail.com Az elm\u00falt \u00e9vekben t\u00f6bb p\u00e9lda is volt incelek \u00e1ltal elk\u00f6vetett t\u00f6meggyilkoss\u00e1gokra, melyet szexu\u00e1lis kiel\u00e9g\u00fcletlens\u00e9g\u00fck, az elutas\u00edt\u00e1s f\u00e1jdalma \u00e9s a n\u0151k gy\u0171l\u00f6lete sz\u00edtott. A jelens\u00e9g nagy figyelmet \u00e9rdemel, \u00edgy az inceleket vizsg\u00e1lva az elm\u00falt \u00e9vekben t\u00f6bb kutat\u00e1s [&hellip;]<\/p>\n","protected":false},"author":1,"featured_media":0,"parent":2269,"menu_order":0,"comment_status":"closed","ping_status":"closed","template":"","meta":{"footnotes":""},"_links":{"self":[{"href":"https:\/\/impulzus-pszichologia.hu\/index.php?rest_route=\/wp\/v2\/pages\/2299"}],"collection":[{"href":"https:\/\/impulzus-pszichologia.hu\/index.php?rest_route=\/wp\/v2\/pages"}],"about":[{"href":"https:\/\/impulzus-pszichologia.hu\/index.php?rest_route=\/wp\/v2\/types\/page"}],"author":[{"embeddable":true,"href":"https:\/\/impulzus-pszichologia.hu\/index.php?rest_route=\/wp\/v2\/users\/1"}],"replies":[{"embeddable":true,"href":"https:\/\/impulzus-pszichologia.hu\/index.php?rest_route=%2Fwp%2Fv2%2Fcomments&post=2299"}],"version-history":[{"count":2,"href":"https:\/\/impulzus-pszichologia.hu\/index.php?rest_route=\/wp\/v2\/pages\/2299\/revisions"}],"predecessor-version":[{"id":2301,"href":"https:\/\/impulzus-pszichologia.hu\/index.php?rest_route=\/wp\/v2\/pages\/2299\/revisions\/2301"}],"up":[{"embeddable":true,"href":"https:\/\/impulzus-pszichologia.hu\/index.php?rest_route=\/wp\/v2\/pages\/2269"}],"wp:attachment":[{"href":"https:\/\/impulzus-pszichologia.hu\/index.php?rest_route=%2Fwp%2Fv2%2Fmedia&parent=2299"}],"curies":[{"name":"wp","href":"https:\/\/api.w.org\/{rel}","templated":true}]}}